{"id":3077,"date":"2016-09-10T08:56:17","date_gmt":"2016-09-10T06:56:17","guid":{"rendered":"http:\/\/verniolle.fr\/wordpress\/?page_id=3077"},"modified":"2020-01-29T08:54:49","modified_gmt":"2020-01-29T06:54:49","slug":"diaporamas","status":"publish","type":"page","link":"https:\/\/verniolle.fr\/wordpress\/diaporamas\/","title":{"rendered":"Diaporamas"},"content":{"rendered":"<p><a href=\"https:\/\/photos.app.goo.gl\/TFhZPb4zTcZk4bsN9\" target=\"_blank\" rel=\"noopener noreferrer\">C\u00e9r\u00e9monie du 29 octobre 2019<\/a><\/p>\n<p><a href=\"https:\/\/photos.app.goo.gl\/Z6bW7QbkmLvftYBr9\" target=\"_blank\" rel=\"noopener noreferrer\">VAL &#8211; M\u00e9li M\u00e9lo 2019<\/a><\/p>\n<p><a href=\"https:\/\/photos.app.goo.gl\/4LFK7XgThB6oJ2BKA\" target=\"_blank\" rel=\"noopener noreferrer\">FESTIV&#8217;AGRI 2019 \u00e0 VERNIOLLE<\/a><\/p>\n<p><a href=\"https:\/\/photos.app.goo.gl\/kGvR9rr1YBTmvDqcA\" target=\"_blank\" rel=\"noopener noreferrer\">15 et 16 juin 2019 : Forum, Festival inter g\u00e9n\u00e9ration, C\u00e9r\u00e9monie de Fiches\u00a0<\/a><\/p>\n<p><a href=\"https:\/\/photos.app.goo.gl\/YnPV5eaNfsmTZ29a7\" target=\"_blank\" rel=\"noopener noreferrer\">D\u00e9molition partielle des anciennes \u00e9coles juin 2019<\/a><\/p>\n<p><a href=\"https:\/\/photos.app.goo.gl\/bUgBNuqYTsntq9ar7\" target=\"_blank\" rel=\"noopener noreferrer\">C\u00e9r\u00e9monie du 19 mars 2019<\/a><\/p>\n<p><a href=\"https:\/\/photos.app.goo.gl\/imVdTbDYTPukfbreA\" target=\"_blank\" rel=\"noopener noreferrer\">Festival interg\u00e9n\u00e9rationnel du 16 juin 2018<\/a><\/p>\n<p><a href=\"https:\/\/goo.gl\/photos\/CzuhMgNgrn26m3Su6\" target=\"_blank\" rel=\"noopener noreferrer\">Construction de l&#8217;\u00e9cole maternelle d\u00e9but 2017<\/a><\/p>\n<p><a href=\"https:\/\/goo.gl\/photos\/1qMZJjsN46zVbPB2A\" target=\"_blank\" rel=\"noopener noreferrer\">Visite de l&#8217;\u00e9cole \u00e9l\u00e9mentaire le 22 octobre 2016<\/a><\/p>\n<p><a href=\"https:\/\/goo.gl\/photos\/TgiYfNmj4LxrKZMg7\" target=\"_blank\" rel=\"noopener noreferrer\">Forum des Associations en septembre 2016<\/a><\/p>\n<p><a href=\"https:\/\/goo.gl\/photos\/NzHZeqhKkjPJtv5W8\" target=\"_blank\" rel=\"noopener noreferrer\">Travaux de voirie au MIED des \u00a0VIGNES<\/a><\/p>\n<p><a href=\"https:\/\/goo.gl\/photos\/boMH7XacgF6TTgF69\" target=\"_blank\" rel=\"noopener noreferrer\">Ecoles : rentr\u00e9e 2016<\/a><\/p>\n<p><a href=\"https:\/\/goo.gl\/photos\/ongc9zEkyLq9GmLu5\" target=\"_blank\" rel=\"noopener noreferrer\">18 juin 2016<\/a><\/p>\n<p><a href=\"https:\/\/goo.gl\/photos\/FP3BaXix3jRecLXM8\" target=\"_blank\" rel=\"noopener noreferrer\">Travaux \u00e9cole &#8211; mai 2016<\/a><\/p>\n<p><a href=\"https:\/\/goo.gl\/photos\/EBYyPZTMzEDyp9p67\" target=\"_blank\" rel=\"noopener noreferrer\">Tout autour du jardin &#8211; mai 2016<\/a><\/p>\n<p><a href=\"https:\/\/goo.gl\/photos\/36J2esf8K6zA3QeH7\" target=\"_blank\" rel=\"noopener noreferrer\">Avancement des travaux de l&#8217;\u00e9cole en avril 2016<\/a><\/p>\n<p><a href=\"https:\/\/goo.gl\/photos\/ofM9ScFU2KT84uaZ8\" target=\"_blank\" rel=\"noopener noreferrer\">Le 19 mars 2016<\/a><\/p>\n<p><a href=\"https:\/\/goo.gl\/photos\/M86tAbHP2rpiXyCR7\" target=\"_blank\" rel=\"noopener noreferrer\">Avancement des travaux de l&#8217;\u00e9cole\u00a0 en mars 2016<\/a><\/p>\n<p><a href=\"https:\/\/goo.gl\/photos\/pdttXZGwK4qq9QXt9\" target=\"_blank\" rel=\"noopener noreferrer\">Premi\u00e8re pierre &#8211; Ecole \u00e9l\u00e9mentaire en f\u00e9vrier 2016<\/a><\/p>\n<p><a href=\"https:\/\/goo.gl\/photos\/oHGQwiHpqj93doyP7\" target=\"_blank\" rel=\"noopener noreferrer\">Travaux 2015<\/a><\/p>\n<p><a href=\"https:\/\/goo.gl\/photos\/YDLjk5n3NhrV5xqa9\" target=\"_blank\" rel=\"noopener noreferrer\">March\u00e9 de NO\u00cbL 2015<\/a><\/p>\n<p><a href=\"https:\/\/goo.gl\/photos\/YEJWSAKYVGMEmtNn8\" target=\"_blank\" rel=\"noopener noreferrer\">Go\u00fbter de NO\u00cbL 2015<\/a><\/p>\n<p><a href=\"https:\/\/goo.gl\/photos\/iadwb2Gar25XBFdW6\" target=\"_blank\" rel=\"noopener noreferrer\">Citrouille &#8211; Novembre 2015<\/a><\/p>\n<p><a href=\"https:\/\/goo.gl\/photos\/F1humu6dJ2TbZsLV8\" target=\"_blank\" rel=\"noopener noreferrer\">Forum des Associations en septembre 2015<\/a><\/p>\n<p><a href=\"https:\/\/goo.gl\/photos\/4EcT4kr4jTM8RMeq8\" target=\"_blank\" rel=\"noopener noreferrer\">Rentr\u00e9e des classes 2015<\/a><\/p>\n<p><a href=\"https:\/\/goo.gl\/photos\/sye7vZvRSYXaFPRy9\" target=\"_blank\" rel=\"noopener noreferrer\">Autour du jardin mai 2015<\/a><\/p>\n<p><a href=\"https:\/\/goo.gl\/photos\/UZ4eVrsJFXCbEjmh7\" target=\"_blank\" rel=\"noopener noreferrer\">Square RAYNAL et SEGUELA avril 2015<\/a><\/p>\n<p><a href=\"https:\/\/goo.gl\/photos\/iH8HJTW4R12hmxjP6\" target=\"_blank\" rel=\"noopener noreferrer\">C\u00e9r\u00e9monie du 19 mars 2015<\/a><\/p>\n<p><a href=\"https:\/\/goo.gl\/photos\/YEJWSAKYVGMEmtNn8\" target=\"_blank\" rel=\"noopener noreferrer\">Go\u00fbter de No\u00ebl 2015<\/a><\/p>\n<p><a href=\"https:\/\/goo.gl\/photos\/A433cU6mWPWPrFMf6\" target=\"_blank\" rel=\"noopener noreferrer\">F\u00eate du gras 2012<\/a><\/p>\n<p><a href=\"https:\/\/goo.gl\/photos\/42xYRidk43S6HmNU7\" target=\"_blank\" rel=\"noopener noreferrer\">F\u00eate du cochon 2012<\/a><\/p>\n<p><a href=\"https:\/\/goo.gl\/photos\/S4f5xNyvZKLmEtwZ9\" target=\"_blank\" rel=\"noopener noreferrer\">F\u00eate de la musique 2010<\/a><\/p>\n<p><a href=\"https:\/\/goo.gl\/photos\/ME3qkeTmDueatwa59\" target=\"_blank\" rel=\"noopener noreferrer\">Blason 2010<\/a><\/p>\n<p><a href=\"https:\/\/goo.gl\/photos\/HU1fUiEyhW8akWAx5\" target=\"_blank\" rel=\"noopener noreferrer\">Fiches 2010<\/a><\/p>\n<p><a href=\"https:\/\/photos.app.goo.gl\/BrW9Y3jKEGJWcOEA2\" target=\"_blank\" rel=\"noopener noreferrer\">Brocante des enfants du CLAE 2010<\/a><\/p>\n<p><a href=\"https:\/\/photos.app.goo.gl\/8N8AyZeG3T0zp3DE2\" target=\"_blank\" rel=\"noopener noreferrer\">Aujourd&#8217;hui nous mangeons au restaurant 2010<\/a><\/p>\n<p><a href=\"https:\/\/photos.app.goo.gl\/aTHDyzlyFf3qed8K2\" target=\"_blank\" rel=\"noopener noreferrer\">T\u00e9l\u00e9thon et Foire au Gras 2009<\/a><\/p>\n<p><a href=\"https:\/\/photos.app.goo.gl\/2E4uzv5Lolsrrwmf1\" target=\"_blank\" rel=\"noopener noreferrer\">Nettoyage de la grange 2009<\/a><\/p>\n<p><a href=\"https:\/\/photos.app.goo.gl\/fOJDwbRWE1i33Jcw2\" target=\"_blank\" rel=\"noopener noreferrer\">Arbres (concours &#8211; exposition) 2009<\/a><\/p>\n<p><a href=\"https:\/\/photos.app.goo.gl\/zZNBqZeBOk47NJMv1\" target=\"_blank\" rel=\"noopener noreferrer\">Arbres et champignons 2009<\/a><\/p>\n<p>La suite est en construction&#8230;<\/p>\n","protected":false},"excerpt":{"rendered":"<p>C\u00e9r\u00e9monie du 29 octobre 2019 VAL &#8211; M\u00e9li M\u00e9lo 2019 FESTIV&#8217;AGRI 2019 \u00e0 VERNIOLLE 15 et 16 juin 2019 : Forum, Festival inter g\u00e9n\u00e9ration, C\u00e9r\u00e9monie de Fiches\u00a0 D\u00e9molition partielle des anciennes \u00e9coles juin 2019 C\u00e9r\u00e9monie du 19 mars 2019 Festival interg\u00e9n\u00e9rationnel du 16 juin 2018 Construction de l&#8217;\u00e9cole maternelle d\u00e9but 2017 Visite de l&#8217;\u00e9cole \u00e9l\u00e9mentaire [&hellip;]<\/p>\n","protected":false},"author":3,"featured_media":0,"parent":0,"menu_order":0,"comment_status":"closed","ping_status":"closed","template":"","meta":[],"_links":{"self":[{"href":"https:\/\/verniolle.fr\/wordpress\/wp-json\/wp\/v2\/pages\/3077"}],"collection":[{"href":"https:\/\/verniolle.fr\/wordpress\/wp-json\/wp\/v2\/pages"}],"about":[{"href":"https:\/\/verniolle.fr\/wordpress\/wp-json\/wp\/v2\/types\/page"}],"author":[{"embeddable":true,"href":"https:\/\/verniolle.fr\/wordpress\/wp-json\/wp\/v2\/users\/3"}],"replies":[{"embeddable":true,"href":"https:\/\/verniolle.fr\/wordpress\/wp-json\/wp\/v2\/comments?post=3077"}],"version-history":[{"count":41,"href":"https:\/\/verniolle.fr\/wordpress\/wp-json\/wp\/v2\/pages\/3077\/revisions"}],"predecessor-version":[{"id":4641,"href":"https:\/\/verniolle.fr\/wordpress\/wp-json\/wp\/v2\/pages\/3077\/revisions\/4641"}],"wp:attachment":[{"href":"https:\/\/verniolle.fr\/wordpress\/wp-json\/wp\/v2\/media?parent=3077"}],"curies":[{"name":"wp","href":"https:\/\/api.w.org\/{rel}","templated":true}]}}