{"id":2269,"date":"2015-07-28T10:10:32","date_gmt":"2015-07-28T08:10:32","guid":{"rendered":"http:\/\/verniolle.fr\/wordpress\/?page_id=2269"},"modified":"2020-07-03T00:14:04","modified_gmt":"2020-07-02T22:14:04","slug":"securite-routiere","status":"publish","type":"page","link":"https:\/\/verniolle.fr\/wordpress\/securite-routiere\/","title":{"rendered":"SECURITE ROUTIERE"},"content":{"rendered":"<h1 style=\"text-align: center;\"><span style=\"color: #ff6600;\"><strong>SECURITE ROUTIERE<\/strong><\/span><\/p>\n<p><a href=\"http:\/\/verniolle.fr\/wordpress\/wp-content\/uploads\/2015\/07\/Prefecture-secu-routiere-pano.jpg\"><img decoding=\"async\" loading=\"lazy\" class=\"aligncenter  wp-image-2377\" src=\"http:\/\/verniolle.fr\/wordpress\/wp-content\/uploads\/2015\/07\/Prefecture-secu-routiere-pano-200x300.jpg\" alt=\"S\u00e9curit\u00e9 routi\u00e8re\" width=\"510\" height=\"766\" srcset=\"https:\/\/verniolle.fr\/wordpress\/wp-content\/uploads\/2015\/07\/Prefecture-secu-routiere-pano-200x300.jpg 200w, https:\/\/verniolle.fr\/wordpress\/wp-content\/uploads\/2015\/07\/Prefecture-secu-routiere-pano-683x1024.jpg 683w, https:\/\/verniolle.fr\/wordpress\/wp-content\/uploads\/2015\/07\/Prefecture-secu-routiere-pano-900x1350.jpg 900w, https:\/\/verniolle.fr\/wordpress\/wp-content\/uploads\/2015\/07\/Prefecture-secu-routiere-pano.jpg 1045w\" sizes=\"(max-width: 510px) 100vw, 510px\" \/><\/a><\/h1>\n","protected":false},"excerpt":{"rendered":"<p>SECURITE ROUTIERE<\/p>\n","protected":false},"author":1,"featured_media":0,"parent":0,"menu_order":0,"comment_status":"closed","ping_status":"closed","template":"","meta":[],"_links":{"self":[{"href":"https:\/\/verniolle.fr\/wordpress\/wp-json\/wp\/v2\/pages\/2269"}],"collection":[{"href":"https:\/\/verniolle.fr\/wordpress\/wp-json\/wp\/v2\/pages"}],"about":[{"href":"https:\/\/verniolle.fr\/wordpress\/wp-json\/wp\/v2\/types\/page"}],"author":[{"embeddable":true,"href":"https:\/\/verniolle.fr\/wordpress\/wp-json\/wp\/v2\/users\/1"}],"replies":[{"embeddable":true,"href":"https:\/\/verniolle.fr\/wordpress\/wp-json\/wp\/v2\/comments?post=2269"}],"version-history":[{"count":5,"href":"https:\/\/verniolle.fr\/wordpress\/wp-json\/wp\/v2\/pages\/2269\/revisions"}],"predecessor-version":[{"id":5095,"href":"https:\/\/verniolle.fr\/wordpress\/wp-json\/wp\/v2\/pages\/2269\/revisions\/5095"}],"wp:attachment":[{"href":"https:\/\/verniolle.fr\/wordpress\/wp-json\/wp\/v2\/media?parent=2269"}],"curies":[{"name":"wp","href":"https:\/\/api.w.org\/{rel}","templated":true}]}}