{"id":987,"date":"2011-10-04T20:18:55","date_gmt":"2011-10-04T18:18:55","guid":{"rendered":"http:\/\/verniolle.mairie.free.fr\/wordpress\/?page_id=2"},"modified":"2026-04-09T14:16:55","modified_gmt":"2026-04-09T12:16:55","slug":"a-propos","status":"publish","type":"page","link":"http:\/\/verniolle.fr\/wordpress\/a-propos\/","title":{"rendered":"ARRETES REGLEMENTAIRES"},"content":{"rendered":"\n<p>\u00a0<\/p>\n<table style=\"border-collapse: collapse; width: 100%; height: 160px;\">\n<tbody>\n<tr style=\"height: 66px;\">\n<td style=\"width: 50.4762%; height: 66px; text-align: center;\">\n<h4><span style=\"background-color: #ffffff; color: #008000;\"><strong>Arr\u00eat\u00e9s permanents<\/strong><\/span><\/h4>\n<\/td>\n<td style=\"width: 49.5238%; height: 66px; text-align: center;\">\n<h4><span style=\"background-color: #ffffff; color: #008000;\"><strong>Arr\u00eat\u00e9s temporaires<\/strong><\/span><\/h4>\n<\/td>\n<\/tr>\n<tr style=\"height: 23px;\">\n<td style=\"width: 50.4762%; height: 23px; text-align: center;\">\n<p style=\"text-align: left;\"><a href=\"http:\/\/verniolle.fr\/wordpress\/wp-content\/uploads\/2026\/04\/arrete-delegation-de-signature_Giusti-Jean-Jacques.pdf\">Arr\u00eat\u00e9 du 08.04.202<\/a><a href=\"http:\/\/verniolle.fr\/wordpress\/wp-content\/uploads\/2026\/04\/arrete-delegation-de-signature_Giusti-Jean-Jacques.pdf\">6 &#8211; D\u00e9l\u00e9gation de signature \u00e0 M. GIUSTI Jean-Jacques &#8211; Attach\u00e9 principal<\/a><\/p>\n<p style=\"text-align: left;\"><span style=\"color: #008000;\">Publi\u00e9 le 09.04.2026<\/span><\/p>\n<p style=\"text-align: left;\"><a href=\"http:\/\/verniolle.fr\/wordpress\/wp-content\/uploads\/2026\/01\/Scan_20260128_085003.pdf\">Arr\u00eat\u00e9 du 22.01.2026 &#8211; R\u00e9glementant la circulation et le stationnement des v\u00e9hicules au droit du point d&#8217;apports volontaires de la place du Lavoir<\/a><\/p>\n<p style=\"text-align: left;\"><span style=\"color: #008000;\">Publi\u00e9 le 28.01.2026<\/span><\/p>\n<p style=\"text-align: left;\"><a href=\"http:\/\/verniolle.fr\/wordpress\/wp-content\/uploads\/2025\/12\/Scan_20251231_103211.pdf\">Arr\u00eat\u00e9 du 30.12.2025 &#8211; Portant reprise des concessions fun\u00e9raires perp\u00e9tuelles en \u00e9tat d&#8217;abandon<\/a><\/p>\n<p style=\"text-align: left;\"><span style=\"color: #008000;\">Publi\u00e9 le 31.12.2025<\/span><\/p>\n<p style=\"text-align: left;\"><a href=\"http:\/\/verniolle.fr\/wordpress\/wp-content\/uploads\/2025\/11\/arrete-04.11.2025_zones-30_zone-de-rencontre-interdiction-double-sens-cyclable.pdf\">Arr\u00eat\u00e9 du 04.11.2025 &#8211; Portant r\u00e8glementation des zones 30, des zones de rencontre en agglom\u00e9ration et interdiction du contre sens cyclable en voie en sens unique<\/a><\/p>\n<p style=\"text-align: left;\"><span style=\"color: #008000;\">Publi\u00e9 le 5.11.2025<\/span><\/p>\n<p style=\"text-align: left;\"><a href=\"http:\/\/verniolle.fr\/wordpress\/wp-content\/uploads\/2025\/11\/arrete-03.11.2025_STOP-intersection-rue-du-Mied-des-vignes-et-avenue-de-Pamiers.pdf\">Arr\u00eat\u00e9 du 03.11.2025 &#8211; Portant r\u00e8glementation du r\u00e9gime de priorit\u00e9 au carrefour form\u00e9 par la rue du Mied des Vignes et l&#8217;avenue de Pamiers<\/a><\/p>\n<p style=\"text-align: left;\"><span style=\"color: #008000;\">Publi\u00e9 le 5.11.2025<\/span><\/p>\n<p style=\"text-align: left;\"><a href=\"http:\/\/verniolle.fr\/wordpress\/wp-content\/uploads\/2025\/11\/Scan_20251104_082717-1.pdf\">Arr\u00eat\u00e9 du 4.11.2025 &#8211; Portant r\u00e8glementation des zones \u00e0 30, des zones de rencontre en agglom\u00e9ration et interdiction du contre sens cyclable en voie en sens unique<\/a><\/p>\n<p style=\"text-align: left;\"><span style=\"color: #008000;\">Publi\u00e9 le 4.11.2025<\/span><\/p>\n<p style=\"text-align: left;\"><a href=\"http:\/\/verniolle.fr\/wordpress\/wp-content\/uploads\/2025\/03\/Scan_20250314_143904.pdf\">Arr\u00eat\u00e9 du 13.03.2025 &#8211; R\u00e9glementation du r\u00e9gime de priorit\u00e9 au carrefour form\u00e9 par la rue du Mied des Vignes et la rue de la Vivi\u00e9<\/a><\/p>\n<p style=\"text-align: left;\"><span style=\"color: #008000;\">Publi\u00e9 le 14.03.2025<\/span><\/p>\n<p style=\"text-align: left;\"><a href=\"http:\/\/verniolle.fr\/wordpress\/wp-content\/uploads\/2025\/02\/Scan_20250212_090815-1.pdf\">Arr\u00eat\u00e9 du 11.02.2025 &#8211; Interdiction temporaire de stationnement aux abords du foyer rural pour organisation de la belote<\/a><\/p>\n<p style=\"text-align: left;\"><span style=\"color: #008000;\">Publi\u00e9 le 12.02.2025<\/span><\/p>\n<p style=\"text-align: left;\"><a href=\"http:\/\/verniolle.fr\/wordpress\/wp-content\/uploads\/2025\/02\/Scan_20250204_160558.pdf\">Arr\u00eat\u00e9 du 03.02.2025 &#8211; R\u00e9glementation du r\u00e9gime de priorit\u00e9 au carrefour form\u00e9 par la RD 10 (rue de la R\u00e9publique) et la rue de la Treille<\/a><\/p>\n<p style=\"text-align: left;\"><span style=\"color: #008000;\">Publi\u00e9 le 05.02.2025<\/span><\/p>\n<p style=\"text-align: left;\"><a href=\"http:\/\/verniolle.fr\/wordpress\/wp-content\/uploads\/2025\/02\/Scan_20250204_160536-1.pdf\">Arr\u00eat\u00e9 du 03.02.2025 &#8211; R\u00e9glementation du r\u00e9gime de priorit\u00e9 au carrefour form\u00e9 par la RD 10 (avenue de Pamiers) et la rue de la Treille<\/a><\/p>\n<p style=\"text-align: left;\"><span style=\"color: #008000;\">Publi\u00e9 le 05.02.2025<\/span><\/p>\n<p style=\"text-align: left;\"><a href=\"http:\/\/verniolle.fr\/wordpress\/wp-content\/uploads\/2025\/02\/Scan_20250204_160515.pdf\">Arr\u00eat\u00e9 du 03.02.2025 &#8211; R\u00e9glementation du r\u00e9gime de priorit\u00e9 au carrefour form\u00e9 par la RD 10 (avenue de Pamiers) et la rue de Sourives<\/a><\/p>\n<p style=\"text-align: left;\"><span style=\"color: #008000;\">Publi\u00e9 le 05.02.2025<\/span><\/p>\n<p style=\"text-align: left;\"><a href=\"http:\/\/verniolle.fr\/wordpress\/wp-content\/uploads\/2025\/01\/Scan_20250129_095218.pdf\">Arr\u00eat\u00e9 du 28.01.2025 &#8211; Cr\u00e9ation d&#8217;une double \u00e9cluse en pleine chauss\u00e9e RD112<\/a><\/p>\n<p style=\"text-align: left;\"><span style=\"color: #008000;\">Publi\u00e9 le 29.01.2025<\/span><\/p>\n<p style=\"text-align: left;\"><a href=\"http:\/\/verniolle.fr\/wordpress\/wp-content\/uploads\/2024\/12\/Scan_20241206_111702.pdf\">Arr\u00eat\u00e9 du 29.11.2024 &#8211; D\u00e9rogation collective \u00e0 la r\u00e8gle du repos dominical des salari\u00e9s &#8211; ann\u00e9e 2025<\/a><\/p>\n<p style=\"text-align: left;\"><span style=\"color: #008000;\">Publi\u00e9 le 06.12.2024<\/span><\/p>\n<p style=\"text-align: left;\"><a href=\"http:\/\/verniolle.fr\/wordpress\/wp-content\/uploads\/2024\/10\/Scan_20241025_095027.pdf\">Arr\u00eat\u00e9 du 25.10.2024 &#8211; Interdiction de stationnement sur l&#8217;impasse ouverte \u00e0 la circulation chemin du Pinjaqua<\/a><\/p>\n<p style=\"text-align: left;\"><span style=\"color: #008000;\">Publi\u00e9 le 25.10.2024<\/span><\/p>\n<p style=\"text-align: left;\"><a href=\"http:\/\/verniolle.fr\/wordpress\/wp-content\/uploads\/2024\/08\/Scan_20240826_110909.pdf\" target=\"_blank\" rel=\"noopener\">Arr<\/a><a href=\"http:\/\/verniolle.fr\/wordpress\/wp-content\/uploads\/2024\/08\/Scan_20240826_110909.pdf\" target=\"_blank\" rel=\"noopener\">\u00eat\u00e9 du 23.08.2024 &#8211; Mise en place d&#8217;un sens prioritaire &#8211; Place Adelin Moulis<\/a><\/p>\n<p style=\"text-align: left;\"><span style=\"color: #339966;\">Publi\u00e9 le 26.08.2024<\/span><\/p>\n<p style=\"text-align: left;\"><a href=\"http:\/\/verniolle.fr\/wordpress\/wp-content\/uploads\/2024\/06\/Scan_20240628_105011.pdf\">Arr\u00eat\u00e9 du 27.06.2024 &#8211; D\u00e9l\u00e9gation de fonctions et de\u00a0 signature<\/a><\/p>\n<p style=\"text-align: left;\"><span style=\"color: #339966;\">Publi\u00e9 le 28.06.2024<\/span><\/p>\n<p style=\"text-align: left;\"><a href=\"http:\/\/verniolle.fr\/wordpress\/wp-content\/uploads\/2024\/06\/Scan_20240614_141946.pdf\" target=\"_blank\" rel=\"noopener\">Arr\u00eat\u00e9 du 13.06.2024 &#8211; D\u00e9signation des emplacements r\u00e9serv\u00e9s \u00e0 l&#8217;apposition des affiches \u00e9lectorales<\/a><\/p>\n<p style=\"text-align: left;\"><span style=\"color: #339966;\">Publi\u00e9 le 14.06.2024<\/span><\/p>\n<p style=\"text-align: left;\"><a href=\"http:\/\/verniolle.fr\/wordpress\/wp-content\/uploads\/2024\/05\/Scan_20240530_114450.pdf\">Arr\u00eat\u00e9 du 19.02.2024 &#8211; R\u00e9glementation du r\u00e9gime de priorit\u00e9 au carrefour form\u00e9 par la voie communale du Courbas et la RD10<\/a><\/p>\n<p style=\"text-align: left;\"><span style=\"color: #339966;\">Publi\u00e9 le 30.05.2024<\/span><\/p>\n<p style=\"text-align: left;\"><a href=\"http:\/\/verniolle.fr\/wordpress\/wp-content\/uploads\/2023\/02\/arrete-du-20.02.2023-reglementant-le-bruit-dans-les-proprietes-privees.pdf\" target=\"_blank\" rel=\"noopener\">Arr\u00eat\u00e9 du 20.02.2023 R\u00e8glementation du bruit dans les propri\u00e9t\u00e9s priv\u00e9es<\/a><\/p>\n<p style=\"text-align: left;\"><span style=\"color: #339966;\">Publi\u00e9 le 21.02.2023<\/span><\/p>\n<p style=\"text-align: left;\"><a href=\"http:\/\/verniolle.fr\/wordpress\/a-propos\/arrete-limitation-vitesse-rue-marie-curie-publie-14-11-22\/\" target=\"_blank\" rel=\"attachment noopener wp-att-6388\">Arr\u00eat\u00e9 limitation de vitesse &#8211; Rue Marie Curie<\/a><\/p>\n<p style=\"text-align: left;\"><span style=\"color: #339966;\">Publi\u00e9 le 14.11.2022<\/span><\/p>\n<\/td>\n<td style=\"width: 49.5238%; height: 23px; text-align: left;\">\n<p><a href=\"http:\/\/verniolle.fr\/wordpress\/wp-content\/uploads\/2026\/03\/Scan_20260320_110659.pdf\">Arr\u00eat\u00e9 du 19.03.2026 &#8211; Portant r\u00e9glementation temporaire de stationnement Place Adelin moulis<\/a><\/p>\n<p><a href=\"http:\/\/verniolle.fr\/wordpress\/wp-content\/uploads\/2026\/02\/ARRETE.pdf\">Arr\u00eat\u00e9 du 23.02.2026 &#8211; Modifiant provisoirement le stationnement et la circulation rue de Mounic et d\u00e9viation de la circulation<\/a><\/p>\n<p><span style=\"color: #008000;\">Publi\u00e9 le 24.02.2026<\/span><\/p>\n<p><a href=\"http:\/\/verniolle.fr\/wordpress\/wp-content\/uploads\/2026\/01\/Scan_20260128_084709.pdf\">Arr\u00eat\u00e9 du 37.01.2026 &#8211; Portant interdiction temporaire de stationnement sur la Placette situ\u00e9e rue de Mounic<\/a><\/p>\n<p><span style=\"color: #008000;\">Publi\u00e9 le 28.01.2026<\/span><\/p>\n<p><a href=\"http:\/\/verniolle.fr\/wordpress\/wp-content\/uploads\/2026\/01\/Scan_20260106_100149.pdf\">Arr\u00eat\u00e9 du 5.01.2026 &#8211; Rue de Mounic ferm\u00e9e \u00e0 la circulation<\/a><\/p>\n<p><span style=\"color: #008000;\">Publi\u00e9 le 06.01.2026<\/span><\/p>\n<p><a href=\"http:\/\/verniolle.fr\/wordpress\/wp-content\/uploads\/2025\/11\/Scan_20251103_152135.pdf\">Proc\u00e8s-verbal de 2\u00e8me constatation de concessions fun\u00e9raires en \u00e9tat d&#8217;abandon<\/a><\/p>\n<p><span style=\"color: #008000;\">Publi\u00e9 le 4.11.2025<\/span><\/p>\n<p><a href=\"http:\/\/verniolle.fr\/wordpress\/wp-content\/uploads\/2025\/01\/Scan_20250117_093507.pdf\">Arr\u00eat\u00e9 du 17.01.2025 &#8211; Mise en s\u00e9curit\u00e9 d&#8217;un monument fun\u00e9raire mena\u00e7ant ruine<\/a><\/p>\n<p><span style=\"color: #008000;\">Publi\u00e9 le 17.01.2025<\/span><\/p>\n<p><a href=\"http:\/\/verniolle.fr\/wordpress\/wp-content\/uploads\/2024\/11\/Scan_20241106_142747.pdf\">Proc\u00e8s-verbal de 1\u00e8re constatation de concessions fun\u00e9raires en \u00e9tat d&#8217;abandon<\/a><\/p>\n<p><span style=\"color: #008000;\">Publi\u00e9 le 06.11.2024<\/span><\/p>\n<p>\u00a0<\/p>\n<\/td>\n<\/tr>\n<tr style=\"height: 71px;\">\n<td style=\"width: 50.4762%; text-align: center; height: 71px;\">\n<p style=\"text-align: left;\">\u00a0<\/p>\n<\/td>\n<td style=\"width: 49.5238%; text-align: left; height: 71px;\">\n<p>\u00a0<\/p>\n<\/td>\n<\/tr>\n<\/tbody>\n<\/table>\n\n\n\n<p>\u00a0<\/p>\n<table style=\"border-collapse: collapse; width: 100%; height: 89px;\">\n<tbody>\n<tr style=\"height: 66px;\">\n<td style=\"width: 50.4762%; height: 66px; text-align: center;\">\n<h4><span style=\"background-color: #ffffff; color: #008000;\"><strong>Arr\u00eat\u00e9s permanents<\/strong><\/span><\/h4>\n<\/td>\n<td style=\"width: 49.5238%; height: 66px; text-align: center;\">\n<h4><span style=\"background-color: #ffffff; color: #008000;\"><strong>Arr\u00eat\u00e9s temporaires<\/strong><\/span><\/h4>\n<\/td>\n<\/tr>\n<tr style=\"height: 23px;\">\n<td style=\"width: 50.4762%; height: 23px; text-align: center;\">\n<p style=\"text-align: left;\"><a href=\"http:\/\/verniolle.fr\/wordpress\/wp-content\/uploads\/2025\/12\/arrete-derogation-repos-dominical-annee-2026.pdf\" target=\"_blank\" rel=\"noopener\">Arr\u00eat\u00e9 du 19.12.2025 &#8211; Portant d\u00e9rogation collective \u00e0 la r\u00e9gle du repos dominical des salari\u00e9s &#8211; Ann\u00e9e 2026repos dominical ann\u00e9e 2026<\/a><\/p>\n<p style=\"text-align: left;\"><span style=\"color: #008000;\">Publi\u00e9 le 19.12.2025<\/span><\/p>\n<p>\u00a0<\/p>\n<p style=\"text-align: left;\"><a href=\"http:\/\/verniolle.fr\/wordpress\/wp-content\/uploads\/2025\/11\/arrete-04.11.2025_zones-30_zone-de-rencontre-interdiction-double-sens-cyclable.pdf\">Arr\u00eat\u00e9 du 04.11.2025 &#8211; Portant r\u00e8glementation des zones 30, des zones de rencontre en agglom\u00e9ration et interdiction du contre sens cyclable en voie en sens unique<\/a><\/p>\n<p style=\"text-align: left;\"><span style=\"color: #008000;\">Publi\u00e9 le 5.11.2025<\/span><\/p>\n<p style=\"text-align: left;\"><a href=\"http:\/\/verniolle.fr\/wordpress\/wp-content\/uploads\/2025\/11\/arrete-03.11.2025_STOP-intersection-rue-du-Mied-des-vignes-et-avenue-de-Pamiers.pdf\">Arr\u00eat\u00e9 du 03.11.2025 &#8211; Portant r\u00e8glementation du r\u00e9gime de priorit\u00e9 au carrefour form\u00e9 par la rue du Mied des Vignes et l&#8217;avenue de Pamiers<\/a><\/p>\n<p style=\"text-align: left;\"><span style=\"color: #008000;\">Publi\u00e9 le 5.11.2025<\/span><\/p>\n<p style=\"text-align: left;\"><a href=\"http:\/\/verniolle.fr\/wordpress\/wp-content\/uploads\/2025\/11\/Scan_20251104_082717-1.pdf\">Arr\u00eat\u00e9 du 4.11.2025 &#8211; Portant r\u00e8glementation des zones \u00e0 30, des zones de rencontre en agglom\u00e9ration et interdiction du contre sens cyclable en voie en sens unique<\/a><\/p>\n<p style=\"text-align: left;\"><span style=\"color: #008000;\">Publi\u00e9 le 4.11.2025<\/span><\/p>\n<p style=\"text-align: left;\"><a href=\"http:\/\/verniolle.fr\/wordpress\/wp-content\/uploads\/2025\/03\/Scan_20250314_143904.pdf\">Arr\u00eat\u00e9 du 13.03.2025 &#8211; R\u00e9glementation du r\u00e9gime de priorit\u00e9 au carrefour form\u00e9 par la rue du Mied des Vignes et la rue de la Vivi\u00e9<\/a><\/p>\n<p style=\"text-align: left;\"><span style=\"color: #008000;\">Publi\u00e9 le 14.03.2025<\/span><\/p>\n<p style=\"text-align: left;\"><a href=\"http:\/\/verniolle.fr\/wordpress\/wp-content\/uploads\/2025\/02\/Scan_20250212_090815-1.pdf\">Arr\u00eat\u00e9 du 11.02.2025 &#8211; Interdiction temporaire de stationnement aux abords du foyer rural pour organisation de la belote<\/a><\/p>\n<p style=\"text-align: left;\"><span style=\"color: #008000;\">Publi\u00e9 le 12.02.2025<\/span><\/p>\n<p style=\"text-align: left;\"><a href=\"http:\/\/verniolle.fr\/wordpress\/wp-content\/uploads\/2025\/02\/Scan_20250204_160558.pdf\">Arr\u00eat\u00e9 du 03.02.2025 &#8211; R\u00e9glementation du r\u00e9gime de priorit\u00e9 au carrefour form\u00e9 par la RD 10 (rue de la R\u00e9publique) et la rue de la Treille<\/a><\/p>\n<p style=\"text-align: left;\"><span style=\"color: #008000;\">Publi\u00e9 le 05.02.2025<\/span><\/p>\n<p style=\"text-align: left;\"><a href=\"http:\/\/verniolle.fr\/wordpress\/wp-content\/uploads\/2025\/02\/Scan_20250204_160536-1.pdf\">Arr\u00eat\u00e9 du 03.02.2025 &#8211; R\u00e9glementation du r\u00e9gime de priorit\u00e9 au carrefour form\u00e9 par la RD 10 (avenue de Pamiers) et la rue de la Treille<\/a><\/p>\n<p style=\"text-align: left;\"><span style=\"color: #008000;\">Publi\u00e9 le 05.02.2025<\/span><\/p>\n<p style=\"text-align: left;\"><a href=\"http:\/\/verniolle.fr\/wordpress\/wp-content\/uploads\/2025\/02\/Scan_20250204_160515.pdf\">Arr\u00eat\u00e9 du 03.02.2025 &#8211; R\u00e9glementation du r\u00e9gime de priorit\u00e9 au carrefour form\u00e9 par la RD 10 (avenue de Pamiers) et la rue de Sourives<\/a><\/p>\n<p style=\"text-align: left;\"><span style=\"color: #008000;\">Publi\u00e9 le 05.02.2025<\/span><\/p>\n<p style=\"text-align: left;\"><a href=\"http:\/\/verniolle.fr\/wordpress\/wp-content\/uploads\/2025\/01\/Scan_20250129_095218.pdf\">Arr\u00eat\u00e9 du 28.01.2025 &#8211; Cr\u00e9ation d&#8217;une double \u00e9cluse en pleine chauss\u00e9e RD112<\/a><\/p>\n<p style=\"text-align: left;\"><span style=\"color: #008000;\">Publi\u00e9 le 29.01.2025<\/span><\/p>\n<p style=\"text-align: left;\"><a href=\"http:\/\/verniolle.fr\/wordpress\/wp-content\/uploads\/2024\/12\/Scan_20241206_111702.pdf\">Arr\u00eat\u00e9 du 29.11.2024 &#8211; D\u00e9rogation collective \u00e0 la r\u00e8gle du repos dominical des salari\u00e9s &#8211; ann\u00e9e 2025<\/a><\/p>\n<p style=\"text-align: left;\"><span style=\"color: #008000;\">Publi\u00e9 le 06.12.2024<\/span><\/p>\n<p style=\"text-align: left;\"><a href=\"http:\/\/verniolle.fr\/wordpress\/wp-content\/uploads\/2024\/10\/Scan_20241025_095027.pdf\">Arr\u00eat\u00e9 du 25.10.2024 &#8211; Interdiction de stationnement sur l&#8217;impasse ouverte \u00e0 la circulation chemin du Pinjaqua<\/a><\/p>\n<p style=\"text-align: left;\"><span style=\"color: #008000;\">Publi\u00e9 le 25.10.2024<\/span><\/p>\n<p style=\"text-align: left;\"><a href=\"http:\/\/verniolle.fr\/wordpress\/wp-content\/uploads\/2024\/08\/Scan_20240826_110909.pdf\" target=\"_blank\" rel=\"noopener\">Arr\u00eat\u00e9 du 23.08.2024 &#8211; Mise en place d&#8217;un sens prioritaire &#8211; Place Adelin Moulis<\/a><\/p>\n<p style=\"text-align: left;\"><span style=\"color: #339966;\">Publi\u00e9 le 26.08.2024<\/span><\/p>\n<p style=\"text-align: left;\"><a href=\"http:\/\/verniolle.fr\/wordpress\/wp-content\/uploads\/2024\/06\/Scan_20240628_105011.pdf\">Arr\u00eat\u00e9 du 27.06.2024 &#8211; D\u00e9l\u00e9gation de fonctions et de\u00a0 signature<\/a><\/p>\n<p style=\"text-align: left;\"><span style=\"color: #339966;\">Publi\u00e9 le 28.06.2024<\/span><\/p>\n<p style=\"text-align: left;\"><a href=\"http:\/\/verniolle.fr\/wordpress\/wp-content\/uploads\/2024\/06\/Scan_20240614_141946.pdf\" target=\"_blank\" rel=\"noopener\">Arr\u00eat\u00e9 du 13.06.2024 &#8211; D\u00e9signation des emplacements r\u00e9serv\u00e9s \u00e0 l&#8217;apposition des affiches \u00e9lectorales<\/a><\/p>\n<p style=\"text-align: left;\"><span style=\"color: #339966;\">Publi\u00e9 le 14.06.2024<\/span><\/p>\n<p style=\"text-align: left;\"><a href=\"http:\/\/verniolle.fr\/wordpress\/wp-content\/uploads\/2024\/05\/Scan_20240530_114450.pdf\">Arr\u00eat\u00e9 du 19.02.2024 &#8211; R\u00e9glementation du r\u00e9gime de priorit\u00e9 au carrefour form\u00e9 par la voie communale du Courbas et la RD10<\/a><\/p>\n<p style=\"text-align: left;\"><span style=\"color: #339966;\">Publi\u00e9 le 30.05.2024<\/span><\/p>\n<p style=\"text-align: left;\"><a href=\"http:\/\/verniolle.fr\/wordpress\/wp-content\/uploads\/2023\/02\/arrete-du-20.02.2023-reglementant-le-bruit-dans-les-proprietes-privees.pdf\" target=\"_blank\" rel=\"noopener\">Arr\u00eat\u00e9 du 20.02.2023 R\u00e8glementation du bruit dans les propri\u00e9t\u00e9s priv\u00e9es<\/a><\/p>\n<p style=\"text-align: left;\"><span style=\"color: #339966;\">Publi\u00e9 le 21.02.2023<\/span><\/p>\n<p style=\"text-align: left;\"><a href=\"http:\/\/verniolle.fr\/wordpress\/a-propos\/arrete-limitation-vitesse-rue-marie-curie-publie-14-11-22\/\" target=\"_blank\" rel=\"attachment noopener wp-att-6388\">Arr\u00eat\u00e9 limitation de vitesse &#8211; Rue Marie Curie<\/a><\/p>\n<p style=\"text-align: left;\"><span style=\"color: #339966;\">Publi\u00e9 le 14.11.2022<\/span><\/p>\n<\/td>\n<td style=\"width: 49.5238%; height: 23px; text-align: left;\">\n<p>\u00a0<\/p>\n<p>\u00a0<\/p>\n<br \/>\n<p>\u00a0<\/p>\n<p>\u00a0<\/p>\n<p>\u00a0<\/p>\n<p>\u00a0<\/p>\n<\/td>\n<\/tr>\n<tr>\n<td style=\"width: 50.4762%; text-align: center;\">\n<p style=\"text-align: left;\">\u00a0<\/p>\n<\/td>\n<td style=\"width: 49.5238%; text-align: left;\">\n<p>\u00a0<\/p>\n<\/td>\n<\/tr>\n<\/tbody>\n<\/table>\n\n\n\n<p><\/p>\n","protected":false},"excerpt":{"rendered":"<p>\u00a0 Arr\u00eat\u00e9s permanents Arr\u00eat\u00e9s temporaires Arr\u00eat\u00e9 du 08.04.2026 &#8211; D\u00e9l\u00e9gation de signature \u00e0 M. GIUSTI Jean-Jacques &#8211; Attach\u00e9 principal Publi\u00e9 le 09.04.2026 Arr\u00eat\u00e9 du 22.01.2026 &#8211; R\u00e9glementant la circulation et le stationnement des v\u00e9hicules au droit du point d&#8217;apports volontaires de la place du Lavoir Publi\u00e9 le 28.01.2026 Arr\u00eat\u00e9 du 30.12.2025 &#8211; Portant reprise des [&hellip;]<\/p>\n","protected":false},"author":1,"featured_media":0,"parent":0,"menu_order":10,"comment_status":"closed","ping_status":"closed","template":"","meta":[],"_links":{"self":[{"href":"http:\/\/verniolle.fr\/wordpress\/wp-json\/wp\/v2\/pages\/987"}],"collection":[{"href":"http:\/\/verniolle.fr\/wordpress\/wp-json\/wp\/v2\/pages"}],"about":[{"href":"http:\/\/verniolle.fr\/wordpress\/wp-json\/wp\/v2\/types\/page"}],"author":[{"embeddable":true,"href":"http:\/\/verniolle.fr\/wordpress\/wp-json\/wp\/v2\/users\/1"}],"replies":[{"embeddable":true,"href":"http:\/\/verniolle.fr\/wordpress\/wp-json\/wp\/v2\/comments?post=987"}],"version-history":[{"count":165,"href":"http:\/\/verniolle.fr\/wordpress\/wp-json\/wp\/v2\/pages\/987\/revisions"}],"predecessor-version":[{"id":9108,"href":"http:\/\/verniolle.fr\/wordpress\/wp-json\/wp\/v2\/pages\/987\/revisions\/9108"}],"wp:attachment":[{"href":"http:\/\/verniolle.fr\/wordpress\/wp-json\/wp\/v2\/media?parent=987"}],"curies":[{"name":"wp","href":"https:\/\/api.w.org\/{rel}","templated":true}]}}