{"id":9047,"date":"2026-03-31T14:42:04","date_gmt":"2026-03-31T12:42:04","guid":{"rendered":"https:\/\/verniolle.fr\/wordpress\/?page_id=9047"},"modified":"2026-04-13T10:38:41","modified_gmt":"2026-04-13T08:38:41","slug":"plui-2","status":"publish","type":"page","link":"http:\/\/verniolle.fr\/wordpress\/plui-2\/","title":{"rendered":"PLUI"},"content":{"rendered":"\n\n\n\n\n\n\n<ul>\n<li><a href=\"http:\/\/verniolle.fr\/wordpress\/wp-content\/uploads\/2026\/03\/018-Amenagement-urbanisme-Approbation-du-PLUi-H.pdf\">Am\u00e9nagement urbanisme &#8211; Approbation du PLUi-H<\/a><\/li>\n<li><a href=\"http:\/\/verniolle.fr\/wordpress\/wp-content\/uploads\/2026\/03\/019-Amenagement-urbanisme-Droit-de-preemption-urbain-1.pdf\">Am\u00e9nagement urbanisme &#8211; Droit de pr\u00e9emption urbain<\/a><\/li>\n<li><a href=\"http:\/\/verniolle.fr\/wordpress\/wp-content\/uploads\/2026\/03\/Annexe-page-3.pdf\">Droit de pr\u00e9emption plan page 3<\/a><\/li>\n<li><a href=\"http:\/\/verniolle.fr\/wordpress\/wp-content\/uploads\/2026\/03\/Annexe-page-6.pdf\">Droit de pr\u00e9emption plan page 6<\/a><\/li>\n<li><a href=\"https:\/\/drive.google.com\/file\/d\/1fJOczOWbz8gtMNt14R2ZA1YfYyAUGi9s\/view?usp=drive_link\" target=\"_blank\" rel=\"noopener\">Table des mati\u00e8res<\/a><\/li>\n<li><a href=\"https:\/\/drive.google.com\/drive\/folders\/1Iu7WdCwjx6pWQfb50-V-l7GY1iPsiUKX?usp=drive_link\" target=\"_blank\" rel=\"noopener\">Proc\u00e9dure<\/a><\/li>\n<li><a href=\"https:\/\/drive.google.com\/drive\/folders\/1tmSu29ID_rOAoTzkuWX4kCsWMngEOODk?usp=drive_link\" target=\"_blank\" rel=\"noopener\">Rapport de pr\u00e9sentation<\/a><\/li>\n<li><a href=\"https:\/\/drive.google.com\/drive\/folders\/12sktkRUL3aMD5mUwnj81CisP-Rg5pCkI?usp=drive_link\" target=\"_blank\" rel=\"noopener\">Projet d&#8217;am\u00e9nagment et de d\u00e9veloppement durable<\/a><\/li>\n<li><a href=\"https:\/\/drive.google.com\/drive\/folders\/1O3m4jZYwI1deQbXG6Bp1UG3F5CNop23H?usp=drive_link\" target=\"_blank\" rel=\"noopener\">R\u00e8glement<\/a><\/li>\n<li><a href=\"https:\/\/drive.google.com\/drive\/folders\/1LQkUBXzGAR8P7nlXkF8GcJmWO1PBVScO?usp=drive_link\">Annexes<\/a><\/li>\n<li><a href=\"https:\/\/drive.google.com\/drive\/folders\/1iYlwnxnjrsGJ5FSM7bWfrq1oshR46s5h?usp=drive_link\" target=\"_blank\" rel=\"noopener\">Orientation d&#8217;am\u00e9nagement et de programmation<\/a><\/li>\n<li><a href=\"https:\/\/drive.google.com\/drive\/folders\/19e4rXFUpoUxyDigVLOsKCB9mWIYVVKkj?usp=drive_link\" target=\"_blank\" rel=\"noopener\">Programme d&#8217;orientations et d&#8217;actions<\/a><\/li>\n<\/ul>\n<p>\u00a0<\/p>\n<p>\u00a0<\/p>\n\n\n","protected":false},"excerpt":{"rendered":"<p>Am\u00e9nagement urbanisme &#8211; Approbation du PLUi-H Am\u00e9nagement urbanisme &#8211; Droit de pr\u00e9emption urbain Droit de pr\u00e9emption plan page 3 Droit de pr\u00e9emption plan page 6 Table des mati\u00e8res Proc\u00e9dure Rapport de pr\u00e9sentation Projet d&#8217;am\u00e9nagment et de d\u00e9veloppement durable R\u00e8glement Annexes Orientation d&#8217;am\u00e9nagement et de programmation Programme d&#8217;orientations et d&#8217;actions \u00a0 \u00a0<\/p>\n","protected":false},"author":1,"featured_media":0,"parent":0,"menu_order":0,"comment_status":"closed","ping_status":"closed","template":"","meta":[],"_links":{"self":[{"href":"http:\/\/verniolle.fr\/wordpress\/wp-json\/wp\/v2\/pages\/9047"}],"collection":[{"href":"http:\/\/verniolle.fr\/wordpress\/wp-json\/wp\/v2\/pages"}],"about":[{"href":"http:\/\/verniolle.fr\/wordpress\/wp-json\/wp\/v2\/types\/page"}],"author":[{"embeddable":true,"href":"http:\/\/verniolle.fr\/wordpress\/wp-json\/wp\/v2\/users\/1"}],"replies":[{"embeddable":true,"href":"http:\/\/verniolle.fr\/wordpress\/wp-json\/wp\/v2\/comments?post=9047"}],"version-history":[{"count":15,"href":"http:\/\/verniolle.fr\/wordpress\/wp-json\/wp\/v2\/pages\/9047\/revisions"}],"predecessor-version":[{"id":9139,"href":"http:\/\/verniolle.fr\/wordpress\/wp-json\/wp\/v2\/pages\/9047\/revisions\/9139"}],"wp:attachment":[{"href":"http:\/\/verniolle.fr\/wordpress\/wp-json\/wp\/v2\/media?parent=9047"}],"curies":[{"name":"wp","href":"https:\/\/api.w.org\/{rel}","templated":true}]}}