{"id":8972,"date":"2026-03-09T17:26:56","date_gmt":"2026-03-09T15:26:56","guid":{"rendered":"https:\/\/verniolle.fr\/wordpress\/?page_id=8972"},"modified":"2026-03-09T17:39:34","modified_gmt":"2026-03-09T15:39:34","slug":"scot-2","status":"publish","type":"page","link":"http:\/\/verniolle.fr\/wordpress\/scot-2\/","title":{"rendered":"SCOT"},"content":{"rendered":"\n<p>D\u00e9lib\u00e9ration d&#8217;approbation de la r\u00e9vision du SCOT de la Vall\u00e9e de l&#8217;Ari\u00e8ge prise en s\u00e9ance du Conseil Syndical du 25 f\u00e9vrier 2026<\/p>\n<p><a href=\"http:\/\/verniolle.fr\/wordpress\/wp-content\/uploads\/2026\/03\/Deliberation-SCOT.pdf\">D\u00e9lib\u00e9ration SCOT<\/a><\/p>\n\n\n","protected":false},"excerpt":{"rendered":"<p>D\u00e9lib\u00e9ration d&#8217;approbation de la r\u00e9vision du SCOT de la Vall\u00e9e de l&#8217;Ari\u00e8ge prise en s\u00e9ance du Conseil Syndical du 25 f\u00e9vrier 2026 D\u00e9lib\u00e9ration SCOT<\/p>\n","protected":false},"author":1,"featured_media":0,"parent":0,"menu_order":0,"comment_status":"closed","ping_status":"closed","template":"","meta":[],"_links":{"self":[{"href":"http:\/\/verniolle.fr\/wordpress\/wp-json\/wp\/v2\/pages\/8972"}],"collection":[{"href":"http:\/\/verniolle.fr\/wordpress\/wp-json\/wp\/v2\/pages"}],"about":[{"href":"http:\/\/verniolle.fr\/wordpress\/wp-json\/wp\/v2\/types\/page"}],"author":[{"embeddable":true,"href":"http:\/\/verniolle.fr\/wordpress\/wp-json\/wp\/v2\/users\/1"}],"replies":[{"embeddable":true,"href":"http:\/\/verniolle.fr\/wordpress\/wp-json\/wp\/v2\/comments?post=8972"}],"version-history":[{"count":2,"href":"http:\/\/verniolle.fr\/wordpress\/wp-json\/wp\/v2\/pages\/8972\/revisions"}],"predecessor-version":[{"id":8980,"href":"http:\/\/verniolle.fr\/wordpress\/wp-json\/wp\/v2\/pages\/8972\/revisions\/8980"}],"wp:attachment":[{"href":"http:\/\/verniolle.fr\/wordpress\/wp-json\/wp\/v2\/media?parent=8972"}],"curies":[{"name":"wp","href":"https:\/\/api.w.org\/{rel}","templated":true}]}}