{"id":7854,"date":"2024-08-09T14:32:00","date_gmt":"2024-08-09T12:32:00","guid":{"rendered":"https:\/\/verniolle.fr\/wordpress\/?page_id=7854"},"modified":"2024-08-09T14:35:25","modified_gmt":"2024-08-09T12:35:25","slug":"zad","status":"publish","type":"page","link":"http:\/\/verniolle.fr\/wordpress\/zad\/","title":{"rendered":"ZAD"},"content":{"rendered":"\n<p><a href=\"http:\/\/verniolle.fr\/wordpress\/wp-content\/uploads\/2024\/08\/arrete-prefectoral-du-02.07.2024-portant-renouvellement-de-la-ZAD.pdf\">Arr\u00eat\u00e9 pr\u00e9fectoral du 02.07.2024 portant renouvellement de la ZAD<\/a><\/p>\n<p><a href=\"http:\/\/verniolle.fr\/wordpress\/wp-content\/uploads\/2024\/08\/avis-de-publicite-affiche-le-09.08.2024-1.pdf\">Avis de publicit\u00e9 affich\u00e9 le 09.08.2024<\/a><\/p>\n","protected":false},"excerpt":{"rendered":"<p>Arr\u00eat\u00e9 pr\u00e9fectoral du 02.07.2024 portant renouvellement de la ZAD Avis de publicit\u00e9 affich\u00e9 le 09.08.2024<\/p>\n","protected":false},"author":1,"featured_media":0,"parent":0,"menu_order":0,"comment_status":"closed","ping_status":"closed","template":"","meta":[],"_links":{"self":[{"href":"http:\/\/verniolle.fr\/wordpress\/wp-json\/wp\/v2\/pages\/7854"}],"collection":[{"href":"http:\/\/verniolle.fr\/wordpress\/wp-json\/wp\/v2\/pages"}],"about":[{"href":"http:\/\/verniolle.fr\/wordpress\/wp-json\/wp\/v2\/types\/page"}],"author":[{"embeddable":true,"href":"http:\/\/verniolle.fr\/wordpress\/wp-json\/wp\/v2\/users\/1"}],"replies":[{"embeddable":true,"href":"http:\/\/verniolle.fr\/wordpress\/wp-json\/wp\/v2\/comments?post=7854"}],"version-history":[{"count":2,"href":"http:\/\/verniolle.fr\/wordpress\/wp-json\/wp\/v2\/pages\/7854\/revisions"}],"predecessor-version":[{"id":7865,"href":"http:\/\/verniolle.fr\/wordpress\/wp-json\/wp\/v2\/pages\/7854\/revisions\/7865"}],"wp:attachment":[{"href":"http:\/\/verniolle.fr\/wordpress\/wp-json\/wp\/v2\/media?parent=7854"}],"curies":[{"name":"wp","href":"https:\/\/api.w.org\/{rel}","templated":true}]}}