{"id":768,"date":"2012-10-10T15:54:58","date_gmt":"2012-10-10T13:54:58","guid":{"rendered":"http:\/\/verniolle.mairie.free.fr\/wordpress\/?page_id=768"},"modified":"2020-07-21T15:08:24","modified_gmt":"2020-07-21T13:08:24","slug":"conseils-municipaux","status":"publish","type":"page","link":"http:\/\/verniolle.fr\/wordpress\/conseils-municipaux\/","title":{"rendered":"Conseils Municipaux Archiv\u00e9s"},"content":{"rendered":"\n<p><script> function AllerA(nom) { if (nom.value[0]==\"h\") window.open(nom.value); } <\/script><\/p>\n\n\n\n<h4><span style=\"color: #800000;\"><a style=\"color: #800000;\" href=\"http:\/\/verniolle.fr\/wordpress\/conseils-municipaux-2\/\">&lt;- Retour\u00a0<\/a><\/span><\/h4>\n<h4 style=\"text-align: center;\">Consulter le compte rendu d&#8217;un Conseil Municipal ci dessous.<br \/>Proc\u00e8s verbaux des Conseils Municipaux\u00a0<\/h4>\n<form action=\"\" method=\"post\" name=\"form1\" target=\"_blank\">\n<p align=\"center\"><select style=\"width: 320px;\" name=\"vinvin\" onchange=\"AllerA(this.form.vinvin)\">\n<option value=\"\">Choix d&#8217;un conseil 2020<\/option>\n<option value=\"http:\/\/verniolle.fr\/wordpress\/wp-content\/uploads\/2020\/06\/PV-conseil-16-juin-2020.pdf\">Conseil municipal du 16 juin 2020<\/option>\n<option value=\"http:\/\/verniolle.fr\/wordpress\/wp-content\/uploads\/2020\/06\/proc\u00e8s-verbal-s\u00e9ance-du-conseil-municipal-du-28.05.2020-2.pdf\">conseil municipal du 28 mai 2020<\/option>\n<option value=\"http:\/\/verniolle.fr\/wordpress\/wp-content\/uploads\/2020\/03\/Conseil_municipal_du-5_mars_2020.pdf\">Conseil_municipal_du 5_mars_2020<\/option>\n<option value=\"http:\/\/verniolle.fr\/wordpress\/wp-content\/uploads\/2020\/02\/conseil-municipal-du-17-02-2020.pdf\">conseil municipal du 17 f\u00e9vrier 2020<\/option>\n<option value=\"http:\/\/verniolle.fr\/wordpress\/wp-content\/uploads\/2020\/01\/conseil_municipal_du_15_janvier_2020.pdf\">Conseil municipal du 15 janvier 2020<\/option>\n<\/select><\/p>\n<p align=\"center\"><select style=\"width: 320px;\" name=\"dixneuf\" onchange=\"AllerA(this.form.dixneuf)\">\n<option value=\"\">Choix d&#8217;un conseil 2019<\/option>\n<option value=\"http:\/\/verniolle.fr\/wordpress\/wp-content\/uploads\/2019\/12\/conseil-municipal-du-23-d\u00e9cembre-2019.pdf\">Conseil municipal du 23 d\u00e9cembre 2019<\/option>\n<option value=\"http:\/\/verniolle.fr\/wordpress\/wp-content\/uploads\/2019\/11\/conseildu18nov2019.pdf\">Conseil municipal du 18 novembre 2019<\/option>\n<option value=\"http:\/\/verniolle.fr\/wordpress\/wp-content\/uploads\/2019\/11\/conseildu12nov2019.pdf\">Conseil municipal du 12 novembre 2019<\/option>\n<option value=\"http:\/\/verniolle.fr\/wordpress\/wp-content\/uploads\/2019\/10\/pv-conseil-octobre2019.pdf\">Conseil municipal du 7 octobre 2019<\/option>\n<option value=\"http:\/\/verniolle.fr\/wordpress\/wp-content\/uploads\/2019\/09\/conseil-municipal-du-02.09.2019.pdf\">Conseil municipal du 2 septembre 2019<\/option>\n<option value=\"http:\/\/verniolle.fr\/wordpress\/wp-content\/uploads\/2019\/07\/conseil-municipal-du-11-juillet-2019.pdf\">conseil municipal du 11 juillet 2019<\/option>\n<option value=\"http:\/\/verniolle.fr\/wordpress\/wp-content\/uploads\/2019\/06\/conseil-municipal-du-24-juin-2019.pdf\">Conseil municipal du 24 juin 2019<\/option>\n<option value=\"http:\/\/verniolle.fr\/wordpress\/wp-content\/uploads\/2019\/06\/PV-conseil-municipal-24.05.2019-1.pdf\">Conseil municipal du 24 mai 2019<\/option>\n<option value=\"http:\/\/verniolle.fr\/wordpress\/wp-content\/uploads\/2019\/04\/conseil-8-avril-2019-2.pdf\">Conseil municipal du 8 avril 2019<\/option>\n<option value=\"http:\/\/verniolle.fr\/wordpress\/wp-content\/uploads\/2019\/04\/conseil_25_mars_2019.pdf\">Conseil municipal du 25 mars 2019<\/option>\n<option value=\"http:\/\/verniolle.fr\/wordpress\/wp-content\/uploads\/2019\/02\/conseil-municipal-du-07.02.2019.pdf\">Conseil municipal du 07 f\u00e9vrier 2019<\/option>\n<option value=\"http:\/\/verniolle.fr\/wordpress\/wp-content\/uploads\/2019\/01\/conseil-municipal-du-16.01.2019.pdf\">Conseil municipal du 16 janvier 2019<\/option>\n<\/select><\/p>\n<p align=\"center\"><select style=\"width: 320px;\" name=\"dixhuit\" onchange=\"AllerA(this.form.dixhuit)\">\n<option value=\"\">Choix d&#8217;un conseil 2018<\/option>\n<option value=\"http:\/\/verniolle.fr\/wordpress\/wp-content\/uploads\/2018\/12\/conseil-municipal-du-19.12.2018.pdf\">Conseil municipal du 19 d\u00e9cembre 2018<\/option>\n<option value=\"http:\/\/verniolle.fr\/wordpress\/wp-content\/uploads\/2018\/10\/Conseil-municipal-20.10.2018.pdf\">Conseil municipal 20 octobre 2018<\/option>\n<option value=\"http:\/\/verniolle.fr\/wordpress\/wp-content\/uploads\/2018\/09\/PV-conseil-municipal-20-septembre-2018.pdf\">Conseil municipal 20 septembre 2018<\/option>\n<option value=\"http:\/\/verniolle.fr\/wordpress\/wp-content\/uploads\/2018\/07\/conseil-municipal-du-2-juillet-2018.pdf\">Conseil municipal du 2 juillet 2018<\/option>\n<option value=\"http:\/\/verniolle.fr\/wordpress\/wp-content\/uploads\/2018\/06\/conseil-municipal-du-29-mai-2018.pdf\">Conseil municipal du 29 mai 2018<\/option>\n<option value=\"http:\/\/verniolle.fr\/wordpress\/wp-content\/uploads\/2018\/04\/conseil-municipal-10-avril-2018.pdf\">Conseil municipal du 10 avril 2018<\/option>\n<option value=\"http:\/\/verniolle.fr\/wordpress\/wp-content\/uploads\/2018\/03\/Conseil-municipal-du-22-mars-2018.pdf\">Conseil municipal du 22 mars 2018<\/option>\n<option value=\"http:\/\/verniolle.fr\/wordpress\/wp-content\/uploads\/2018\/03\/conseil-municipal-du-22-f\u00e9vrier-2018.pdf\">Conseil municipal du 22 f\u00e9vrier 2018<\/option>\n<option value=\"http:\/\/verniolle.fr\/wordpress\/wp-content\/uploads\/2018\/01\/PV-conseil-municipal-18.01.2018.pdf\">Conseil municipal du 18 janvier 2018<\/option>\n<\/select><\/p>\n<p align=\"center\"><select style=\"width: 320px;\" name=\"dixsept\" onchange=\"AllerA(this.form.dixsept)\">\n<option value=\"\">Choix d&#8217;un conseil 2017<\/option>\n<option value=\"http:\/\/verniolle.fr\/wordpress\/wp-content\/uploads\/2017\/12\/conseil-municipal-du-18-d\u00e9cembre-2017.pdf\">Conseil municipal du 18 d\u00e9cembre 2017<\/option>\n<option value=\"http:\/\/verniolle.fr\/wordpress\/wp-content\/uploads\/2017\/12\/PV-conseil-30-nov.pdf\">Conseil municipal du 30 novembre 2017<\/option>\n<option value=\"http:\/\/verniolle.fr\/wordpress\/wp-content\/uploads\/2012\/10\/pv_conseil_23_octobre_2017.pdf\">Conseil municipal du 23 octobre 2017<\/option>\n<option value=\"http:\/\/verniolle.fr\/wordpress\/wp-content\/uploads\/2012\/10\/conseil-municipal-du-13-septembre-2017.pdf\">Conseil municipal du 13 septembre 2017<\/option>\n<option value=\"http:\/\/verniolle.fr\/wordpress\/wp-content\/uploads\/2012\/10\/PV-CM-11-07-2017.pdf\">Conseil municipal du 11 juillet 2017<\/option>\n<option value=\"http:\/\/verniolle.fr\/wordpress\/wp-content\/uploads\/2012\/10\/proc\u00e8s-verbal-s\u00e9ance-conseil-municipal-du-12-juin-2017.pdf\">Conseil municipal du 12 juin 2017<\/option>\n<option value=\"http:\/\/verniolle.fr\/wordpress\/wp-content\/uploads\/2012\/10\/pvconseil_11_avril2017.pdf\">Conseil municipal du 11 avril 2017<\/option>\n<option value=\"http:\/\/verniolle.fr\/wordpress\/wp-content\/uploads\/2012\/10\/conseil-municipal-du-20-mars-2017.pdf\">Conseil municipal du 20 mars 2017<\/option>\n<option value=\"http:\/\/verniolle.fr\/wordpress\/wp-content\/uploads\/2012\/10\/proces-verbal-du-conseil-municipal-du-27-janvier-2017.pdf\">Conseil municipal du 27 janvier 2017<\/option>\n<option value=\"http:\/\/verniolle.fr\/wordpress\/wp-content\/uploads\/2012\/10\/proces-verbal-du-conseil-municipal-du-12-janvier-2017.pdf\">Conseil municipal du 12 janvier 2017<\/option>\n<\/select><\/p>\n<p align=\"center\"><select style=\"width: 320px;\" name=\"seize\" onchange=\"AllerA(this.form.seize)\">\n<option value=\"\">Choix d&#8217;un conseil 2016<\/option>\n<option value=\"http:\/\/verniolle.fr\/wordpress\/wp-content\/uploads\/2012\/10\/proces-verbal-seance-conseil-municipal-du-8-d\u00e9cembre-2016.pdf\">Conseil municipal du 8 d\u00e9cembre 2016<\/option>\n<option value=\"http:\/\/verniolle.fr\/wordpress\/wp-content\/uploads\/2012\/10\/PV-CM-1.pdf\">Conseil municipal du 17 novembre 2016<\/option>\n<option value=\"http:\/\/verniolle.fr\/wordpress\/wp-content\/uploads\/2012\/10\/pvdupremieroctobre2016.pdf\">Conseil municipal du 1 octobre 2016<\/option>\n<option value=\"http:\/\/verniolle.fr\/wordpress\/wp-content\/uploads\/2012\/10\/pv_cm20septembre2016.pdf.pdf\">Conseil municipal du 20 septembre 2016<\/option>\n<option value=\"http:\/\/verniolle.fr\/wordpress\/wp-content\/uploads\/2012\/10\/conseil_du21juillet2016.pdf\">Conseil municipal du 21 juillet 2016<\/option>\n<option value=\"http:\/\/verniolle.fr\/wordpress\/wp-content\/uploads\/2012\/10\/pvconseildu16juin2016.pdf\">Conseil municipal du 16 juin 2016<\/option>\n<option value=\"http:\/\/verniolle.fr\/wordpress\/wp-content\/uploads\/2012\/10\/pv-cm-14_avril_2016.pdf\">Conseil municipal du 14 avril 2016<\/option>\n<option value=\"http:\/\/verniolle.fr\/wordpress\/wp-content\/uploads\/2012\/10\/pv-cm-29mars2016.pdf\">Conseil municipal du 29 mars 2016<\/option>\n<option value=\"http:\/\/verniolle.fr\/wordpress\/wp-content\/uploads\/2016\/03\/S14-2-8316030710370.pdf\">Conseil municipal du 23 f\u00e9vrier 2016<\/option>\n<option value=\"http:\/\/verniolle.fr\/wordpress\/wp-content\/uploads\/2012\/10\/proces-verbal-conseil-municipal-19-janvier-2016.pdf\">Conseil municipal du 19 janvier 2016<\/option>\n<\/select><\/p>\n<p align=\"center\"><select style=\"width: 320px;\" name=\"quinze\" onchange=\"AllerA(this.form.quinze)\">\n<option value=\"\">Choix d&#8217;un conseil 2015<\/option>\n<option value=\"http:\/\/verniolle.fr\/wordpress\/wp-content\/uploads\/2012\/10\/pv_15-12-2015.pdf\">Conseil municipal du 15 d\u00e9cembre 2015<\/option>\n<option value=\"http:\/\/verniolle.fr\/wordpress\/wp-content\/uploads\/2012\/10\/PV-conseil-municipal-24-novembre-2015.pdf\">Conseil municipal du 24 novembre 2015<\/option>\n<option value=\"http:\/\/verniolle.fr\/wordpress\/wp-content\/uploads\/2012\/10\/PV-conseil-municipal-9-octobre-2015.pdf\">Conseil municipal 9 octobre 2015<\/option>\n<option value=\"http:\/\/verniolle.fr\/wordpress\/wp-content\/uploads\/2012\/10\/proc\u00e8s-verbal-s\u00e9ance-du-01-septembre-2015.pdf\">Conseil municipal du 01 septembre 2015<\/option>\n<option value=\"http:\/\/verniolle.fr\/wordpress3.51\/wp-content\/uploads\/2012\/10\/PV-16-JUILLET-2015.pdf\">Conseil municipal du 16 juillet 2015<\/option>\n<option value=\"http:\/\/verniolle.fr\/wordpress\/wp-content\/uploads\/2012\/10\/Proces-verbal-conseil-municipal-du-23-juin-2015-.pdf\">Conseil municipal du 23 juin 2015<\/option>\n<option value=\"http:\/\/verniolle.fr\/wordpress\/wp-content\/uploads\/2012\/10\/PV-s\u00e9ance-conseil-municipal-30-mai-2015.pdf\">Conseil municipal 30 mai 2015<\/option>\n<option value=\"http:\/\/verniolle.fr\/wordpress\/wp-content\/uploads\/2012\/10\/Proc\u00e8s-verbal-s\u00e9ance-du-conseil-municipal-du-14-avril-2015.pdf\">Conseil municipal du 14 avril 2015<\/option>\n<option value=\"http:\/\/verniolle.fr\/wordpress\/wp-content\/uploads\/2012\/10\/pv_cm_28_mars_2015.pdf\">Conseil municipal du 28 mars 2015<\/option>\n<option value=\"http:\/\/verniolle.fr\/wordpress\/wp-content\/uploads\/2012\/10\/proces-verbal-conseil-municipal-du-23-f\u00e9vrier-2015.pdf\">Conseil municipal du 23 f\u00e9vrier 2015<\/option>\n<option value=\"http:\/\/verniolle.fr\/wordpress\/wp-content\/uploads\/2012\/10\/proces-verbal-conseil-municipal-du-14-janvier-2015.pdf\">Conseil municipal du 14 janvier 2015<\/option>\n<\/select><\/p>\n<p align=\"center\"><select style=\"width: 320px;\" name=\"quatorze\" onchange=\"AllerA(this.form.quatorze)\">\n<option value=\"\">Choix d&#8217;un conseil 2014<\/option>\n<option value=\"http:\/\/verniolle.fr\/wordpress\/wp-content\/uploads\/2012\/10\/conseildu_.pdf\">Conseil municipal du 22 d\u00e9cembre 2014<\/option>\n<option value=\"http:\/\/verniolle.fr\/wordpress\/wp-content\/uploads\/2012\/10\/conseil_du_8_dec_2014.pdf\">Conseil municipal du 8 d\u00e9cembre 2014<\/option>\n<option value=\"http:\/\/verniolle.fr\/wordpress\/wp-content\/uploads\/2012\/10\/pv_cm_nov2014.pdf\">Conseil municipal du 19 novembre 2014<\/option>\n<option value=\"http:\/\/verniolle.fr\/wordpress\/wp-content\/uploads\/2012\/10\/pv-conseil_du_13_octobre_2014.pdf\">Conseil municipal du 13 octobre 2014<\/option>\n<option value=\"http:\/\/verniolle.fr\/wordpress\/wp-content\/uploads\/2012\/10\/Proc\u00e8s-verbal-du-conseil-municipal-du-13-septembre-2014.pdf\">Conseil municipal du 13 septembre 2014<\/option>\n<option value=\"http:\/\/verniolle.fr\/wordpress\/wp-content\/uploads\/2012\/10\/Pvconseil9-08-2014.pdf\">Conseil municipal du 9 ao\u00fbt 2014<\/option>\n<option value=\"http:\/\/verniolle.fr\/wordpress\/wp-content\/uploads\/2012\/10\/Proces-verbal-du-conseil-municipal-du-20-juin-2014.pdf\">Conseil municipal du 20 juin 2014<\/option>\n<option value=\"http:\/\/verniolle.fr\/wordpress\/wp-content\/uploads\/2012\/10\/PV-conseil-municipal-du-24-mai-2014.pdf\">Conseil municipal du 24 mai 2014<\/option>\n<option value=\"http:\/\/verniolle.fr\/wordpress\/wp-content\/uploads\/2012\/10\/Proces-Verbal-conseil-municipal-du-25-avril-2014.pdf\">Conseil municipal du 25 avril 2014<\/option>\n<option value=\"http:\/\/verniolle.fr\/wordpress3.51\/wp-content\/uploads\/2012\/10\/PV-CM04-04-2014.pdf\">Conseil municipal du 4 avril 2014<\/option>\n<option value=\"http:\/\/verniolle.fr\/wordpress\/wp-content\/uploads\/2012\/10\/proces-verbal-conseil-municipal-du-30-mars-2014.pdf\">Conseil municipal du 30 mars 2014<\/option>\n<option value=\"http:\/\/verniolle.fr\/wordpress\/wp-content\/uploads\/2012\/10\/conseil_du_11_mars_2014.pdf\">Conseil municipal du 11 mars 2014<\/option>\n<option value=\"http:\/\/verniolle.fr\/wordpress\/wp-content\/uploads\/2012\/10\/conseil-municipal-14-janvier-2014.pdf\">Conseil municipal du 14 janvier 2014<\/option>\n<\/select><\/p>\n<p align=\"center\"><select style=\"width: 320px;\" name=\"treize\" onchange=\"AllerA(this.form.treize)\">\n<option value=\"\">Choix d&#8217;un conseil 2013<\/option>\n<option value=\"http:\/\/verniolle.fr\/wordpress\/wp-content\/uploads\/2012\/10\/proces-verbal-conseil-municipal-du-4-d\u00e9cembre-2013.pdf\">Conseil municipal du 4 d\u00e9cembre 2013<\/option>\n<option value=\"http:\/\/verniolle.fr\/wordpress\/wp-content\/uploads\/2012\/10\/pv5-nov-2013.pdf\">Conseil municipal du 5 novembre 2013<\/option>\n<option value=\"http:\/\/verniolle.fr\/wordpress\/wp-content\/uploads\/2012\/10\/proces-verbal_conseil_municipal_du_10_septembre_2013.pdf\">Conseil municipal du 10 septembre 2013<\/option>\n<option value=\"http:\/\/verniolle.fr\/wordpress\/wp-content\/uploads\/2012\/10\/Proc\u00e8s-verbal-du-conseil-municipal-du-4-juillet-2013.pdf\">Conseil municipal du 4 juillet 2013<\/option>\n<option value=\"http:\/\/verniolle.fr\/wordpress\/wp-content\/uploads\/2012\/10\/Proces-verbal-conseil-municipal-du-6-juin-2013.pdf\">Conseil municipal du 6 juin 2013<\/option>\n<option value=\"http:\/\/verniolle.fr\/wordpress\/wp-content\/uploads\/2013\/04\/PVCM.pdf\">Conseil municipal du 9 avril 2013<\/option>\n<option value=\"http:\/\/verniolle.fr\/wordpress\/wp-content\/uploads\/2013\/04\/PVCM18mars2013.pdf\">Conseil municipal du 18 mars 2013<\/option>\n<option value=\"http:\/\/verniolle.fr\/wordpress\/wp-content\/uploads\/2013\/02\/pv-11-02-13.pdf\">Conseil municipal du 11 f\u00e9vrier 2013<\/option>\n<option value=\"http:\/\/verniolle.fr\/wordpress\/wp-content\/uploads\/2013\/02\/proc\u00e8s-verbal-conseil-municipal-du-21-janvier-2013.pdf\">Conseil municipal du 21 janvier 2013<\/option>\n<\/select><\/p>\n<p align=\"center\"><select style=\"width: 320px;\" name=\"douze\" onchange=\"AllerA(this.form.douze)\">\n<option value=\"\">Choix d&#8217;un conseil 2012<\/option>\n<option value=\"http:\/\/verniolle.fr\/wordpress\/wp-content\/uploads\/2013\/01\/Conseil18dec2012.pdf\">Conseil municipal du 18 d\u00e9cembre 2012<\/option>\n<option value=\"http:\/\/verniolle.fr\/wordpress\/wp-content\/uploads\/2013\/01\/PV-CM3.pdf\">Conseil municipal du 26 novembre 2012<\/option>\n<option value=\"http:\/\/verniolle.fr\/wordpress\/wp-content\/uploads\/2012\/11\/Conseil_municipal_11-10-2012.pdf\">Conseil municipal du 11 octobre 2012<\/option>\n<option value=\"http:\/\/verniolle.fr\/wordpress\/wp-content\/uploads\/2012\/10\/PV-CM1.pdf\">Conseil municipal du 11 septembre 2012<\/option>\n<\/select><\/p>\n<p><a href=\"http:\/\/verniolle.fr\/wordpress\/conseils-archives\/\" target=\"_blank\" rel=\"noopener noreferrer\">PV archiv\u00e9s<\/a><\/p>\n<p><span class=\"tadv-format-panel\" style=\"color: #339966;\">Note : Penser \u00e0 d\u00e9sactiver le bloqueur de fen\u00eatres<\/span> (bandeau jaune en haut de l&#8217;\u00e9cran)<span class=\"tadv-format-panel\" style=\"color: #339966;\"> pour le site <span class=\"tadv-format-panel\" style=\"color: #0000ff;\"><em><strong>verniolle.fr<\/strong><\/em><\/span> en cas de dysfonctionnement du lien.<\/span><\/p>\n<\/form>\n\n\n\n\n","protected":false},"excerpt":{"rendered":"<p>&lt;- Retour\u00a0 Consulter le compte rendu d&#8217;un Conseil Municipal ci dessous.Proc\u00e8s verbaux des Conseils Municipaux\u00a0 Choix d&#8217;un conseil 2020Conseil municipal du 16 juin 2020conseil municipal du 28 mai 2020Conseil_municipal_du 5_mars_2020conseil municipal du 17 f\u00e9vrier 2020Conseil municipal du 15 janvier 2020 Choix d&#8217;un conseil 2019Conseil municipal du 23 d\u00e9cembre 2019Conseil municipal du 18 novembre 2019Conseil municipal [&hellip;]<\/p>\n","protected":false},"author":3,"featured_media":0,"parent":0,"menu_order":0,"comment_status":"closed","ping_status":"open","template":"","meta":[],"_links":{"self":[{"href":"http:\/\/verniolle.fr\/wordpress\/wp-json\/wp\/v2\/pages\/768"}],"collection":[{"href":"http:\/\/verniolle.fr\/wordpress\/wp-json\/wp\/v2\/pages"}],"about":[{"href":"http:\/\/verniolle.fr\/wordpress\/wp-json\/wp\/v2\/types\/page"}],"author":[{"embeddable":true,"href":"http:\/\/verniolle.fr\/wordpress\/wp-json\/wp\/v2\/users\/3"}],"replies":[{"embeddable":true,"href":"http:\/\/verniolle.fr\/wordpress\/wp-json\/wp\/v2\/comments?post=768"}],"version-history":[{"count":176,"href":"http:\/\/verniolle.fr\/wordpress\/wp-json\/wp\/v2\/pages\/768\/revisions"}],"predecessor-version":[{"id":5171,"href":"http:\/\/verniolle.fr\/wordpress\/wp-json\/wp\/v2\/pages\/768\/revisions\/5171"}],"wp:attachment":[{"href":"http:\/\/verniolle.fr\/wordpress\/wp-json\/wp\/v2\/media?parent=768"}],"curies":[{"name":"wp","href":"https:\/\/api.w.org\/{rel}","templated":true}]}}