{"id":7282,"date":"2024-01-29T16:43:32","date_gmt":"2024-01-29T14:43:32","guid":{"rendered":"https:\/\/verniolle.fr\/wordpress\/?page_id=7282"},"modified":"2024-04-23T15:09:48","modified_gmt":"2024-04-23T13:09:48","slug":"le-recensement-citoyen","status":"publish","type":"page","link":"http:\/\/verniolle.fr\/wordpress\/le-recensement-citoyen\/","title":{"rendered":"Le recensement citoyen"},"content":{"rendered":"\n<h4>\u00a0<\/h4>\n<h4><img decoding=\"async\" loading=\"lazy\" class=\"aligncenter\" src=\"https:\/\/www.basse-goulaine.fr\/medias\/2016\/10\/recensement.jpg\" alt=\"Recensement citoyen obligatoire\" width=\"444\" height=\"248\" \/><\/h4>\n<p>\u00a0<\/p>\n<h4><span style=\"color: #ff6600;\"><strong>Tout fran\u00e7ais \u00e2g\u00e9 de 16 ans doit spontan\u00e9ment se faire recenser aupr\u00e8s de sa mairie (ou aupr\u00e8s de son Consulat, lorsqu\u2019il r\u00e9side \u00e0\u00a0l\u2019\u00e9tranger) en vue de participer \u00e0 la Journ\u00e9e D\u00e9fense et Citoyennet\u00e9 (JDC). Tous les jeunes fran\u00e7ais, gar\u00e7ons et filles, sont concern\u00e9s.<\/strong><\/span><\/h4>\n<p><em><strong>La Journ\u00e9e D\u00e9fense et Citoyennet\u00e9 est une\u00a0formalit\u00e9 obligatoire\u00a0organis\u00e9e par le Minist\u00e8re des Arm\u00e9es qui vous permet de vous pr\u00e9senter aux concours et examens publics (Baccalaur\u00e9at, permis de conduire, etc\u2026).<\/strong><\/em><\/p>\n<p>\u00a0<\/p>\n<h3 id=\"comment-se-faire-recenser\" class=\"title  is-level-3\"><span style=\"color: #ff9900;\">Comment se faire recenser\u00a0?<\/span><\/h3>\n<div class=\"text\" data-controller=\"text\">Le jeune mineur (16 \u00e0 18 ans) peut effectuer seul cette d\u00e9marche ou se faire repr\u00e9senter par ses parents.<\/div>\n<div data-controller=\"text\">\u00a0<\/div>\n<div class=\"text\" data-controller=\"text\">\n<div data-target=\"text.textContainer\">Le jeune majeur qui r\u00e9gularise sa situation apr\u00e8s un oubli doit effectuer personnellement cette d\u00e9marche et ne peut se faire repr\u00e9senter.<\/div>\n<div data-target=\"text.textContainer\">\u00a0<\/div>\n<\/div>\n<div class=\"text\" data-controller=\"text\">\n<div data-target=\"text.textContainer\">Si vous \u00eates \u00e9tranger, aucune d\u00e9marche n\u2019est n\u00e9cessaire et aucune attestation ne vous sera demand\u00e9e lors d\u2019une inscription \u00e0 un examen ou au permis de conduire.<\/div>\n<\/div>\n<div data-target=\"text.textContainer\">\u00a0<\/div>\n<h3 data-target=\"text.textContainer\"><span style=\"color: #ff9900;\">Quand se faire recenser ?\u00a0 \u00a0 \u00a0<\/span><\/h3>\n<p>Les jeunes fran\u00e7ais doivent se faire recenser entre la date de leur 16e anniversaire et les 3 mois suivants.<\/p>\n<p>Pass\u00e9 ce d\u00e9lai, une r\u00e9gularisation de votre situation est possible jusqu&#8217;\u00e0 votre 25e anniversaire.<\/p>\n<p>Si vous \u00eates devenu fran\u00e7ais entre 16 et 25 ans, vous disposez d&#8217;un mois pour effectuer votre recensement.<\/p>\n<h3><span style=\"color: #ff9900;\">Quelles sont les pi\u00e8ces \u00e0 fournir ?<\/span><\/h3>\n<ul style=\"list-style-type: square;\">\n<li><span style=\"color: #000000;\">Une pi\u00e8ce d&#8217;identit\u00e9 en cours de validit\u00e9 (carte nationale d&#8217;identit\u00e9 ou passeport) ou tout autre document prouvant la nationalit\u00e9 fran\u00e7aise.<\/span><\/li>\n<li>Le livret de famille ou une copie int\u00e9grale de l&#8217;acte de naissance.<\/li>\n<li>Un justificatif de domicile<\/li>\n<li>Une carte mobilit\u00e9 inclusion &#8220;invalidit\u00e9&#8221; le cas \u00e9ch\u00e9ant.<\/li>\n<\/ul>\n<h3><span style=\"color: #ff9900;\">L&#8217;attestation de recensement<\/span><\/h3>\n<p><span style=\"color: #000000;\">\u00c0 la suite du recensement, la mairie d\u00e9livre une attestation de recensement.\u00a0<\/span><\/p>\n<p>Cette attestation ouvre des droits :<\/p>\n<ul>\n<li>pour se pr\u00e9senter aux examens et concours soumis \u00e0 l&#8217;autorit\u00e9 publique (baccalaur\u00e9at, conduite accompagn\u00e9e, permis de conduire etc.)<\/li>\n<li>pour \u00eatre inscrit d&#8217;office sur les listes \u00e9lectorales, si les conditions l\u00e9gales sont remplies.<\/li>\n<\/ul>\n<p>\u00a0<\/p>\n<h3><span style=\"color: #ff0000;\">Perte ou vol de l&#8217;attestation<\/span><\/h3>\n<p><strong><span style=\"color: #ff0000;\">La mairie ne d\u00e9livre pas de duplicata de l&#8217;attestation de recensement. Elle doit \u00eatre conserv\u00e9e soigneusement.<\/span><\/strong><\/p>\n<p><strong><span style=\"color: #ff0000;\">Il est toutefois possible de demander un justificatif aupr\u00e8s du centre du service national \u00e0 l&#8217;adresse mail suivante: csnj-toulouse.trait.fct@intradef.gouv.fr ou par t\u00e9l\u00e9phone au 09.70.84.51.51<\/span><\/strong><\/p>\n<p>\u00a0<\/p>\n<p><span style=\"text-decoration: underline;\"><strong>Apr\u00e8s le recensement, en cas de changement de situation (\u00e9tat civil, d\u00e9m\u00e9nagement, absence de plus de 4 mois\u2026), l&#8217;int\u00e9ress\u00e9 doit se signaler aupr\u00e8s du Centre du Service National.\u00a0<\/strong><\/span><\/p>\n<p>\u00a0<\/p>\n<div data-target=\"text.textContainer\">\n<table style=\"width: 100%; border-collapse: collapse; border-style: double; border-color: #120404; background-color: #e6b98a; height: 269px;\">\n<tbody>\n<tr style=\"height: 269px;\">\n<td style=\"width: 100%; height: 269px;\">\n<h3><span style=\"color: #000000;\"><strong>Si vous \u00eates en situation de handicap<\/strong><\/span><\/h3>\n<p>Vous avez une carte mobilit\u00e9 inclusion \u00ab invalidit\u00e9 \u00bb ou votre handicap invalidant vous rend inapte \u00e0 participer \u00e0 la Journ\u00e9e D\u00e9fense et Citoyennet\u00e9 (JDC) : vous pouvez demander une exemption de JDC lors de votre recensement ou ult\u00e9rieurement en contactant le Centre du Service National et de la Jeunesse de Toulouse : <strong>csnj-toulouse.trait.fct@intradef.gouv.fr<\/strong><\/p>\n<p>Vous devrez joindre votre carte mobilit\u00e9 inclusion \u00ab\u00a0invalidit\u00e9\u00a0\u00bb lors du recensement. \u00c0 d\u00e9faut, des documents m\u00e9dicaux vous serez r\u00e9clam\u00e9s ult\u00e9rieurement par le Centre du Service National.<\/p>\n<\/td>\n<\/tr>\n<\/tbody>\n<\/table>\n<\/div>\n","protected":false},"excerpt":{"rendered":"<p>\u00a0 \u00a0 Tout fran\u00e7ais \u00e2g\u00e9 de 16 ans doit spontan\u00e9ment se faire recenser aupr\u00e8s de sa mairie (ou aupr\u00e8s de son Consulat, lorsqu\u2019il r\u00e9side \u00e0\u00a0l\u2019\u00e9tranger) en vue de participer \u00e0 la Journ\u00e9e D\u00e9fense et Citoyennet\u00e9 (JDC). Tous les jeunes fran\u00e7ais, gar\u00e7ons et filles, sont concern\u00e9s. La Journ\u00e9e D\u00e9fense et Citoyennet\u00e9 est une\u00a0formalit\u00e9 obligatoire\u00a0organis\u00e9e par le [&hellip;]<\/p>\n","protected":false},"author":1,"featured_media":0,"parent":0,"menu_order":0,"comment_status":"closed","ping_status":"closed","template":"","meta":[],"_links":{"self":[{"href":"http:\/\/verniolle.fr\/wordpress\/wp-json\/wp\/v2\/pages\/7282"}],"collection":[{"href":"http:\/\/verniolle.fr\/wordpress\/wp-json\/wp\/v2\/pages"}],"about":[{"href":"http:\/\/verniolle.fr\/wordpress\/wp-json\/wp\/v2\/types\/page"}],"author":[{"embeddable":true,"href":"http:\/\/verniolle.fr\/wordpress\/wp-json\/wp\/v2\/users\/1"}],"replies":[{"embeddable":true,"href":"http:\/\/verniolle.fr\/wordpress\/wp-json\/wp\/v2\/comments?post=7282"}],"version-history":[{"count":7,"href":"http:\/\/verniolle.fr\/wordpress\/wp-json\/wp\/v2\/pages\/7282\/revisions"}],"predecessor-version":[{"id":7575,"href":"http:\/\/verniolle.fr\/wordpress\/wp-json\/wp\/v2\/pages\/7282\/revisions\/7575"}],"wp:attachment":[{"href":"http:\/\/verniolle.fr\/wordpress\/wp-json\/wp\/v2\/media?parent=7282"}],"curies":[{"name":"wp","href":"https:\/\/api.w.org\/{rel}","templated":true}]}}