{"id":7279,"date":"2024-01-29T16:43:32","date_gmt":"2024-01-29T14:43:32","guid":{"rendered":"https:\/\/verniolle.fr\/wordpress\/?page_id=7279"},"modified":"2024-04-23T15:07:14","modified_gmt":"2024-04-23T13:07:14","slug":"le-p-a-c-s","status":"publish","type":"page","link":"http:\/\/verniolle.fr\/wordpress\/le-p-a-c-s\/","title":{"rendered":"Le P.A.C.S"},"content":{"rendered":"\n<h3><img decoding=\"async\" loading=\"lazy\" class=\"aligncenter\" src=\"https:\/\/www.villersautertre.fr\/fileadmin\/Public\/Photos_diverses_a_trier\/visuel-pacs.jpg\" alt=\"Pacte de Solidarit\u00e9 Civil (PACS) - Villers-au-Tertre\" width=\"360\" height=\"270\" \/><\/h3>\n<h3>\u00a0<\/h3>\n<h3><span style=\"color: #3366ff;\">Qui peut se Pacser ?<\/span><\/h3>\n<p>Le pacte civil de solidarit\u00e9 (PACS) est un contrat conclu entre deux personnes physiques, majeures, de sexe diff\u00e9rent ou de m\u00eame sexe. Elles s&#8217;engagent \u00e0 une vie commune ainsi qu&#8217;\u00e0 une aide mat\u00e9rielle et une assistance r\u00e9ciproques.<\/p>\n<p><span style=\"text-decoration: underline;\">Un PACS ne peut pas \u00eatre conclu :<\/span><\/p>\n<ul>\n<li>entre ascendant et descendant en ligne directe, entre alli\u00e9s en ligne directe (belle-m\u00e8re et gendre, beau-p\u00e8re et bru, etc.) et entre collat\u00e9raux jusqu&#8217;au troisi\u00e8me degr\u00e9 inclus (fr\u00e8res et s\u0153urs, oncles et ni\u00e8ces, etc.) ;<\/li>\n<li>si l&#8217;une des deux personnes est d\u00e9j\u00e0 mari\u00e9e ou d\u00e9j\u00e0 engag\u00e9e par un PACS.<\/li>\n<\/ul>\n<p>Un PACS peut, sous certaines conditions, \u00eatre conclu par une personne sous curatelle ou tutelle.<\/p>\n<h3 id=\"les-conditions-a-remplir\" class=\"title  is-level-4\"><span style=\"color: #3366ff;\">Les conditions \u00e0 remplir<\/span><\/h3>\n<div class=\"text\" data-controller=\"text\">\n<div data-target=\"text.textContainer\">Les futurs partenaires\u00a0:<\/div>\n<\/div>\n<ul class=\"list\">\n<li data-controller=\"list\">\n<div data-target=\"list.liContainer\">doivent \u00eatre majeurs<\/div>\n<\/li>\n<li data-controller=\"list\">\n<div data-target=\"list.liContainer\">ne doivent pas \u00eatre mari\u00e9s ou pacs\u00e9s<\/div>\n<\/li>\n<li data-controller=\"list\">\n<div data-target=\"list.liContainer\">ne doivent pas avoir entre eux de liens familiaux directs<\/div>\n<\/li>\n<li data-controller=\"list\">\n<div data-target=\"list.liContainer\">doivent \u00eatre juridiquement capables (un majeur sous curatelle ou tutelle peut se pacser sous conditions)<\/div>\n<\/li>\n<\/ul>\n<div class=\"text\" data-controller=\"text\">\n<div data-target=\"text.textContainer\"><span style=\"text-decoration: underline;\">Les partenaires s\u2019adressent\u00a0:<\/span><\/div>\n<\/div>\n<ul class=\"list\">\n<li data-controller=\"list\">\n<p data-target=\"list.liContainer\">soit \u00e0 la mairie du lieu de leur r\u00e9sidence<\/p>\n<\/li>\n<li data-controller=\"list\">\n<div data-target=\"list.liContainer\">soit \u00e0 un notaire<\/div>\n<\/li>\n<\/ul>\n<h3 id=\"les-pieces-a-fournir-par-chaque-partenaire\" class=\"title  is-level-4\"><span style=\"color: #3366ff;\">Les pi\u00e8ces \u00e0 fournir par chaque partenaire<\/span><\/h3>\n<ul>\n<li><span style=\"color: #ff0000;\"><strong>Acte de naissance en copie int\u00e9grale<\/strong> <strong>(validit\u00e9 : 3 mois au jour du rendez-vous)<\/strong><\/span> : les actes photocopi\u00e9s, num\u00e9ris\u00e9s ou transmis par fax ne sont pas accept\u00e9s. Le livret de famille ne peut pas remplacer l&#8217;acte de naissance. <em><span style=\"text-decoration: underline;\"><strong>Pour les personnes n\u00e9es en France<\/strong>,<\/span> adressez-vous \u00e0 la mairie du lieu de naissance. <strong><span style=\"text-decoration: underline;\">Pour les fran\u00e7ais n\u00e9s \u00e0 l&#8217;\u00e9tranger,<\/span><\/strong> adressez-vous au Service Central de l&#8217;Etat Civil de Nantes.<\/em><\/li>\n<\/ul>\n<p><span style=\"color: #3366ff;\">Important : Si l&#8217;enregistrement d&#8217;un PACS figure sur l&#8217;acte de naissance, sa dissolution doit y \u00eatre inscrite. Si vous \u00eates divorc\u00e9(e), la mention de divorce doit obligatoirement figurer dans l&#8217;acte de naissance. Si l&#8217;acte de naissance comporte une mention R\u00e9pertoire Civil (RC), veuillez en demander le contenu au Tribunal Judiciaire de votre lieu de naissance ou au service central de l&#8217;Etat Civil (si vous \u00eates n\u00e9(e) \u00e0 l&#8217;\u00e9tranger).<\/span><\/p>\n<ul>\n<li><span style=\"color: #ff0000;\"><strong>Acte de naissance en copie int\u00e9grale traduit <span style=\"text-decoration: underline;\">pour les \u00e9trangers n\u00e9s \u00e0 l&#8217;\u00e9tranger<\/span> (validit\u00e9 : 6 mois au jour du rendez-vous) <\/strong><\/span><span style=\"color: #000000;\">: celui-ci doit \u00eatre l\u00e9galis\u00e9 ou \u00e9ventuellement rev\u00eatu d&#8217;une apostille (c&#8217;est \u00e0 dire authentifi\u00e9 par les<br \/>autorit\u00e9s du pays d&#8217;origine). Pour les actes sous format plurilingue il y a dispense d&#8217;apostille, ou de<br \/>l\u00e9galisation et de traduction. Pour plus de renseignement veuillez vous rapprocher de vos<br \/>autorit\u00e9s. Si l&#8217;acte n&#8217;est pas r\u00e9dig\u00e9 en langue fran\u00e7aise, celui-ci doit \u00eatre traduit par un traducteur asserment\u00e9<br \/>en France.<\/span><\/li>\n<li><span style=\"color: #ff0000;\"><strong>Pi\u00e8ces d&#8217;identit\u00e9 :<\/strong> <\/span>(carte nationale d&#8217;identit\u00e9, passeport, titre de s\u00e9jour\u2026) en cours de validit\u00e9.<\/li>\n<\/ul>\n<p>\u00a0<\/p>\n<h3><span style=\"text-decoration: underline; color: #3366ff;\">Les partenaires doivent compl\u00e9ter les formulaires ci-dessous :<\/span><\/h3>\n<ul style=\"list-style-type: square;\">\n<li><a href=\"http:\/\/verniolle.fr\/wordpress\/wp-content\/uploads\/2024\/04\/scan.pdf\">D\u00e9claration conjointe d&#8217;un PACS et attestation sur l&#8217;honneur de non-parent\u00e9<\/a><\/li>\n<li><a href=\"http:\/\/verniolle.fr\/wordpress\/wp-content\/uploads\/2024\/04\/CERFA-CONVENTION-PACS.pdf\">Convention-type de PACS<\/a><\/li>\n<\/ul>\n<p>\u00a0<\/p>\n<h3><span style=\"color: #3366ff;\">Pi\u00e8ces compl\u00e9mentaires obligatoires pour <span style=\"text-decoration: underline;\">les partenaires divorc\u00e9(e)s, veuf(ve)s,<\/span><\/span><br \/><span style=\"text-decoration: underline;\"><span style=\"color: #3366ff; text-decoration: underline;\">sous r\u00e9gime de protection juridique, et\/ou de nationalit\u00e9 \u00e9trang\u00e8re<\/span><\/span><\/h3>\n<p><br \/><strong><span style=\"color: #ff0000;\">Vous \u00eates divorc\u00e9(e) :<\/span><\/strong><br \/>\u27a2 Si la mention de divorce n&#8217;appara\u00eet pas sur l&#8217;acte de naissance, produire le livret de famille<br \/>avec la mention du divorce, ou l\u2019acte de mariage avec la mention du divorce.<br \/>\u27a2 S&#8217;il s&#8217;agit d&#8217;un livret de famille \u00e9tranger ou d\u2019un acte \u00e9tranger, il doit \u00eatre traduit par les<br \/>autorit\u00e9s consulaires ou par un traducteur agr\u00e9\u00e9 inscrit aupr\u00e8s de la Cour d&#8217;appel.<\/p>\n<p>\u00a0<\/p>\n<p><strong><span style=\"color: #ff0000;\">Vous \u00eates veuf(ve) :<\/span><\/strong><br \/>Copie int\u00e9grale de l&#8217;acte de naissance du d\u00e9funt avec la mention du d\u00e9c\u00e8s ou acte de d\u00e9c\u00e8s ou<br \/>livret de famille avec mention du d\u00e9c\u00e8s.<\/p>\n<p>\u00a0<\/p>\n<p><strong><span style=\"color: #ff0000;\">Vous \u00eates sous tutelle, curatelle ou sauvegarde de justice :<\/span><\/strong><br \/>\u27a2 un extrait du r\u00e9pertoire civil \u00e0 demander au Tribunal Judiciaire de votre lieu de naissance<br \/>ou au service central de l&#8217;\u00c9tat Civil (si vous \u00eates n\u00e9(e) \u00e0 l&#8217;\u00e9tranger).<br \/>\u27a2 la d\u00e9cision du tribunal (jugement d\u00e9signant le tuteur ou curateur)<br \/>\u27a2 la pi\u00e8ce d\u2019identit\u00e9 du tuteur ou curateur d\u00e9sign\u00e9 dans la d\u00e9cision.<br \/>Par ailleurs<span style=\"text-decoration: underline;\"><em> la convention devra \u00eatre contresign\u00e9e par le tuteur ou le curateur.<\/em><\/span> En revanche, sa<br \/>pr\u00e9sence n\u2019est pas n\u00e9cessaire pour l\u2019enregistrement du Pacs.<\/p>\n<p>\u00a0<\/p>\n<p><span style=\"color: #ff0000;\"><strong>Vous \u00eates de nationalit\u00e9 \u00e9trang\u00e8re :<\/strong><\/span><br \/>\u27a2 Certificat de coutume et certificat de c\u00e9libat datant de moins de 6 mois (si la preuve du<br \/>c\u00e9libat ne figure pas dans le certificat de coutume) : document \u00e9tabli par l&#8217;autorit\u00e9 ou par la<br \/>repr\u00e9sentation diplomatique ou consulaire. Ce certificat indique la l\u00e9gislation en vigueur de<br \/>l\u2019\u00c9tat et les pi\u00e8ces \u00e9trang\u00e8res prouvant que le partenaire est majeur, c\u00e9libataire et<br \/>juridiquement capable. S&#8217;il est pr\u00e9sent\u00e9 en langue \u00e9trang\u00e8re, il devra \u00eatre traduit par un<br \/>traducteur asserment\u00e9. Enfin il devra \u00eatre \u00e9ventuellement l\u00e9galis\u00e9 ou comporter l&#8217;apostille.<\/p>\n<p>\u00a0<\/p>\n<p>\u27a2 Certificat de non Pacs et de non inscription au r\u00e9pertoire civil et au r\u00e9pertoire civil annexe,<br \/>datant de moins de trois mois.<br \/>Ce document est \u00e0 solliciter aupr\u00e8s du service Central de l\u2019\u00c9tat Civil de Nantes soit en ligne, soit par<br \/>courrier postal :<\/p>\n<p><a href=\"https:\/\/www.service-public.fr\/particuliers\/vosdroits\/R57680\">Demander en ligne un certificat de non-Pacs (D\u00e9marche en ligne) | Service-Public.fr<\/a><\/p>\n<p>\u2022 par courrier postal \u00e0 l\u2019aide du formulaire cerfa n\u00b012819*06 t\u00e9l\u00e9chargeable \u00e0 cette adresse :\u00a0<br \/><a href=\"https:\/\/www.service-public.fr\/particuliers\/vosdroits\/R2107\">Demander un certificat de non-Pacs pour le partenaire \u00e9tranger n\u00e9 \u00e0 l&#8217;\u00e9tranger (Formulaire 12819*06) | Service-Public.fr<\/a><br \/>Service central de l\u2019\u00e9tat civil<br \/>Section RC\/RCA\/PACS<br \/>11, rue de la Maison Blanche<br \/>44941 NANTES cedex 09<\/p>\n<p>\u00a0<\/p>\n<p><strong><span style=\"color: #ff0000;\">Vous avez la qualit\u00e9 d&#8217;apatride ou de r\u00e9fugi\u00e9<\/span><\/strong><br \/>Vous n&#8217;avez pas \u00e0 produire de certificat de coutume et de certificat de c\u00e9libat.<br \/>\u27a2 Certificat de non Pacs et de non inscription au r\u00e9pertoire civil et au r\u00e9pertoire civil annexe,<br \/>datant de moins de trois mois.<br \/>Ce document est \u00e0 solliciter aupr\u00e8s du service Central de l\u2019\u00c9tat Civil soit en ligne, soit par<br \/>courrier postal :<\/p>\n<p><a href=\"https:\/\/www.service-public.fr\/particuliers\/vosdroits\/R57680\">Demander en ligne un certificat de non-Pacs (D\u00e9marche en ligne) | Service-Public.fr<\/a><\/p>\n<p>\u2022 par courrier postal \u00e0 l\u2019aide du formulaire cerfa n\u00b012819*06 t\u00e9l\u00e9chargeable ici :<br \/><a href=\"https:\/\/www.service-public.fr\/particuliers\/vosdroits\/R2107\">Demander un certificat de non-Pacs pour le partenaire \u00e9tranger n\u00e9 \u00e0 l&#8217;\u00e9tranger (Formulaire 12819*06) | Service-Public.fr<\/a><br \/>Service central de l\u2019\u00e9tat civil<br \/>Section RC\/RCA\/PACS<br \/>11, rue de la Maison Blanche<br \/>44941 NANTES<\/p>\n<p>\u00a0<\/p>\n<h3><strong><span style=\"color: #3366ff;\">Merci de bien vouloir d\u00e9poser le dossier complet (d\u00e9claration conjointe d&#8217;un PACS ainsi que la convention-type Pacs + les pi\u00e8ces \u00e0 fournir) au guichet de la mairie ou par courrier.<\/span><\/strong><\/h3>\n<h3><strong><span style=\"color: #3366ff;\">Suite \u00e0 la r\u00e9ception du dossier complet nous vous proposerons un rendez-vous pour l\u2019enregistrement du PACS qui se fera en pr\u00e9sence de Madame le Maire (la pr\u00e9sence des deux partenaires est obligatoire lors de ce rendez-vous).<\/span><\/strong><\/h3>\n","protected":false},"excerpt":{"rendered":"<p>\u00a0 Qui peut se Pacser ? Le pacte civil de solidarit\u00e9 (PACS) est un contrat conclu entre deux personnes physiques, majeures, de sexe diff\u00e9rent ou de m\u00eame sexe. Elles s&#8217;engagent \u00e0 une vie commune ainsi qu&#8217;\u00e0 une aide mat\u00e9rielle et une assistance r\u00e9ciproques. Un PACS ne peut pas \u00eatre conclu : entre ascendant et descendant [&hellip;]<\/p>\n","protected":false},"author":1,"featured_media":0,"parent":0,"menu_order":0,"comment_status":"closed","ping_status":"closed","template":"","meta":[],"_links":{"self":[{"href":"http:\/\/verniolle.fr\/wordpress\/wp-json\/wp\/v2\/pages\/7279"}],"collection":[{"href":"http:\/\/verniolle.fr\/wordpress\/wp-json\/wp\/v2\/pages"}],"about":[{"href":"http:\/\/verniolle.fr\/wordpress\/wp-json\/wp\/v2\/types\/page"}],"author":[{"embeddable":true,"href":"http:\/\/verniolle.fr\/wordpress\/wp-json\/wp\/v2\/users\/1"}],"replies":[{"embeddable":true,"href":"http:\/\/verniolle.fr\/wordpress\/wp-json\/wp\/v2\/comments?post=7279"}],"version-history":[{"count":7,"href":"http:\/\/verniolle.fr\/wordpress\/wp-json\/wp\/v2\/pages\/7279\/revisions"}],"predecessor-version":[{"id":7574,"href":"http:\/\/verniolle.fr\/wordpress\/wp-json\/wp\/v2\/pages\/7279\/revisions\/7574"}],"wp:attachment":[{"href":"http:\/\/verniolle.fr\/wordpress\/wp-json\/wp\/v2\/media?parent=7279"}],"curies":[{"name":"wp","href":"https:\/\/api.w.org\/{rel}","templated":true}]}}