{"id":7277,"date":"2024-01-29T16:43:32","date_gmt":"2024-01-29T14:43:32","guid":{"rendered":"https:\/\/verniolle.fr\/wordpress\/?page_id=7277"},"modified":"2025-09-24T17:05:11","modified_gmt":"2025-09-24T15:05:11","slug":"les-demandes-dactes","status":"publish","type":"page","link":"http:\/\/verniolle.fr\/wordpress\/les-demandes-dactes\/","title":{"rendered":"Les demandes d&#8217;actes"},"content":{"rendered":"\n<p><a href=\"http:\/\/verniolle.fr\/wordpress\/wp-content\/uploads\/2025\/09\/etat-civil.jpg\"><img decoding=\"async\" loading=\"lazy\" class=\"aligncenter  wp-image-8662\" src=\"http:\/\/verniolle.fr\/wordpress\/wp-content\/uploads\/2025\/09\/etat-civil.jpg\" alt=\"\" width=\"807\" height=\"249\" srcset=\"http:\/\/verniolle.fr\/wordpress\/wp-content\/uploads\/2025\/09\/etat-civil.jpg 697w, http:\/\/verniolle.fr\/wordpress\/wp-content\/uploads\/2025\/09\/etat-civil-300x93.jpg 300w\" sizes=\"(max-width: 807px) 100vw, 807px\" \/><\/a><\/p>\n<p>\u00a0<\/p>\n<p style=\"text-align: center;\"><span style=\"color: #993300;\"><a style=\"color: #993300;\" href=\"http:\/\/verniolle.fr\/wordpress\/wp-content\/uploads\/2025\/09\/Formulaire-demande-de-copies-integrales.pdf\" target=\"_blank\" rel=\"noopener\">&gt; Formulaire de demande de copies int\u00e9grales &lt;<\/a><\/span><br \/><br \/><br \/><\/p>\n<ul>\n<li><strong><span style=\"color: #5c250a;\">Vous demandez votre propre acte de naissance :<\/span><\/strong><\/li>\n<\/ul>\n<p>\u00a0&#8211; par mail ou par courrier : en remplissant le formulaire ci-dessus accompagn\u00e9 d&#8217;une copie de votre pi\u00e8ce d&#8217;identit\u00e9. Vous recevrez le document par courrier en quelques jours.\u00a0<\/p>\n<p>&#8211; en mairie : en remplissant le formulaire ci-dessus que nous vous fournirons, nous v\u00e9rifierons votre identit\u00e9 (carte d&#8217;identit\u00e9 ou passeport) et vous d\u00e9livrerons l&#8217;acte imm\u00e9diatement.\u00a0<\/p>\n<ul>\n<li><span style=\"color: #5c250a;\"><strong>Vous demandez l&#8217;acte de naissance d&#8217;une autre personne, qui est n\u00e9e en France :<\/strong><\/span><\/li>\n<\/ul>\n<p>&#8211; \u00a0par mail ou par courrier : en remplissant le formulaire ci-dessus accompagn\u00e9 d&#8217;une copie de votre pi\u00e8ce d&#8217;identit\u00e9. Vous devez joindre un document prouvant votre lien de filiation direct avec cette personne (copie de votre acte de naissance ou du livret de famille). Vous recevrez le document par courrier en quelques jours.\u00a0<\/p>\n<p>&#8211; en mairie : en remplissant le formulaire ci-dessus que nous vous fournirons, nous v\u00e9rifierons votre identit\u00e9 (carte d&#8217;identit\u00e9 ou passeport) et votre lien de filiation (copie de votre acte de naissance ou le livret de famille), et vous d\u00e9livrerons l&#8217;acte imm\u00e9diatement.\u00a0<\/p>\n","protected":false},"excerpt":{"rendered":"<p>\u00a0 &gt; Formulaire de demande de copies int\u00e9grales &lt; Vous demandez votre propre acte de naissance : \u00a0&#8211; par mail ou par courrier : en remplissant le formulaire ci-dessus accompagn\u00e9 d&#8217;une copie de votre pi\u00e8ce d&#8217;identit\u00e9. Vous recevrez le document par courrier en quelques jours.\u00a0 &#8211; en mairie : en remplissant le formulaire ci-dessus que [&hellip;]<\/p>\n","protected":false},"author":1,"featured_media":0,"parent":0,"menu_order":0,"comment_status":"closed","ping_status":"closed","template":"","meta":[],"_links":{"self":[{"href":"http:\/\/verniolle.fr\/wordpress\/wp-json\/wp\/v2\/pages\/7277"}],"collection":[{"href":"http:\/\/verniolle.fr\/wordpress\/wp-json\/wp\/v2\/pages"}],"about":[{"href":"http:\/\/verniolle.fr\/wordpress\/wp-json\/wp\/v2\/types\/page"}],"author":[{"embeddable":true,"href":"http:\/\/verniolle.fr\/wordpress\/wp-json\/wp\/v2\/users\/1"}],"replies":[{"embeddable":true,"href":"http:\/\/verniolle.fr\/wordpress\/wp-json\/wp\/v2\/comments?post=7277"}],"version-history":[{"count":3,"href":"http:\/\/verniolle.fr\/wordpress\/wp-json\/wp\/v2\/pages\/7277\/revisions"}],"predecessor-version":[{"id":8663,"href":"http:\/\/verniolle.fr\/wordpress\/wp-json\/wp\/v2\/pages\/7277\/revisions\/8663"}],"wp:attachment":[{"href":"http:\/\/verniolle.fr\/wordpress\/wp-json\/wp\/v2\/media?parent=7277"}],"curies":[{"name":"wp","href":"https:\/\/api.w.org\/{rel}","templated":true}]}}