{"id":7276,"date":"2024-01-29T16:43:32","date_gmt":"2024-01-29T14:43:32","guid":{"rendered":"https:\/\/verniolle.fr\/wordpress\/?page_id=7276"},"modified":"2025-09-24T16:37:16","modified_gmt":"2025-09-24T14:37:16","slug":"la-reconnaissance-anticipee","status":"publish","type":"page","link":"http:\/\/verniolle.fr\/wordpress\/la-reconnaissance-anticipee\/","title":{"rendered":"La reconnaissance anticip\u00e9e"},"content":{"rendered":"\n<div id=\"intro\" class=\"sp-entete-etape fr-mb-6w\" aria-hidden=\"false\">\n<p class=\"fr-text--lg\">Vous n&#8217;\u00eates pas mari\u00e9s et vous voulez reconna\u00eetre votre enfant\u00a0? Sa filiation n&#8217;est pas automatique. Si vous \u00eates le p\u00e8re, une reconnaissance est obligatoire. Vous pouvez la faire avant la naissance ou plus tard. Si vous \u00eates la m\u00e8re, il suffit que votre nom figure sur l&#8217;acte de naissance, mais une reconnaissance avant la naissance est possible. Nous vous indiquons les informations \u00e0 conna\u00eetre.<\/p>\n<\/div>\n<div id=\"expired\" class=\"fr-my-4w\" aria-hidden=\"false\" data-test=\"div-content-fiche\">\n<p data-test=\"contenu-texte\">Si vous n&#8217;\u00eates pas mari\u00e9s, les 2 liens de filiation, maternelle et paternelle, de votre enfant sont ind\u00e9pendants l&#8217;un de l&#8217;autre (on parle du\u00a0<span class=\"expression\"><em>caract\u00e8re divisible du lien de filiation<\/em><\/span>).<\/p>\n<p data-test=\"contenu-texte\">La reconnaissance de l&#8217;enfant est un\u00a0<strong>acte volontaire et personnel<\/strong>, qui engage uniquement la personne qui fait la d\u00e9marche.<\/p>\n<p data-test=\"contenu-texte\">Chacun de vous 2 peut faire \u00e9tablir son lien de filiation avec l&#8217;enfant sans avoir \u00e0 demander l&#8217;autorisation de l&#8217;autre parent.<\/p>\n<\/div>\n<p data-test=\"contenu-texte\"><strong>Reconnaissance par le p\u00e8re avant la naissance<\/strong><\/p>\n<p data-test=\"contenu-texte\">Vous pouvez reconna\u00eetre votre enfant avant la naissance.<\/p>\n<p data-test=\"contenu-texte\">Vous pouvez reconna\u00eetre votre enfant sans assistance dans les cas suivants\u00a0:<\/p>\n<ul class=\"sp-item-list\">\n<li>Vous \u00eates mineur<\/li>\n<li>Vous faites l&#8217;objet d&#8217;une mesure de protection juridique (notamment\u00a0<span id=\"sp-tooltip-R60517-MVDP2\" class=\"sp-tooltip\" tabindex=\"0\" data-definition=\"R60517\" data-id=\"R60517-MVDP2\" aria-describedby=\"tooltip-R60517-MVDP2\" data-fr-js-tooltip-referent=\"true\" data-original-title=\"Mesure prise par le juge pour prot\u00e9ger une personne qui n'est plus en \u00e9tat de veiller sur ses int\u00e9r\u00eats.\">tutelle<\/span>\u00a0ou curatelle).<\/li>\n<\/ul>\n<p data-test=\"contenu-texte\">La reconnaissance peut se faire\u00a0<strong>dans n&#8217;importe quelle mairie<\/strong>, quels que soient le lieu de naissance de l\u2019enfant, votre domicile, votre nationalit\u00e9 ou celle de l\u2019enfant.<\/p>\n<div class=\"fr-highlight  fr-my-4w fr-ml-0 sp-bg-white fr-py-1w\" data-test=\"citation\" data-fr-js-highlight-actionee=\"true\">\n<p class=\"fr-text--bold\">\u00c0 noter<\/p>\n<p>Vous pouvez reconna\u00eetre votre enfant en France, m\u00eame s&#8217;il doit na\u00eetre \u00e0 l&#8217;\u00e9tranger.<\/p>\n<\/div>\n<p data-test=\"contenu-texte\">Vous devez pr\u00e9senter les documents suivants :<\/p>\n<ul class=\"sp-item-list\">\n<li>Justificatif d&#8217;identit\u00e9<\/li>\n<li>Justificatif de\u00a0<span id=\"sp-tooltip-R14609-6X2MJ\" class=\"sp-tooltip\" tabindex=\"0\" data-definition=\"R14609\" data-id=\"R14609-6X2MJ\" aria-describedby=\"tooltip-R14609-6X2MJ\" data-fr-js-tooltip-referent=\"true\" data-original-title=\"Lieu d'habitation officiel et habituel\">domicile<\/span>\u00a0(ou de\u00a0<span id=\"sp-tooltip-R18579-4BDL2\" class=\"sp-tooltip\" tabindex=\"0\" data-definition=\"R18579\" data-id=\"R18579-4BDL2\" aria-describedby=\"tooltip-R18579-4BDL2\" data-fr-js-tooltip-referent=\"true\" data-original-title=\"Lieu o\u00f9 une personne habite effectivement et de fa\u00e7on stable mais qui n'est pas forc\u00e9ment son domicile\">r\u00e9sidence<\/span>) de\u00a0<strong>moins de 3 mois<\/strong>.<\/li>\n<\/ul>\n<p data-test=\"contenu-texte\">Votre document d&#8217;identit\u00e9 peut \u00eatre votre carte nationale d\u2019identit\u00e9, votre passeport, votre titre de s\u00e9jour ou tout autre document officiel d\u00e9livr\u00e9 par une autorit\u00e9 publique.<\/p>\n<p data-test=\"contenu-texte\">Vous devez pr\u00e9senter l\u2019original du document, qu&#8217;il soit ou non en cours de validit\u00e9.<\/p>\n<p data-test=\"contenu-texte\">Vous n&#8217;avez pas \u00e0 pr\u00e9senter de certificat de grossesse.<\/p>\n<p data-test=\"contenu-texte\">L&#8217;officier d&#8217;\u00e9tat civil r\u00e9dige imm\u00e9diatement l&#8217;acte de reconnaissance.<\/p>\n<p data-test=\"contenu-texte\">Il vous le fait signer.<\/p>\n<p data-test=\"contenu-texte\">Il vous remet une copie de l&#8217;acte qu&#8217;il faudra pr\u00e9senter lors de la\u00a0d\u00e9claration de naissance.<\/p>\n<p data-test=\"contenu-texte\">L&#8217;acte de reconnaissance mentionne les \u00e9l\u00e9ments suivants\u00a0:<\/p>\n<ul class=\"sp-item-list\">\n<li>Nom et pr\u00e9nom(s), date et lieu de naissance, profession, domicile du p\u00e8re<\/li>\n<li>Nom et pr\u00e9nom(s), date et lieu de naissance, profession, domicile de la m\u00e8re (si le p\u00e8re peut donner ces informations).<\/li>\n<\/ul>\n<p><strong>Reconnaissance par le p\u00e8re apr\u00e9s la naissance<\/strong>\u00a0<\/p>\n<p data-test=\"contenu-texte\">Pour \u00e9tablir la filiation paternelle, vous devez reconna\u00eetre l&#8217;enfant.<\/p>\n<p data-test=\"contenu-texte\">La reconnaissance peut se faire\u00a0<strong>dans n&#8217;importe quelle mairie<\/strong>, quels que soient le lieu de naissance de l\u2019enfant, son \u00e2ge, votre domicile, votre nationalit\u00e9 ou celle de l\u2019enfant.<\/p>\n<p data-test=\"contenu-texte\">Vous devez pr\u00e9senter les documents suivants :<\/p>\n<ul class=\"sp-item-list\">\n<li>Justificatif d&#8217;identit\u00e9<\/li>\n<li>Justificatif de\u00a0<span id=\"sp-tooltip-R14609-P1V2J\" class=\"sp-tooltip\" tabindex=\"0\" data-definition=\"R14609\" data-id=\"R14609-P1V2J\" aria-describedby=\"tooltip-R14609-P1V2J-visible\" data-fr-js-tooltip-referent=\"true\" data-original-title=\"Lieu d'habitation officiel et habituel\">domicile<\/span>\u00a0(ou de\u00a0<span id=\"sp-tooltip-R18579-V84T5\" class=\"sp-tooltip\" tabindex=\"0\" data-definition=\"R18579\" data-id=\"R18579-V84T5\" aria-describedby=\"tooltip-R18579-V84T5-visible\" data-fr-js-tooltip-referent=\"true\" data-original-title=\"Lieu o\u00f9 une personne habite effectivement et de fa\u00e7on stable mais qui n'est pas forc\u00e9ment son domicile\">r\u00e9sidence<\/span>) de\u00a0<strong>moins de 3 mois.<\/strong><\/li>\n<\/ul>\n<p data-test=\"contenu-texte\">Votre document d&#8217;identit\u00e9 peut \u00eatre votre carte nationale d\u2019identit\u00e9, votre passeport, votre titre de s\u00e9jour ou tout autre document officiel d\u00e9livr\u00e9 par une autorit\u00e9 publique. Vous devez pr\u00e9senter l\u2019original du document, qu&#8217;il soit ou non en cours de validit\u00e9.<\/p>\n<p data-test=\"contenu-texte\">Il est recommand\u00e9 de vous munir aussi d&#8217;un acte de naissance de l&#8217;enfant ou du livret de famille.<\/p>\n<p data-test=\"contenu-texte\">L&#8217;officier d&#8217;\u00e9tat civil r\u00e9dige l&#8217;acte de reconnaissance et vous le fait signer.<\/p>\n<p data-test=\"contenu-texte\">L&#8217;acte de reconnaissance mentionne les \u00e9l\u00e9ments suivants\u00a0:<\/p>\n<ul class=\"sp-item-list\">\n<li>Nom et pr\u00e9nom(s), date et lieu de naissance, profession, domicile du p\u00e8re<\/li>\n<li>Nom et pr\u00e9nom(s), date et lieu de naissance, profession, domicile de la m\u00e8re<\/li>\n<li>Nom et pr\u00e9nom(s), date et lieu de naissance, sexe de l&#8217;enfant.<\/li>\n<\/ul>\n<p data-test=\"contenu-texte\">L&#8217;officier d&#8217;\u00e9tat civil de la mairie de naissance indique cette reconnaissance en marge de l&#8217;acte de naissance de l&#8217;enfant et dans le livret de famille.<\/p>\n<p data-test=\"contenu-texte\">L&#8217;officier d&#8217;\u00e9tat civil informe aussi l&#8217;autre parent de la reconnaissance par courrier\u00a0<abbr id=\"sp-tooltip-R46090-JMT8S\" class=\"sp-tooltip\" tabindex=\"0\" data-acronyme=\"R46090\" data-id=\"R46090-JMT8S\" aria-describedby=\"tooltip-R46090-JMT8S-visible\" data-fr-js-tooltip-referent=\"true\" data-original-title=\"RAR\u00a0:\u00a0Recommand\u00e9 avec avis de r\u00e9ceptionRAR\u00a0:\u00a0Recommand\u00e9 avec avis de r\u00e9ception\">RAR<\/abbr>.<\/p>\n","protected":false},"excerpt":{"rendered":"<p>Vous n&#8217;\u00eates pas mari\u00e9s et vous voulez reconna\u00eetre votre enfant\u00a0? Sa filiation n&#8217;est pas automatique. Si vous \u00eates le p\u00e8re, une reconnaissance est obligatoire. Vous pouvez la faire avant la naissance ou plus tard. Si vous \u00eates la m\u00e8re, il suffit que votre nom figure sur l&#8217;acte de naissance, mais une reconnaissance avant la naissance [&hellip;]<\/p>\n","protected":false},"author":1,"featured_media":0,"parent":0,"menu_order":0,"comment_status":"closed","ping_status":"closed","template":"","meta":[],"_links":{"self":[{"href":"http:\/\/verniolle.fr\/wordpress\/wp-json\/wp\/v2\/pages\/7276"}],"collection":[{"href":"http:\/\/verniolle.fr\/wordpress\/wp-json\/wp\/v2\/pages"}],"about":[{"href":"http:\/\/verniolle.fr\/wordpress\/wp-json\/wp\/v2\/types\/page"}],"author":[{"embeddable":true,"href":"http:\/\/verniolle.fr\/wordpress\/wp-json\/wp\/v2\/users\/1"}],"replies":[{"embeddable":true,"href":"http:\/\/verniolle.fr\/wordpress\/wp-json\/wp\/v2\/comments?post=7276"}],"version-history":[{"count":2,"href":"http:\/\/verniolle.fr\/wordpress\/wp-json\/wp\/v2\/pages\/7276\/revisions"}],"predecessor-version":[{"id":8657,"href":"http:\/\/verniolle.fr\/wordpress\/wp-json\/wp\/v2\/pages\/7276\/revisions\/8657"}],"wp:attachment":[{"href":"http:\/\/verniolle.fr\/wordpress\/wp-json\/wp\/v2\/media?parent=7276"}],"curies":[{"name":"wp","href":"https:\/\/api.w.org\/{rel}","templated":true}]}}