{"id":7274,"date":"2024-01-29T16:43:32","date_gmt":"2024-01-29T14:43:32","guid":{"rendered":"https:\/\/verniolle.fr\/wordpress\/?page_id=7274"},"modified":"2024-04-23T15:02:56","modified_gmt":"2024-04-23T13:02:56","slug":"livret-de-famille","status":"publish","type":"page","link":"http:\/\/verniolle.fr\/wordpress\/livret-de-famille\/","title":{"rendered":"Livret de famille"},"content":{"rendered":"\n\n\n<h3><img decoding=\"async\" loading=\"lazy\" class=\"aligncenter wp-image-7570\" src=\"http:\/\/verniolle.fr\/wordpress\/wp-content\/uploads\/2024\/04\/Image2.png\" alt=\"\" width=\"278\" height=\"610\" srcset=\"http:\/\/verniolle.fr\/wordpress\/wp-content\/uploads\/2024\/04\/Image2.png 452w, http:\/\/verniolle.fr\/wordpress\/wp-content\/uploads\/2024\/04\/Image2-137x300.png 137w\" sizes=\"(max-width: 278px) 100vw, 278px\" \/><\/h3>\n<p>\u00a0<\/p>\n<h3><span style=\"color: #208585;\">Qui peut obtenir un livret de famille?<\/span><\/h3>\n<ul>\n<li><em><span style=\"color: #000000;\">Les \u00e9poux lors du mariage<\/span><\/em><\/li>\n<li><em>Les parents non mari\u00e9s n\u00e9s en France ou de nationalit\u00e9 fran\u00e7aise lors de la naissance de leur premier enfant\u00a0<\/em><\/li>\n<li><em>Le p\u00e8re ou la m\u00e8re seul(e) n\u00e9(e) en France ou de nationalit\u00e9 fran\u00e7aise<\/em><\/li>\n<li><em>Les parents adoptifs n\u00e9s en France ou de nationalit\u00e9 fran\u00e7aise<\/em><\/li>\n<li><em>Le ou les parents n\u00e9s en France ou de nationalit\u00e9 fran\u00e7aise, au moment de la d\u00e9claration d&#8217;un premier enfant n\u00e9 sans vie<\/em><\/li>\n<\/ul>\n<h2><span style=\"color: #208585;\"><span style=\"text-decoration: underline;\">Remise du premier livret de famille<\/span><\/span><\/h2>\n<p><span style=\"color: #000000;\">Un livret de famille est \u00e9tabli \u00e0 l&#8217;occasion de la c\u00e9l\u00e9bration du mariage ou \u00e0 la suite de la naissance du premier enfant pour les parents non mari\u00e9s, ainsi qu&#8217;\u00e0 l&#8217;adoptant, lors de la transcription sur les registres de l&#8217;\u00e9tat civil du jugement d&#8217;adoption d&#8217;un enfant par une seule personne.<\/span><\/p>\n<h2><span style=\"text-decoration: underline;\"><span style=\"color: #000000; text-decoration: underline;\"><span style=\"color: #208585; text-decoration: underline;\">Mise \u00e0 jour<\/span><\/span><\/span><\/h2>\n<p><span style=\"color: #000000;\">La mise \u00e0 jour du livret de famille est <span style=\"text-decoration: underline;\">obligatoire<\/span> et c&#8217;est au titulaire du livret de famille de se charger des mises \u00e0 jour, et de le pr\u00e9senter aux officiers d&#8217;\u00e9tat civil <span style=\"text-decoration: underline;\">\u00e0 chaque changement d&#8217;\u00e9tat civil ou de la situation familiale.<\/span>\u00a0<\/span><\/p>\n<p>Certains changements d&#8217;\u00e9tat civil ou de situation familiale entra\u00eenent la modification du livret ou la d\u00e9livrance d&#8217;un nouveau livret (naissance, adoption, tout changement d\u2019\u00e9tat civil, d\u00e9c\u00e8s\u2026).<\/p>\n<p>L&#8217;utilisation d&#8217;un livret de famille dont les informations sont devenues inexactes, \u00e0 la suite d&#8217;un changement d&#8217;\u00e9tat civil par exemple, est passible de sanction.<\/p>\n<h2><span style=\"text-decoration: underline;\"><span style=\"color: #2d8585; text-decoration: underline;\">Demande d&#8217;un second livret de famille<\/span><\/span><\/h2>\n<p><span style=\"color: #000000;\">Un second livret de famille peut \u00eatre d\u00e9livr\u00e9 :<\/span><\/p>\n<ul style=\"list-style-type: disc;\">\n<li>En cas de perte, de vol ou de destruction du livret de famille<\/li>\n<li>En cas de changement dans la filiation ou dans les noms et pr\u00e9noms des personnes qui figurent sur le livret<\/li>\n<li>En cas de divorce ou de s\u00e9paration<\/li>\n<\/ul>\n<p><strong><span style=\"color: #ff0000;\">Formulaire \u00e0 t\u00e9l\u00e9charger et \u00e0 nous <span style=\"text-decoration: underline;\">retourner en mairie<\/span> : <a href=\"http:\/\/verniolle.fr\/wordpress\/wp-content\/uploads\/2024\/04\/Scan_20240410_143249.pdf\">FORMULAIRE<\/a><\/span><\/strong><\/p>\n<p><span style=\"text-decoration: underline;\">Pi\u00e8ces justificatives \u00e0 fournir pour la demande d&#8217;un second livret de famille :<\/span><\/p>\n<ul>\n<li>un justificatif d&#8217;identit\u00e9 du demandeur\u00a0<\/li>\n<li>le formulaire de demande compl\u00e9t\u00e9<\/li>\n<li>un justificatif de domicile<\/li>\n<li>un justificatif du motif de la demande ( production par exemple d&#8217;une d\u00e9cision de justice, pour un divorce \/ le jugement )<\/li>\n<\/ul>\n<p><strong><em>D\u00e9lai : le temps de traitement par les diff\u00e9rentes mairies sollicit\u00e9es pour l\u2019\u00e9laboration du livret de famille n\u2019\u00e9tant pas connu, aucun d\u00e9lai pr\u00e9cis ne peut \u00eatre donn\u00e9.<\/em><\/strong><\/p>\n<p>\u00a0<\/p>\n<h4><em><strong><span style=\"color: #ff0000;\">Pour retirer le livret de famille merci de vous pr\u00e9senter \u00e0 la mairie de Verniolle en pr\u00e9sentant une pi\u00e8ce d&#8217;identit\u00e9<\/span><\/strong><\/em><\/h4>\n<p>\u00a0<\/p>\n","protected":false},"excerpt":{"rendered":"<p>\u00a0 Qui peut obtenir un livret de famille? Les \u00e9poux lors du mariage Les parents non mari\u00e9s n\u00e9s en France ou de nationalit\u00e9 fran\u00e7aise lors de la naissance de leur premier enfant\u00a0 Le p\u00e8re ou la m\u00e8re seul(e) n\u00e9(e) en France ou de nationalit\u00e9 fran\u00e7aise Les parents adoptifs n\u00e9s en France ou de nationalit\u00e9 fran\u00e7aise [&hellip;]<\/p>\n","protected":false},"author":1,"featured_media":0,"parent":0,"menu_order":0,"comment_status":"closed","ping_status":"closed","template":"","meta":[],"_links":{"self":[{"href":"http:\/\/verniolle.fr\/wordpress\/wp-json\/wp\/v2\/pages\/7274"}],"collection":[{"href":"http:\/\/verniolle.fr\/wordpress\/wp-json\/wp\/v2\/pages"}],"about":[{"href":"http:\/\/verniolle.fr\/wordpress\/wp-json\/wp\/v2\/types\/page"}],"author":[{"embeddable":true,"href":"http:\/\/verniolle.fr\/wordpress\/wp-json\/wp\/v2\/users\/1"}],"replies":[{"embeddable":true,"href":"http:\/\/verniolle.fr\/wordpress\/wp-json\/wp\/v2\/comments?post=7274"}],"version-history":[{"count":12,"href":"http:\/\/verniolle.fr\/wordpress\/wp-json\/wp\/v2\/pages\/7274\/revisions"}],"predecessor-version":[{"id":7572,"href":"http:\/\/verniolle.fr\/wordpress\/wp-json\/wp\/v2\/pages\/7274\/revisions\/7572"}],"wp:attachment":[{"href":"http:\/\/verniolle.fr\/wordpress\/wp-json\/wp\/v2\/media?parent=7274"}],"curies":[{"name":"wp","href":"https:\/\/api.w.org\/{rel}","templated":true}]}}