{"id":7268,"date":"2024-01-29T16:37:23","date_gmt":"2024-01-29T14:37:23","guid":{"rendered":"https:\/\/verniolle.fr\/wordpress\/?page_id=7268"},"modified":"2024-01-29T16:37:23","modified_gmt":"2024-01-29T14:37:23","slug":"securite-routiere-2","status":"publish","type":"page","link":"http:\/\/verniolle.fr\/wordpress\/securite-routiere-2\/","title":{"rendered":"S\u00e9curit\u00e9 Routi\u00e8re"},"content":{"rendered":"","protected":false},"excerpt":{"rendered":"","protected":false},"author":1,"featured_media":0,"parent":0,"menu_order":0,"comment_status":"closed","ping_status":"closed","template":"","meta":[],"_links":{"self":[{"href":"http:\/\/verniolle.fr\/wordpress\/wp-json\/wp\/v2\/pages\/7268"}],"collection":[{"href":"http:\/\/verniolle.fr\/wordpress\/wp-json\/wp\/v2\/pages"}],"about":[{"href":"http:\/\/verniolle.fr\/wordpress\/wp-json\/wp\/v2\/types\/page"}],"author":[{"embeddable":true,"href":"http:\/\/verniolle.fr\/wordpress\/wp-json\/wp\/v2\/users\/1"}],"replies":[{"embeddable":true,"href":"http:\/\/verniolle.fr\/wordpress\/wp-json\/wp\/v2\/comments?post=7268"}],"version-history":[{"count":1,"href":"http:\/\/verniolle.fr\/wordpress\/wp-json\/wp\/v2\/pages\/7268\/revisions"}],"predecessor-version":[{"id":7270,"href":"http:\/\/verniolle.fr\/wordpress\/wp-json\/wp\/v2\/pages\/7268\/revisions\/7270"}],"wp:attachment":[{"href":"http:\/\/verniolle.fr\/wordpress\/wp-json\/wp\/v2\/media?parent=7268"}],"curies":[{"name":"wp","href":"https:\/\/api.w.org\/{rel}","templated":true}]}}