{"id":68,"date":"2011-11-13T00:14:28","date_gmt":"2011-11-12T22:14:28","guid":{"rendered":"http:\/\/verniolle.mairie.free.fr\/wordpress\/?page_id=68"},"modified":"2020-11-09T19:08:06","modified_gmt":"2020-11-09T17:08:06","slug":"bibliotheque","status":"publish","type":"page","link":"http:\/\/verniolle.fr\/wordpress\/la-vie-du-village\/bibliotheque\/","title":{"rendered":"M\u00e9diath\u00e8que"},"content":{"rendered":"<p><a name=\"#top\"><\/a><a name=\"153\"><\/a><\/p>\n<p><a href=\"http:\/\/www.abiblio.com\/varilhesopac\/\" target=\"_blank\" rel=\"noopener noreferrer\">Visitez le site de la m\u00e9diath\u00e8que<\/a><\/p>\n<p>Un lieu accueillant et chaleureux pour tous o\u00f9 il fait bon lire. Ce sont plus de 2 500 livres adulte, 4 900 livres jeunesse, 18 abonnements \u00e0 divers magazines (G\u00e9o, L&#8217;Ami des Jardins, Science et Vie Junior, etc.) et pr\u00e8s de 400 CD audio qui sont \u00e0 votre disposition.<\/p>\n<p>Un ordinateur est disponible pour surfer sur Internet, s\u2019informer, rechercher un emploi, r\u00e9diger un CV.<br \/>\nSitu\u00e9e dans les b\u00e2timents de la Mairie, la M\u00e9diath\u00e8que de Verniolle est int\u00e9gr\u00e9e dans le R\u00e9seau de lecture intercommunal ce qui permet d\u2019enrichir l\u2019offre avec l\u2019acc\u00e8s \u00e0 l\u2019ensemble des collections du R\u00e9seau de plus de 25 000 documents. A ce jour, ce sont pr\u00e8s de 360 lecteurs qui fr\u00e9quentent la M\u00e9diath\u00e8que.<\/p>\n<p>Infos pratiques :<br \/>\n-inscription gratuite jusqu&#8217;\u00e0 18 ans.<br \/>\n-5 euros \u00e0 l&#8217;ann\u00e9e, par adulte<br \/>\n-vous pouvez emprunter 3 livres, 2 CD et 2 magazines pour une dur\u00e9e de trois semaines.<br \/>\n-acc\u00e8s \u00e0 Internet et au traitement de texte aux heures d&#8217;ouverture<br \/>\n-une carte unique donnant le droit d&#8217;emprunter dans les 4 biblioth\u00e8ques du canton et \u00e0 la m\u00e9diath\u00e8que<br \/>\ncentre situ\u00e9e au deuxi\u00e8me \u00e9tage de l&#8217;h\u00f4tel de ville de Varilhes.<br \/>\nLa consultation sur place est libre.<\/p>\n<p>Horaires : -mercredi: 9h\/12h et 14h\/18h -vendredi: 15h\/19h -samedi: 14h\/18h<\/p>\n<p>Consultez le catalogue de nos collections en ligne<\/p>\n<p><a href=\"https:\/\/www.mediathequespaysfoixvarilhes.fr\/\">https:\/\/www.mediathequespaysfoixvarilhes.fr\/<\/a><\/p>\n<p>A savoir : Depuis son ouverture la biblioth\u00e8que re\u00e7oit chaque semaine, les jeudis et vendredis, les classes de maternelle et de primaire et met r\u00e9guli\u00e8rement en place des projets autour de la lecture avec les \u00e9coles mais aussi le CLAE, le CLSH, la Cr\u00e8che et le Relais des assistantes maternelles du Canton de Varilhes.<\/p>\n<p>La manifestation \u00ab Lire en f\u00eate \u00bb en octobre sera l\u2019occasion de proposer des animations autour du th\u00e8me du conte.<\/p>\n<p>Pour plus de renseignements : t\u00e9l: 05 61 69 48 87 ; courriel : bibverniolle@orange.fr<\/p>\n","protected":false},"excerpt":{"rendered":"<p>Visitez le site de la m\u00e9diath\u00e8que Un lieu accueillant et chaleureux pour tous o\u00f9 il fait bon lire. Ce sont plus de 2 500 livres adulte, 4 900 livres jeunesse, 18 abonnements \u00e0 divers magazines (G\u00e9o, L&#8217;Ami des Jardins, Science et Vie Junior, etc.) et pr\u00e8s de 400 CD audio qui sont \u00e0 votre disposition. [&hellip;]<\/p>\n","protected":false},"author":3,"featured_media":0,"parent":41,"menu_order":2,"comment_status":"closed","ping_status":"closed","template":"","meta":[],"_links":{"self":[{"href":"http:\/\/verniolle.fr\/wordpress\/wp-json\/wp\/v2\/pages\/68"}],"collection":[{"href":"http:\/\/verniolle.fr\/wordpress\/wp-json\/wp\/v2\/pages"}],"about":[{"href":"http:\/\/verniolle.fr\/wordpress\/wp-json\/wp\/v2\/types\/page"}],"author":[{"embeddable":true,"href":"http:\/\/verniolle.fr\/wordpress\/wp-json\/wp\/v2\/users\/3"}],"replies":[{"embeddable":true,"href":"http:\/\/verniolle.fr\/wordpress\/wp-json\/wp\/v2\/comments?post=68"}],"version-history":[{"count":4,"href":"http:\/\/verniolle.fr\/wordpress\/wp-json\/wp\/v2\/pages\/68\/revisions"}],"predecessor-version":[{"id":5421,"href":"http:\/\/verniolle.fr\/wordpress\/wp-json\/wp\/v2\/pages\/68\/revisions\/5421"}],"up":[{"embeddable":true,"href":"http:\/\/verniolle.fr\/wordpress\/wp-json\/wp\/v2\/pages\/41"}],"wp:attachment":[{"href":"http:\/\/verniolle.fr\/wordpress\/wp-json\/wp\/v2\/media?parent=68"}],"curies":[{"name":"wp","href":"https:\/\/api.w.org\/{rel}","templated":true}]}}