{"id":6007,"date":"2022-01-03T22:05:11","date_gmt":"2022-01-03T20:05:11","guid":{"rendered":"http:\/\/verniolle.fr\/wordpress\/?page_id=6007"},"modified":"2025-09-25T16:18:10","modified_gmt":"2025-09-25T14:18:10","slug":"demandes-dautorisation-durbanisme","status":"publish","type":"page","link":"http:\/\/verniolle.fr\/wordpress\/demandes-dautorisation-durbanisme\/","title":{"rendered":"Demandes d&#8217;autorisation d&#8217;urbanisme"},"content":{"rendered":"\n<p>Il est possible de d\u00e9poser vos demandes d&#8217;urbanisme par voie d\u00e9mat\u00e9rialis\u00e9e \u00e0 l&#8217;adresse suivante : <a href=\"https:\/\/portail-usager.sirap.com\/\">https:\/\/portail-usager.sirap.com\/<\/a><\/p>\n\n\n\n<p>Apr\u00e8s avoir cr\u00e9\u00e9 votre profil, vous pourrez g\u00e9n\u00e9rer une demande d&#8217;urbanisme et suivre vos dossiers ainsi d\u00e9pos\u00e9s. <\/p>\n\n\n\n<div style=\"height:15px\" aria-hidden=\"true\" class=\"wp-block-spacer\"><\/div>\n\n\n\n<h4 class=\"wp-block-heading\"> Vous pouvez d\u00e9poser en ligne :<\/h4>\n\n\n\n<ul>\n<li>Une demande de Certificat d\u2019Urbanisme dit d\u2019information (CUa)<\/li>\n\n\n\n<li>Une demande de Certificat d\u2019Urbanisme dit op\u00e9rationnel (CUb)<\/li>\n\n\n\n<li>Une D\u00e9claration Pr\u00e9alable (DP)<\/li>\n\n\n\n<li>Une demande de Permis de Construire (PC)<\/li>\n\n\n\n<li>Une demande de Permis d\u2019Am\u00e9nager (PA)<\/li>\n\n\n\n<li>Une demande de Permis de d\u00e9molir (PD)<\/li>\n\n\n\n<li>Une demande d\u2019Autorisation de Travaux (AT)<\/li>\n\n\n\n<li>Une D\u00e9claration d&#8217;Ouverture de Chantier (DOC)<\/li>\n\n\n\n<li>Une D\u00e9claration Attestant l&#8217;Ach\u00e8vement et la Conformit\u00e9 des Travaux (DAACT)<\/li>\n\n\n\n<li>Une demande de modification d&#8217;une D\u00e9claration Pr\u00e9alable<\/li>\n<\/ul>\n\n\n\n<div style=\"height:40px\" aria-hidden=\"true\" class=\"wp-block-spacer\"><\/div>\n\n\n\n<div class=\"wp-block-file\"><object class=\"wp-block-file__embed\" data=\"http:\/\/verniolle.fr\/wordpress\/wp-content\/uploads\/2022\/01\/Didacticiel-simplifie-Pour-les-Commune-SVE.pdf\" type=\"application\/pdf\" style=\"width:100%;height:600px\" aria-label=\"Contenu embarqu\u00e9 Didacticiel-simplifie-Pour-les-Commune-SVE.\"><\/object><a id=\"wp-block-file--media-896d2a7f-968a-4839-912d-f558ce11855b\" href=\"http:\/\/verniolle.fr\/wordpress\/wp-content\/uploads\/2022\/01\/Didacticiel-simplifie-Pour-les-Commune-SVE.pdf\">Didacticiel-simplifie-Pour-les-Commune-SVE<\/a><a href=\"http:\/\/verniolle.fr\/wordpress\/wp-content\/uploads\/2022\/01\/Didacticiel-simplifie-Pour-les-Commune-SVE.pdf\" class=\"wp-block-file__button wp-element-button\" download aria-describedby=\"wp-block-file--media-896d2a7f-968a-4839-912d-f558ce11855b\">T\u00e9l\u00e9charger<\/a><\/div>\n","protected":false},"excerpt":{"rendered":"<p>Il est possible de d\u00e9poser vos demandes d&#8217;urbanisme par voie d\u00e9mat\u00e9rialis\u00e9e \u00e0 l&#8217;adresse suivante : https:\/\/portail-usager.sirap.com\/ Apr\u00e8s avoir cr\u00e9\u00e9 votre profil, vous pourrez g\u00e9n\u00e9rer une demande d&#8217;urbanisme et suivre vos dossiers ainsi d\u00e9pos\u00e9s. Vous pouvez d\u00e9poser en ligne :<\/p>\n","protected":false},"author":1,"featured_media":0,"parent":0,"menu_order":0,"comment_status":"closed","ping_status":"closed","template":"","meta":[],"_links":{"self":[{"href":"http:\/\/verniolle.fr\/wordpress\/wp-json\/wp\/v2\/pages\/6007"}],"collection":[{"href":"http:\/\/verniolle.fr\/wordpress\/wp-json\/wp\/v2\/pages"}],"about":[{"href":"http:\/\/verniolle.fr\/wordpress\/wp-json\/wp\/v2\/types\/page"}],"author":[{"embeddable":true,"href":"http:\/\/verniolle.fr\/wordpress\/wp-json\/wp\/v2\/users\/1"}],"replies":[{"embeddable":true,"href":"http:\/\/verniolle.fr\/wordpress\/wp-json\/wp\/v2\/comments?post=6007"}],"version-history":[{"count":7,"href":"http:\/\/verniolle.fr\/wordpress\/wp-json\/wp\/v2\/pages\/6007\/revisions"}],"predecessor-version":[{"id":8666,"href":"http:\/\/verniolle.fr\/wordpress\/wp-json\/wp\/v2\/pages\/6007\/revisions\/8666"}],"wp:attachment":[{"href":"http:\/\/verniolle.fr\/wordpress\/wp-json\/wp\/v2\/media?parent=6007"}],"curies":[{"name":"wp","href":"https:\/\/api.w.org\/{rel}","templated":true}]}}