{"id":5954,"date":"2021-11-09T12:08:42","date_gmt":"2021-11-09T10:08:42","guid":{"rendered":"http:\/\/verniolle.fr\/wordpress\/?page_id=5954"},"modified":"2022-01-03T22:48:03","modified_gmt":"2022-01-03T20:48:03","slug":"etat-civil","status":"publish","type":"page","link":"http:\/\/verniolle.fr\/wordpress\/etat-civil\/","title":{"rendered":"ETAT CIVIL"},"content":{"rendered":"\n<ol type=\"1\"><li><strong>LES CERTIFICATS<\/strong><\/li><\/ol>\n\n\n\n<p><strong>&#8211; Certificat de vie commune&nbsp;ou de concubinage<\/strong><strong><\/strong><\/p>\n\n\n\n<p>Si vous vivez en union libre (avec une personne de sexe diff\u00e9rent ou de m\u00eame sexe), certains organismes peuvent vous attribuer des droits ou avantages. Vous aurez besoin de prouver que vous vivez en couple et de fournir un certificat de vie commune (ou de concubinage). Les mairies ne sont pas oblig\u00e9es de d\u00e9livrer ce certificat.<\/p>\n\n\n\n<p>\u00d7 De quoi s\u2019agit-il&nbsp;?<\/p>\n\n\n\n<p>Le certificat de vie commune ou de concubinage permet de prouver que vous vivez en union libre. Il est demand\u00e9 par certains organismes pour vous permettre de b\u00e9n\u00e9ficier de certains droits ou avantages.<\/p>\n\n\n\n<p>Il est d\u00e9livr\u00e9 par les mairies, mais elles ne sont pas oblig\u00e9es de le faire.<\/p>\n\n\n\n<p>\u00d7 Comment l\u2019obtenir&nbsp;?<\/p>\n\n\n\n<p>Vous pouvez pr\u00e9senter aux organismes une d\u00e9claration sur l\u2019honneur sign\u00e9e par les 2 concubins.<\/p>\n\n\n\n<p>Elle doit se pr\u00e9senter comme ceci&nbsp;:<\/p>\n\n\n\n<p>D\u00e9claration de concubinage<\/p>\n\n\n\n<p>[Pr\u00e9nom] [Nom], n\u00e9(e) le [Date de naissance] \u00e0 [Lieu de naissance], et [Pr\u00e9nom] [Nom], n\u00e9(e) le [Date de naissance] \u00e0 [Lieu de naissance], d\u00e9clarons vivre maritalement depuis le [Date du d\u00e9but du concubinage].<\/p>\n\n\n\n<p>Notre adresse commune est :<\/p>\n\n\n\n<p>[Adresse]<\/p>\n\n\n\n<p>[Code postal] [Ville]<\/p>\n\n\n\n<p>Fait \u00e0 [Ville] , le 02 ao\u00fbt 2021<\/p>\n\n\n\n<p>[Pr\u00e9nom] [Nom]<\/p>\n\n\n\n<p>[Pr\u00e9nom] [Nom]<\/p>\n\n\n\n<p>O\u00f9 adresser \u00e0 la mairie de votre lieu de r\u00e9sidence, les pi\u00e8ces suivantes&nbsp;:<\/p>\n\n\n\n<p>&nbsp;&#8211; Pi\u00e8ces d\u2019identit\u00e9<\/p>\n\n\n\n<p>&#8211; Justificatif de domicile (imp\u00f4ts, facture d\u2019eau ou d\u2019\u00e9lectricit\u00e9) \u00e0 votre adresse commune<\/p>\n\n\n\n<p>Des attestations de t\u00e9moins peuvent parfois \u00eatre demand\u00e9es.<\/p>\n\n\n\n<p>Le certificat est gratuit et son d\u00e9lai de d\u00e9livrance varie.<\/p>\n\n\n\n<p>\u00d7 Que faire quand la vie commune cesse&nbsp;?<\/p>\n\n\n\n<p>Aucune d\u00e9marche n\u2019est n\u00e9cessaire pour faire annuler le certificat de concubinage.<\/p>\n\n\n\n<p>L\u2019attestation sur l\u2019honneur ou le certificat d\u00e9livr\u00e9 par la mairie n\u2019ont pas de valeur juridique, contrairement \u00e0 l\u2019acte de mariage ou d\u00e9claration de PACS.<\/p>\n\n\n\n<ul><li><strong>LE LIVRET DE FAMILLE<\/strong><\/li><\/ul>\n\n\n\n<p>Le livret de famille est un document officiel remis \u00e0 la naissance du 1<sup>er<\/sup>&nbsp;enfant ou lors du mariage. Il pr\u00e9sente des extraits d&#8217;actes d&#8217;\u00e9tat civil des membres d&#8217;une famille. Il doit \u00eatre mis \u00e0 jour \u00e0 l&#8217;occasion de tout \u00e9v\u00e9nement survenu apr\u00e8s sa d\u00e9livrance (mariage des parents, naissance, adoption, divorce, d\u00e9c\u00e8s, etc.).<\/p>\n\n\n\n<p>Vous pouvez demander des duplicatas, par exemple en cas de perte ou de vol. Le livret contient \u00e9galement des textes portant sur le droit de la famille.<\/p>\n\n\n\n<p><strong>&nbsp;&nbsp;&nbsp;&nbsp;&nbsp;&nbsp;&nbsp;&nbsp;&nbsp;&nbsp;&nbsp; &#8211; <\/strong><strong>D\u00e9livrance \u00e0 la naissance d\u2019un premier enfant<\/strong><\/p>\n\n\n\n<p>Un livret de famille est transmis aux parents non mari\u00e9s \u00e0 l&#8217;occasion de la naissance de leur premier enfant commun. La d\u00e9marche est gratuite.<\/p>\n\n\n\n<p>\u00d7 De quoi s\u2019agit-il&nbsp;?<\/p>\n\n\n\n<p>Le livret de famille d\u00e9livr\u00e9 lors de la naissance du 1<sup>er<\/sup>&nbsp;enfant contient&nbsp;les \u00e9l\u00e9ments suivants :<\/p>\n\n\n\n<ul><li>Extraits d&#8217;actes de naissance du ou des parents<\/li><li>Extrait d&#8217;acte de naissance de l&#8217;enfant<\/li><li>Informations sur le droit de la famille&nbsp;(mariage, filiation, adoption, autorit\u00e9 parentale, etc)<\/li><\/ul>\n\n\n\n<p>Informations concernant les parents<\/p>\n\n\n\n<p>Les informations concernant les parents sont renseign\u00e9es si les 2 conditions suivantes sont r\u00e9unies&nbsp;:<\/p>\n\n\n\n<ul><li>Le parent appara\u00eet dans l&#8217;acte de naissance de l&#8217;enfant<\/li><li>L&#8217;acte de naissance du parent est enregistr\u00e9 aupr\u00e8s d&#8217;un officier d&#8217;\u00e9tat civil fran\u00e7ais<\/li><\/ul>\n\n\n\n<p>Sinon, la page du livret qui concerne le parent ne sera pas renseign\u00e9e.<\/p>\n\n\n\n<p>Informations concernant l&#8217;enfant<\/p>\n\n\n\n<p>Les informations concernant l&#8217;enfant sont inscrites si son acte de naissance est enregistr\u00e9 aupr\u00e8s d&#8217;un officier d&#8217;\u00e9tat civil fran\u00e7ais.<\/p>\n\n\n\n<p>Lorsqu&#8217;il y a plusieurs enfants, les informations sont renseign\u00e9es dans l&#8217;ordre des naissances.<\/p>\n\n\n\n<p>\u00d7 Comment est \u00e9tabli le livret de famille&nbsp;?<\/p>\n\n\n\n<h4 class=\"wp-block-heading\">Conditions<\/h4>\n\n\n\n<p>Le livret est d\u00e9livr\u00e9 uniquement si une autorit\u00e9 fran\u00e7aise a enregistr\u00e9 l&#8217;acte de naissance de l&#8217;enfant et celui d&#8217;au moins un parent.<\/p>\n\n\n\n<p>L&#8217;autorit\u00e9 qui a enregistr\u00e9 des actes de naissance d\u00e9pend du lieu de naissance de l&#8217;enfant et de ses parents.<\/p>\n\n\n\n<h4 class=\"wp-block-heading\">D\u00e9marche<\/h4>\n\n\n\n<p>L&#8217;\u00e9tablissement du livret de famille se fait&nbsp;<\/p>\n\n\n\n<ul><li>automatiquement au moment de la&nbsp;<a href=\"https:\/\/www.service-public.fr\/particuliers\/vosdroits\/F961\">d\u00e9claration de naissance<\/a><\/li><li>ou sur demande en cas de naissance d&#8217;un enfant sans vie si le ou les parents n&#8217;ont pas de livret.<\/li><\/ul>\n\n\n\n<p>\u00d7 Comment obtenir le livret de famille&nbsp;?<\/p>\n\n\n\n<p>Le livret de famille est transmis&nbsp;:<\/p>\n\n\n\n<ul><li>soit par courrier au domicile du ou des parents,<\/li><li>soit \u00e0 la mairie du domicile des parents (ils pourront le retirer sur pr\u00e9sentation de leur pi\u00e8ce d&#8217;identit\u00e9).<\/li><\/ul>\n\n\n\n<p><strong>A noter :&nbsp;<\/strong>le d\u00e9lai d&#8217;obtention d\u00e9pend de la dur\u00e9e de traitement par chaque service d&#8217;\u00e9tat civil concern\u00e9 par le livret. Il faut ajouter les d\u00e9lais d&#8217;acheminement du courrier.<\/p>\n\n\n\n<p>Toute modification li\u00e9e \u00e0 l&#8217;\u00e9tat civil des personnes inscrites dans le livret doit faire l&#8217;objet d&#8217;une&nbsp;<a href=\"https:\/\/www.service-public.fr\/particuliers\/vosdroits\/F18910\">mise \u00e0 jour<\/a>.<\/p>\n\n\n\n<p><strong>&nbsp;&nbsp;&nbsp;&nbsp;&nbsp;&nbsp;&nbsp;&nbsp;&nbsp;&nbsp;&nbsp; <\/strong><strong>&#8211; Remise lors du Mariage<\/strong><\/p>\n\n\n\n<p>Le livret de famille, remis lors du mariage, contient les \u00e9l\u00e9ments suivants&nbsp;:<\/p>\n\n\n\n<ul><li>Extrait de l&#8217;acte de mariage des \u00e9poux<\/li><li>Informations sur le droit de la famille (mariage,&nbsp;<a href=\"https:\/\/www.service-public.fr\/particuliers\/glossaire\/R38490\">filiation<\/a>, adoption,&nbsp;<a href=\"https:\/\/www.service-public.fr\/particuliers\/glossaire\/R12506\">autorit\u00e9 parentale<\/a>,&#8230;)<\/li><\/ul>\n\n\n\n<p>\u00d7 Comment obtenir le livret de famille&nbsp;?<\/p>\n\n\n\n<ul><li>Il n&#8217;y a pas de demande particuli\u00e8re \u00e0 faire.<\/li><li>\u00c0 la fin de la c\u00e9r\u00e9monie, le livret de famille est remis&nbsp;<strong>automatiquement<\/strong>&nbsp;aux \u00e9poux par l&#8217;officier d&#8217;\u00e9tat civil de la mairie du mariage.<\/li><\/ul>\n\n\n\n<p><strong>A savoir :&nbsp;<\/strong>si les \u00e9poux ont des enfants communs au moment du mariage, le livret de famille remis \u00e0 la&nbsp;<a href=\"https:\/\/www.service-public.fr\/particuliers\/vosdroits\/F11991\">naissance du 1er enfant<\/a>&nbsp;est compl\u00e9t\u00e9 par leur extrait d&#8217;acte de mariage.<\/p>\n\n\n\n<p><strong>&#8211; Mise \u00e0 jour du livret de famille<\/strong><\/p>\n\n\n\n<p>La mise \u00e0 jour du livret de famille est obligatoire en cas de changement dans votre \u00e9tat civil ou situation de famille (mariage, s\u00e9paration, naissance, adoption, divorce, d\u00e9c\u00e8s, etc.). C&#8217;est \u00e0 vous de faire les d\u00e9marches pour y faire inscrire ces changements. La d\u00e9marche est gratuite. Dans certains cas, vous pouvez demander un nouveau livret.<\/p>\n\n\n\n<p>\u00d7 Naissance ou adoption&nbsp;?<\/p>\n\n\n\n<p>L\u2019arriv\u00e9e de chaque enfant dans un couple mari\u00e9 ou non, lors d\u2019une naissance ou d\u2019une adoption, doit \u00eatre inscrite dans le livret de famille.<\/p>\n\n\n\n<p><strong>A noter :&nbsp;<\/strong>l&#8217;indication d&#8217;enfant sans vie, la date et le lieu de l&#8217;accouchement peuvent \u00eatre appos\u00e9s sur le livret de famille, \u00e0 la demande des parents.<\/p>\n\n\n\n<p><strong>Sanctions&nbsp;: <\/strong>L&#8217;utilisation d&#8217;un livret de famille falsifi\u00e9 ou non mis \u00e0 jour peut entra\u00eener des poursuites p\u00e9nales et la condamnation \u00e0 une amende de&nbsp;1&nbsp;500&nbsp;\u20ac, ou&nbsp;3&nbsp;000&nbsp;\u20ac&nbsp;en cas de r\u00e9cidive.<\/p>\n\n\n\n<p>S&#8217;il existe un&nbsp;<a href=\"https:\/\/www.service-public.fr\/particuliers\/vosdroits\/F11994\">second livret<\/a>, il doit \u00eatre mis \u00e0 jour de la m\u00eame fa\u00e7on que le livret original.<\/p>\n","protected":false},"excerpt":{"rendered":"<p>LES CERTIFICATS &#8211; Certificat de vie commune&nbsp;ou de concubinage Si vous vivez en union libre (avec une personne de sexe diff\u00e9rent ou de m\u00eame sexe), certains organismes peuvent vous attribuer des droits ou avantages. Vous aurez besoin de prouver que vous vivez en couple et de fournir un certificat de vie commune (ou de concubinage). [&hellip;]<\/p>\n","protected":false},"author":1,"featured_media":0,"parent":0,"menu_order":0,"comment_status":"closed","ping_status":"closed","template":"","meta":[],"_links":{"self":[{"href":"http:\/\/verniolle.fr\/wordpress\/wp-json\/wp\/v2\/pages\/5954"}],"collection":[{"href":"http:\/\/verniolle.fr\/wordpress\/wp-json\/wp\/v2\/pages"}],"about":[{"href":"http:\/\/verniolle.fr\/wordpress\/wp-json\/wp\/v2\/types\/page"}],"author":[{"embeddable":true,"href":"http:\/\/verniolle.fr\/wordpress\/wp-json\/wp\/v2\/users\/1"}],"replies":[{"embeddable":true,"href":"http:\/\/verniolle.fr\/wordpress\/wp-json\/wp\/v2\/comments?post=5954"}],"version-history":[{"count":3,"href":"http:\/\/verniolle.fr\/wordpress\/wp-json\/wp\/v2\/pages\/5954\/revisions"}],"predecessor-version":[{"id":6020,"href":"http:\/\/verniolle.fr\/wordpress\/wp-json\/wp\/v2\/pages\/5954\/revisions\/6020"}],"wp:attachment":[{"href":"http:\/\/verniolle.fr\/wordpress\/wp-json\/wp\/v2\/media?parent=5954"}],"curies":[{"name":"wp","href":"https:\/\/api.w.org\/{rel}","templated":true}]}}