{"id":5952,"date":"2021-11-09T12:07:13","date_gmt":"2021-11-09T10:07:13","guid":{"rendered":"http:\/\/verniolle.fr\/wordpress\/?page_id=5952"},"modified":"2022-01-03T22:39:56","modified_gmt":"2022-01-03T20:39:56","slug":"elections-2","status":"publish","type":"page","link":"http:\/\/verniolle.fr\/wordpress\/elections-2\/","title":{"rendered":"ELECTIONS"},"content":{"rendered":"\n<h2 class=\"wp-block-heading\"><strong>Inscription sur les listes \u00e9lectorales&nbsp;<\/strong><\/h2>\n\n\n\n<h4 class=\"wp-block-heading\">&#8211; Qui peut \u00eatre \u00e9lecteur\u00a0?<\/h4>\n\n\n\n<p>Il faut remplir toutes les conditions suivantes pour devenir \u00e9lecteur&nbsp;:<\/p>\n\n\n\n<ul><li>Avoir au moins 18 ans la veille du jour de l&#8217;\u00e9lection<\/li><li>\u00catre fran\u00e7ais<\/li><li>Jouir de ses droits civils et politiques<\/li><\/ul>\n\n\n\n<p>De plus, pour demander \u00e0 \u00eatre inscrit sur la liste \u00e9lectorale d&#8217;une commune, il faut soit avoir son domicile ou r\u00e9sider dans cette commune, soit \u00eatre soumis aux imp\u00f4ts locaux de la commune, soit \u00eatre le g\u00e9rant ou l&#8217;associ\u00e9 (majoritaire ou unique) d&#8217;une entreprise situ\u00e9e dans cette commune. Il faut fournir un ou plusieurs justificatifs<\/p>\n\n\n\n<p>\u00c0 savoir&nbsp;:<\/p>\n\n\n\n<p>&#8211; un citoyen europ\u00e9en r\u00e9sidant en France peut demander \u00e0 s&#8217;inscrire sur les listes \u00e9lectorales compl\u00e9mentaires de sa mairie\u00a0pour voter aux \u00e9lections municipales et \u00e9lections europ\u00e9ennes en France<\/p>\n\n\n\n<p>&#8211; une personne d\u00e9tenue en prison n&#8217;est pas obligatoirement priv\u00e9e de son droit de vote. Mais elle doit s&#8217;inscrire selon une proc\u00e9dure particuli\u00e8re<\/p>\n\n\n\n<p>&#8211; une personne majeure plac\u00e9e sous tutelle\u00a0ne peut plus \u00eatre priv\u00e9e de son droit de vote, m\u00eame si la d\u00e9cision du jeune est ant\u00e9rieure au 23 mars 2019<\/p>\n\n\n\n<p>Situation des jeunes inscrits d\u2019office \u00e0 18 ans&nbsp;:<\/p>\n\n\n\n<p>Les jeunes qui ont proc\u00e9d\u00e9 \u00e0 leur recensement militaire \u00e0 16 ans b\u00e9n\u00e9ficient d\u2019une proc\u00e9dure d\u2019inscription dite d\u2019office lorsqu\u2019ils atteignent l\u2019\u00e2ge de 18 ans entre le 1er mars de l\u2019ann\u00e9e en cours et le dernier jour de f\u00e9vrier de l\u2019ann\u00e9e suivante, sous r\u00e9serve de remplir les conditions pour \u00eatre \u00e9lecteur.<\/p>\n\n\n\n<p><strong>Attention :<\/strong>\u00a0dans le cas o\u00f9 le jeune a chang\u00e9 d\u2019adresse depuis son recensement citoyen, il doit accomplir la d\u00e9marche d\u2019inscription volontaire.<\/p>\n\n\n\n<h4 class=\"wp-block-heading\">&#8211; Comment s\u2019inscrire\u00a0?<\/h4>\n\n\n\n<p>Constitution du dossier&nbsp;:<\/p>\n\n\n\n<p>* Formulaire \u00e0 remplir (lien direct vers le fichier PDF)<\/p>\n\n\n\n<p>* Photocopie d\u2019un justificatif d\u2019identit\u00e9 (Carte d\u2019identit\u00e9 ou passeport)<\/p>\n\n\n\n<p>* Justificatif d\u2019attache sur la commune, qui peut \u00eatre selon le cas :<\/p>\n\n\n\n<p>&#8211; justificatif de domicile nominatif&nbsp;<strong>de moins de 3 mois<\/strong>&nbsp;dans la commune (facture \u00e9lectricit\u00e9, gaz, eau, t\u00e9l\u00e9phone, quittance de loyer\u2026);<\/p>\n\n\n\n<p>&#8211; justificatif&nbsp;de r\u00e9sidence de + de 6 mois dans la commune,<\/p>\n\n\n\n<p>&#8211; attestation d\u2019h\u00e9bergement de la personne qui vous h\u00e9berge, pi\u00e8ce d\u2019identit\u00e9 et justificatif de domicile de moins de 3 mois de l\u2019h\u00e9bergeant + justificatif de domicile \u00e0 cette adresse&nbsp;\u00e0 votre nom (attestation s\u00e9curit\u00e9 sociale, CAF, document P\u00f4le Emploi, etc\u2026)<\/p>\n\n\n\n<p>&#8211; justificatif d\u2019inscription au r\u00f4le des imp\u00f4ts locaux depuis plus de 3 ans.<\/p>\n\n\n\n<p>D\u00e9p\u00f4t du dossier&nbsp;:<\/p>\n\n\n\n<p>&#8211; Sur place en Mairie<\/p>\n\n\n\n<p>&#8211; Par mail&nbsp;: <a href=\"mailto:verniolle.mairie@wanadoo.fr\">verniolle.mairie@wanadoo.fr<\/a><\/p>\n\n\n\n<p>&#8211; Par courrier postal \u00e0 l\u2019adresse&nbsp;: &nbsp;Mairie de Verniolle, Place de la R\u00e9publique 09340 VERNIOLLE<\/p>\n\n\n\n<p>Lors du d\u00e9p\u00f4t de la demande, une attestation vous sera d\u00e9livr\u00e9e.<\/p>\n\n\n\n<h4 class=\"wp-block-heading\">&#8211; La carte \u00e9lectorale\u00a0?<\/h4>\n\n\n\n<p>La carte \u00e9lectorale (appel\u00e9e&nbsp;<em>carte d&#8217;\u00e9lecteur<\/em>) est un document prouvant l&#8217;inscription sur la liste \u00e9lectorale de la commune. Elle est envoy\u00e9e aux nouveaux \u00e9lecteurs l&#8217;ann\u00e9e suivant leur inscription ou, en cas d&#8217;\u00e9lection, l&#8217;ann\u00e9e de leur inscription.<\/p>\n\n\n\n<p>Certaines ann\u00e9es, tous les \u00e9lecteurs re\u00e7oivent une nouvelle carte. La carte doit \u00eatre pr\u00e9sent\u00e9e au bureau de vote le jour de l&#8217;\u00e9lection.<\/p>\n\n\n\n<p>Si vous ne l&#8217;avez plus, vous pouvez voter en pr\u00e9sentant uniquement une pi\u00e8ce d&#8217;identit\u00e9.<\/p>\n\n\n\n<p><br>&#8211; En cas de perte ou de vol&nbsp;?<\/p>\n\n\n\n<p>Si la carte \u00e9lectorale est perdue ou vol\u00e9e,&nbsp;aucune autre carte ne sera d\u00e9livr\u00e9e avant la refonte des listes. Il vous faudra demander une attestation d&#8217;inscription au service des \u00e9lections \u00e0 la Mairie. La refonte des listes \u00e9lectorales est faite tous les 3 \u00e0 5 ans en moyenne. C&#8217;est \u00e0 ce moment-l\u00e0 que toutes les cartes \u00e9lectorales sont r\u00e9imprim\u00e9es.<\/p>\n\n\n\n<h4 class=\"wp-block-heading\">&#8211; Dates des prochaines \u00e9lections, en m\u00e9tropole\u00a0:<em> <\/em><\/h4>\n\n\n\n<figure class=\"wp-block-table is-style-stripes\"><table><tbody><tr><td>\u00c9lections<\/td><td>Prochain vote<\/td><td>Pr\u00e9c\u00e9dent vote<\/td><td>Dur\u00e9e du mandat<\/td><\/tr><tr><td>D\u00e9partementales<\/td><td>2021<\/td><td>Mars 2015<\/td><td>6 ans<\/td><\/tr><tr><td>R\u00e9gionales<\/td><td>2021<\/td><td>D\u00e9cembre 2015<\/td><td>6 ans<\/td><\/tr><tr><td>Pr\u00e9sidentielle<\/td><td>2022<\/td><td>Avril &#8211; mai 2017<\/td><td>5 ans<\/td><\/tr><tr><td>L\u00e9gislatives<\/td><td>2022<\/td><td>Juin 2017<\/td><td>5 ans<\/td><\/tr><tr><td>Europ\u00e9ennes<\/td><td>2024<\/td><td>Mai 2019<\/td><td>5 ans<\/td><\/tr><tr><td>Municipales<\/td><td>2026<\/td><td>Mars et Juin 2020<\/td><td>6 ans<\/td><\/tr><\/tbody><\/table><\/figure>\n\n\n\n<h4 class=\"wp-block-heading\">&#8211; Vote par procuration&nbsp;?<\/h4>\n\n\n\n<p>Pour voter par procuration, vous pouvez remplir le formulaire (lien du formulaire direct), l&#8217;imprimer et vous rendre \u00e0 la gendarmerie la plus proche.<\/p>\n\n\n\n<p><strong>NE PAS OUBLIER&nbsp;:<\/strong> seule une personne inscrite sur les listes \u00e9lectorales de la m\u00eame commune que vous peut avoir votre procuration.<\/p>\n\n\n\n<p>La&nbsp;demande de procuration doit \u00eatre effectu\u00e9e&nbsp;le plus t\u00f4t possible afin qu&#8217;elle&nbsp;parvienne&nbsp;\u00e0 la Mairie avant le scrutin.&nbsp;<\/p>\n","protected":false},"excerpt":{"rendered":"<p>Inscription sur les listes \u00e9lectorales&nbsp; &#8211; Qui peut \u00eatre \u00e9lecteur\u00a0? Il faut remplir toutes les conditions suivantes pour devenir \u00e9lecteur&nbsp;: Avoir au moins 18 ans la veille du jour de l&#8217;\u00e9lection \u00catre fran\u00e7ais Jouir de ses droits civils et politiques De plus, pour demander \u00e0 \u00eatre inscrit sur la liste \u00e9lectorale d&#8217;une commune, il faut [&hellip;]<\/p>\n","protected":false},"author":1,"featured_media":0,"parent":0,"menu_order":0,"comment_status":"closed","ping_status":"closed","template":"","meta":[],"_links":{"self":[{"href":"http:\/\/verniolle.fr\/wordpress\/wp-json\/wp\/v2\/pages\/5952"}],"collection":[{"href":"http:\/\/verniolle.fr\/wordpress\/wp-json\/wp\/v2\/pages"}],"about":[{"href":"http:\/\/verniolle.fr\/wordpress\/wp-json\/wp\/v2\/types\/page"}],"author":[{"embeddable":true,"href":"http:\/\/verniolle.fr\/wordpress\/wp-json\/wp\/v2\/users\/1"}],"replies":[{"embeddable":true,"href":"http:\/\/verniolle.fr\/wordpress\/wp-json\/wp\/v2\/comments?post=5952"}],"version-history":[{"count":3,"href":"http:\/\/verniolle.fr\/wordpress\/wp-json\/wp\/v2\/pages\/5952\/revisions"}],"predecessor-version":[{"id":7349,"href":"http:\/\/verniolle.fr\/wordpress\/wp-json\/wp\/v2\/pages\/5952\/revisions\/7349"}],"wp:attachment":[{"href":"http:\/\/verniolle.fr\/wordpress\/wp-json\/wp\/v2\/media?parent=5952"}],"curies":[{"name":"wp","href":"https:\/\/api.w.org\/{rel}","templated":true}]}}