{"id":5947,"date":"2021-11-09T11:46:31","date_gmt":"2021-11-09T09:46:31","guid":{"rendered":"http:\/\/verniolle.fr\/wordpress\/?page_id=5947"},"modified":"2025-09-24T16:27:39","modified_gmt":"2025-09-24T14:27:39","slug":"mes-demarches","status":"publish","type":"page","link":"http:\/\/verniolle.fr\/wordpress\/mes-demarches\/","title":{"rendered":"Mes d\u00e9marches"},"content":{"rendered":"\n<ul>\n<li>Les certificats\u00a0<\/li>\n<li>Le livret de famille<\/li>\n<li>La reconnaissance anticip\u00e9e<\/li>\n<li>Les demandes d&#8217;actes<\/li>\n<li>Le Mariage<\/li>\n<li>Le PACS<\/li>\n<li>Les pi\u00e8ces d&#8217;identit\u00e9<\/li>\n<li>Le changement de pr\u00e9nom<\/li>\n<li>Le recensement citoyen<\/li>\n<\/ul>\n","protected":false},"excerpt":{"rendered":"<p>Les certificats\u00a0 Le livret de famille La reconnaissance anticip\u00e9e Les demandes d&#8217;actes Le Mariage Le PACS Les pi\u00e8ces d&#8217;identit\u00e9 Le changement de pr\u00e9nom Le recensement citoyen<\/p>\n","protected":false},"author":1,"featured_media":0,"parent":0,"menu_order":0,"comment_status":"closed","ping_status":"closed","template":"","meta":[],"_links":{"self":[{"href":"http:\/\/verniolle.fr\/wordpress\/wp-json\/wp\/v2\/pages\/5947"}],"collection":[{"href":"http:\/\/verniolle.fr\/wordpress\/wp-json\/wp\/v2\/pages"}],"about":[{"href":"http:\/\/verniolle.fr\/wordpress\/wp-json\/wp\/v2\/types\/page"}],"author":[{"embeddable":true,"href":"http:\/\/verniolle.fr\/wordpress\/wp-json\/wp\/v2\/users\/1"}],"replies":[{"embeddable":true,"href":"http:\/\/verniolle.fr\/wordpress\/wp-json\/wp\/v2\/comments?post=5947"}],"version-history":[{"count":2,"href":"http:\/\/verniolle.fr\/wordpress\/wp-json\/wp\/v2\/pages\/5947\/revisions"}],"predecessor-version":[{"id":8655,"href":"http:\/\/verniolle.fr\/wordpress\/wp-json\/wp\/v2\/pages\/5947\/revisions\/8655"}],"wp:attachment":[{"href":"http:\/\/verniolle.fr\/wordpress\/wp-json\/wp\/v2\/media?parent=5947"}],"curies":[{"name":"wp","href":"https:\/\/api.w.org\/{rel}","templated":true}]}}