{"id":5210,"date":"2020-09-22T11:00:19","date_gmt":"2020-09-22T09:00:19","guid":{"rendered":"http:\/\/verniolle.fr\/wordpress\/?page_id=5210"},"modified":"2023-03-29T15:59:21","modified_gmt":"2023-03-29T13:59:21","slug":"ecoles-2-2","status":"publish","type":"page","link":"http:\/\/verniolle.fr\/wordpress\/ecoles-2-2\/","title":{"rendered":"Les Ecoles"},"content":{"rendered":"\n<figure class=\"wp-block-gallery aligncenter columns-2 is-cropped wp-block-gallery-1 is-layout-flex\"><ul class=\"blocks-gallery-grid\"><li class=\"blocks-gallery-item\"><figure><img decoding=\"async\" loading=\"lazy\" width=\"1024\" height=\"768\" src=\"http:\/\/verniolle.fr\/wordpress\/wp-content\/uploads\/2019\/06\/ecole_maternelle-1024x768.jpg\" alt=\"\" data-id=\"4425\" data-full-url=\"http:\/\/verniolle.fr\/wordpress\/wp-content\/uploads\/2019\/06\/ecole_maternelle.jpg\" data-link=\"http:\/\/verniolle.fr\/wordpress\/2019\/06\/04\/mairie-inauguration-des-ecoles\/ecole_maternelle\/\" class=\"wp-image-4425\" srcset=\"http:\/\/verniolle.fr\/wordpress\/wp-content\/uploads\/2019\/06\/ecole_maternelle-1024x768.jpg 1024w, http:\/\/verniolle.fr\/wordpress\/wp-content\/uploads\/2019\/06\/ecole_maternelle-300x225.jpg 300w, http:\/\/verniolle.fr\/wordpress\/wp-content\/uploads\/2019\/06\/ecole_maternelle-768x576.jpg 768w\" sizes=\"(max-width: 1024px) 100vw, 1024px\" \/><\/figure><\/li><li class=\"blocks-gallery-item\"><figure><img decoding=\"async\" loading=\"lazy\" width=\"1024\" height=\"768\" src=\"http:\/\/verniolle.fr\/wordpress\/wp-content\/uploads\/2019\/06\/ECOLE-ELEMENTAIRE-1024x768.jpg\" alt=\"\" data-id=\"4426\" data-full-url=\"http:\/\/verniolle.fr\/wordpress\/wp-content\/uploads\/2019\/06\/ECOLE-ELEMENTAIRE.jpg\" data-link=\"http:\/\/verniolle.fr\/wordpress\/2019\/06\/04\/mairie-inauguration-des-ecoles\/ecole-elementaire-2\/\" class=\"wp-image-4426\" srcset=\"http:\/\/verniolle.fr\/wordpress\/wp-content\/uploads\/2019\/06\/ECOLE-ELEMENTAIRE-1024x768.jpg 1024w, http:\/\/verniolle.fr\/wordpress\/wp-content\/uploads\/2019\/06\/ECOLE-ELEMENTAIRE-300x225.jpg 300w, http:\/\/verniolle.fr\/wordpress\/wp-content\/uploads\/2019\/06\/ECOLE-ELEMENTAIRE-768x576.jpg 768w\" sizes=\"(max-width: 1024px) 100vw, 1024px\" \/><\/figure><\/li><\/ul><\/figure>\n\n\n\n<table style=\"border-collapse: collapse; width: 99.4048%; height: 67px;\">\n<tbody>\n<tr style=\"height: 86px;\">\n<td style=\"width: 50%; text-align: center; height: 67px;\">\n<h4><span style=\"color: #8ec0e6;\">ECOLE MATERNELLE<\/span><\/h4>\n<p><span style=\"color: #8ec0e6;\">&#8221; La Ma\u00efnada &#8220;<\/span><\/p>\n<p>Place Adelin Moulis<br>09340 VERNIOLLE<br><strong>05.61.69.53.43<\/strong><\/p>\n<\/td>\n<td style=\"width: 50%; text-align: center; height: 67px;\">\n<h4><span style=\"color: #b36634;\">ECOLE ELEMENTAIRE<br><\/span><\/h4>\n<p><span style=\"color: #b36634;\">&#8221; Herminia Mu\u00f1oz Puigsech &#8220;<\/span><\/p>\n<p>5 chemin de Derri\u00e8re le Ch\u00e2teau<br>09340 VERNIOLLE<br><strong>05.61.69.59.68<\/strong><\/p>\n<\/td>\n<\/tr>\n<\/tbody>\n<\/table>\n\n\n\n<hr class=\"wp-block-separator\"\/>\n\n\n\n<figure class=\"wp-block-image size-large\"><a href=\"http:\/\/verniolle.fr\/wordpress\/wp-content\/uploads\/2023\/03\/Inscriptions-scolaires.png\"><img decoding=\"async\" loading=\"lazy\" width=\"1024\" height=\"409\" src=\"http:\/\/verniolle.fr\/wordpress\/wp-content\/uploads\/2023\/03\/Inscriptions-scolaires-1024x409.png\" alt=\"\" class=\"wp-image-6623\" srcset=\"http:\/\/verniolle.fr\/wordpress\/wp-content\/uploads\/2023\/03\/Inscriptions-scolaires-1024x409.png 1024w, http:\/\/verniolle.fr\/wordpress\/wp-content\/uploads\/2023\/03\/Inscriptions-scolaires-300x120.png 300w, http:\/\/verniolle.fr\/wordpress\/wp-content\/uploads\/2023\/03\/Inscriptions-scolaires-768x307.png 768w, http:\/\/verniolle.fr\/wordpress\/wp-content\/uploads\/2023\/03\/Inscriptions-scolaires.png 1216w\" sizes=\"(max-width: 1024px) 100vw, 1024px\" \/><\/a><\/figure>\n\n\n\n<p style=\"text-align: left;\"><em>Chaque inscription scolaire est soumise \u00e0 autorisation du Maire.<\/em><\/p>\n<p>Afin de pouvoir inscrire votre enfant dans l&#8217;un des deux \u00e9tablissements, il faut <strong>fournir&nbsp;\u00e0 la mairie<\/strong> les pi\u00e8ces suivantes&nbsp;:<\/p>\n<ol>\n<li>\n<h4><span style=\"color: #baae88;\"><strong>Si vous r\u00e9sidez \u00e0 Verniolle&nbsp;:<\/strong><\/span><\/h4>\n<\/li>\n<\/ol>\n<ul style=\"list-style-type: disc;\">\n<li><span style=\"color: #000000;\"><strong><a style=\"color: #000000;\" href=\"http:\/\/verniolle.fr\/wordpress\/wp-content\/uploads\/2023\/01\/FORMULAIRE-DEMANDE-dinscription-01.01.2023-.pdf\" target=\"_blank\" rel=\"noopener\">Formulaire de demande d&#8217;inscription scolaire &#8211; r\u00e9sidants de la commune de Verniolle<\/a><\/strong><\/span><\/li>\n<\/ul>\n<ol>\n<li>\n<h4><span style=\"color: #baae88;\"><strong>Si vous r\u00e9sidez hors de Verniolle&nbsp;:<\/strong><\/span><\/h4>\n<\/li>\n<\/ol>\n<ul style=\"list-style-type: disc;\">\n<li><span style=\"color: #000000;\"><strong><a style=\"color: #000000;\" href=\"http:\/\/verniolle.fr\/wordpress\/wp-content\/uploads\/2022\/01\/F.-DEMANDE-DEROGATION-UNIQUE.pdf\" target=\"_blank\" rel=\"noopener\">Formulaire de demande de d\u00e9rogation<\/a><\/strong><\/span><\/li>\n<li>courrier exposant les motifs de demande de d\u00e9rogation<\/li>\n<li>tout justificatif attestant de la situation pr\u00e9sent\u00e9e dans le courrier<\/li>\n<\/ul>\n<ol start=\"2\">\n<li>\n<h4><span style=\"color: #808080;\"><strong>Les pi\u00e8ces justificatives obligatoires :<\/strong><\/span><\/h4>\n<\/li>\n<\/ol>\n<ul style=\"list-style-type: square;\">\n<li>&nbsp;la copie du livret de famille complet<\/li>\n<li>&nbsp;la copie de la pi\u00e8ce d\u2019identit\u00e9 du repr\u00e9sentant l\u00e9gal<\/li>\n<li>&nbsp;un justificatif de domicile de moins de 3 mois<\/li>\n<li>&nbsp;en cas de divorce &gt; le jugement de divorce justifiant des modalit\u00e9s de garde de l&#8217;enfant<\/li>\n<\/ul>\n<p style=\"text-align: center;\"><span style=\"color: #ff0000;\"><strong>RAPPEL : une nouvelle inscription est obligatoire lors du passage en CP.<\/strong><\/span><\/p>\n\n\n\n<h5 style=\"text-align: center;\"><span style=\"color: #967a3c;\"><strong>HORAIRES DES ECOLES<\/strong><\/span><\/h5>\n\n\n\n<ul>\n<li>LUNDI : 9h00 &#8211; 12h00 \/ 14h00 &#8211; 17h00<\/li>\n<li>MARDI : 9h00 &#8211; 12h00 \/ 14h00 &#8211; 17h00<\/li>\n<li>JEUDI\u00a0:\u00a09h00 &#8211; 12h00 \/ 14h00 &#8211; 17h00<\/li>\n<li>VENDREDI : 9h00 &#8211; 12h00 \/ 14h00 &#8211; 17h00<\/li>\n<\/ul>\n<p style=\"text-align: center;\"><strong><em>Pour le mercredi, se reporter \u00e0 la rubrique \u00ab\u00a0Services P\u00e9riscolaires\u00a0\u00bb<\/em><\/strong><\/p>\n","protected":false},"excerpt":{"rendered":"<p>ECOLE MATERNELLE &#8221; La Ma\u00efnada &#8220; Place Adelin Moulis09340 VERNIOLLE05.61.69.53.43 ECOLE ELEMENTAIRE &#8221; Herminia Mu\u00f1oz Puigsech &#8220; 5 chemin de Derri\u00e8re le Ch\u00e2teau09340 VERNIOLLE05.61.69.59.68 Chaque inscription scolaire est soumise \u00e0 autorisation du Maire. Afin de pouvoir inscrire votre enfant dans l&#8217;un des deux \u00e9tablissements, il faut fournir&nbsp;\u00e0 la mairie les pi\u00e8ces suivantes&nbsp;: Si vous r\u00e9sidez [&hellip;]<\/p>\n","protected":false},"author":1,"featured_media":0,"parent":0,"menu_order":0,"comment_status":"closed","ping_status":"closed","template":"","meta":[],"_links":{"self":[{"href":"http:\/\/verniolle.fr\/wordpress\/wp-json\/wp\/v2\/pages\/5210"}],"collection":[{"href":"http:\/\/verniolle.fr\/wordpress\/wp-json\/wp\/v2\/pages"}],"about":[{"href":"http:\/\/verniolle.fr\/wordpress\/wp-json\/wp\/v2\/types\/page"}],"author":[{"embeddable":true,"href":"http:\/\/verniolle.fr\/wordpress\/wp-json\/wp\/v2\/users\/1"}],"replies":[{"embeddable":true,"href":"http:\/\/verniolle.fr\/wordpress\/wp-json\/wp\/v2\/comments?post=5210"}],"version-history":[{"count":34,"href":"http:\/\/verniolle.fr\/wordpress\/wp-json\/wp\/v2\/pages\/5210\/revisions"}],"predecessor-version":[{"id":6636,"href":"http:\/\/verniolle.fr\/wordpress\/wp-json\/wp\/v2\/pages\/5210\/revisions\/6636"}],"wp:attachment":[{"href":"http:\/\/verniolle.fr\/wordpress\/wp-json\/wp\/v2\/media?parent=5210"}],"curies":[{"name":"wp","href":"https:\/\/api.w.org\/{rel}","templated":true}]}}