{"id":505,"date":"2012-03-07T17:58:23","date_gmt":"2012-03-07T15:58:23","guid":{"rendered":"http:\/\/verniolle.mairie.free.fr\/wordpress\/?page_id=505"},"modified":"2024-04-30T09:23:49","modified_gmt":"2024-04-30T07:23:49","slug":"consulter-le-plu","status":"publish","type":"page","link":"http:\/\/verniolle.fr\/wordpress\/bienvenue\/consulter-le-plu\/","title":{"rendered":"Consulter le PLU"},"content":{"rendered":"<p>\u00a0<\/p>\n<h3><span style=\"color: #ff0000;\"><strong><a style=\"color: #ff0000;\" href=\"http:\/\/verniolle.fr\/wordpress\/wp-content\/uploads\/2024\/04\/Arrete-ouverture-enquete-publique-elaboration-PLU-de-Verniolle-1.pdf\">Arr\u00eat\u00e9 ouverture enqu\u00eate publique \u00e9laboration PLU de Verniolle<\/a><\/strong><\/span><\/h3>\n<p><strong>La r\u00e9vision du PLU est engag\u00e9e\u00a0<\/strong><br \/>Un registre est ouvert \u00e0 cet effet \u00e0 la mairie et peut \u00eatre consult\u00e9 et annot\u00e9 par la population.<br \/>La d\u00e9lib\u00e9ration du conseil municipal du 15\/12\/2015\u00a0qui d\u00e9finit les objectifs et les modalit\u00e9s de la concertation avec la population ainsi que les d\u00e9veloppements sont a consulter ci-dessous :<\/p>\n<h4>\u00a0<\/h4>\n<h4><strong><a href=\"http:\/\/verniolle.fr\/wordpress\/wp-content\/uploads\/2023\/10\/010-Arrete-cloture-concertation-PLU-Verniolle.pdf\" target=\"_blank\" rel=\"noopener\">&#8211; Arr\u00eat\u00e9 cl\u00f4ture concertation PLU Verniolle &#8211;<\/a><\/strong><\/h4>\n<h4><strong><a href=\"http:\/\/verniolle.fr\/wordpress\/wp-content\/uploads\/2023\/10\/arret-bilan-de-la-concertation.pdf\" target=\"_blank\" rel=\"noopener\">&#8211; Arr\u00eat bilan de la concertation &#8211;<\/a><\/strong><\/h4>\n<h2>Les articles du PLU<\/h2>\n<p>Pour consulter un article : cliquer sur le nom.<\/p>\n<p><strong>01-<a href=\"http:\/\/verniolle.fr\/wordpress\/wp-content\/uploads\/2012\/03\/d\u00e9lib\u00e9ration-2015-112-prescription-de-la-r\u00e9vision-du-POS-en-PLU.pdf\" target=\"_blank\" rel=\"noopener\">D\u00e9lib\u00e9ration 2015-112 &#8211; prescription de la r\u00e9vision du POS en PLU<\/a><\/strong><\/p>\n<div>\n<p><strong><a href=\"http:\/\/verniolle.fr\/wordpress\/wp-content\/uploads\/2022\/09\/2-RAPPORT-DE-PRESENTATION_PLU-VERNIOLLE-v4.pdf\" target=\"_blank\" rel=\"noopener\"><span style=\"color: #000000;\">02-<\/span> RAPPORT DE PRESENTATION PLU VERNIOLLE (mis en ligne le 28\/09\/2022)<\/a><\/strong><\/p>\n<p><strong>03-<a href=\"http:\/\/verniolle.fr\/wordpress\/wp-content\/uploads\/2012\/03\/PADD_Verniolle_V3.pdf\" target=\"_blank\" rel=\"noopener\">PADD Verniolle d\u00e9battu en conseil municipal le 18\/02\/2016<\/a><\/strong><\/p>\n<p><strong>3.1- <a href=\"http:\/\/verniolle.fr\/wordpress\/wp-content\/uploads\/2022\/09\/deliberation-2016-08-debat-sur-les-orientations-du-PADD.pdf\" target=\"_blank\" rel=\"noopener\">D\u00e9lib\u00e9ration 2016-08 du 23\/02\/2016 &#8211; d\u00e9bat sur le PADD<\/a><\/strong><\/p>\n<p><strong><a href=\"http:\/\/verniolle.fr\/wordpress\/wp-content\/uploads\/2022\/09\/Verniolle_PADD_v5-visa-prefecture.pdf\"><span style=\"color: #000000;\">04-<\/span> PADD Verniolle d\u00e9battu en conseil municipal le 02\/07\/2018<\/a><\/strong><\/p>\n<p><strong>4.1- <a href=\"http:\/\/verniolle.fr\/wordpress\/wp-content\/uploads\/2022\/09\/delib-2018-46-debat-orientations-generales-du-PADD.pdf\" target=\"_blank\" rel=\"noopener\">D\u00e9lib\u00e9ration 2018-46 du 02\/07\/2018 &#8211; d\u00e9bat sur le PADD<\/a><\/strong><\/p>\n<p><strong>05- <a href=\"http:\/\/verniolle.fr\/wordpress\/wp-content\/uploads\/2022\/09\/4.1-PADD-PLU-VERNIOLLE-v6.pdf\" target=\"_blank\" rel=\"noopener\">PADD Verniolle d\u00e9battu en conseil municipal le 08\/09\/2022 (mis en ligne le 28\/09\/2022)<\/a><\/strong><\/p>\n<p><strong>5.1- <a href=\"http:\/\/verniolle.fr\/wordpress\/wp-content\/uploads\/2022\/09\/deliberation-2022-50-debat-portant-sur-orientations-generales-du-PADD-1.pdf\" target=\"_blank\" rel=\"noopener\">D\u00e9lib\u00e9ration 2022-50 du 08\/09\/2022 &#8211; d\u00e9bat sur le PADD<\/a><\/strong><\/p>\n<p>\u00a0<\/p>\n<\/div>\n\n\n<p>Dossier de concertation PLU Verniolle avant arr\u00eat :<\/p>\n<p><a href=\"http:\/\/verniolle.fr\/wordpress\/wp-content\/uploads\/2023\/06\/2-RAPPORT-DE-PRESENTATION_PLU-VERNIOLLE.pdf\">2- RAPPORT DE PRESENTATION_PLU VERNIOLLE<\/a><\/p>\n<p><a href=\"http:\/\/verniolle.fr\/wordpress\/wp-content\/uploads\/2023\/06\/3.1-PADD-PLU-VERNIOLLE-v9.pdf\">3.1 PADD PLU VERNIOLLE v9<\/a><\/p>\n<p><a href=\"http:\/\/verniolle.fr\/wordpress\/wp-content\/uploads\/2023\/06\/3.2-OAP-PLU-VERNIOLLE_v3.pdf\">3.2 OAP PLU VERNIOLLE_v3<\/a><\/p>\n<p><a href=\"http:\/\/verniolle.fr\/wordpress\/wp-content\/uploads\/2023\/06\/4.1-PLAN-DE-ZONAGE-PLU-VERNIOLLE.pdf\">4.1 PLAN DE ZONAGE PLU VERNIOLLE<\/a><\/p>\n<p><a href=\"http:\/\/verniolle.fr\/wordpress\/wp-content\/uploads\/2023\/06\/4.2-REGLEMENT-PLU-VERNIOLLE_v2.pdf\">4.2 R\u00c8GLEMENT PLU VERNIOLLE_v2<\/a><\/p>\n<p><a href=\"http:\/\/verniolle.fr\/wordpress\/wp-content\/uploads\/2023\/06\/4.3-REGLEMENT-DU-PAZ-ESCOUBETOU.pdf\">4.3 REGLEMENT DU PAZ ESCOUBETOU<\/a><\/p>\n<p><a href=\"http:\/\/verniolle.fr\/wordpress\/wp-content\/uploads\/2023\/06\/5.1.1.1-Notice-AEP-PLU-VERNIOLLE.pdf\">5.1.1.1 Notice AEP PLU VERNIOLLE<\/a><\/p>\n<p><a href=\"http:\/\/verniolle.fr\/wordpress\/wp-content\/uploads\/2023\/06\/5.1.1.2-PLAN-AEP-PLU-VERNIOLLE.pdf\">5.1.1.2 PLAN AEP PLU VERNIOLLE<\/a><\/p>\n<p><a href=\"http:\/\/verniolle.fr\/wordpress\/wp-content\/uploads\/2023\/06\/5.1.2.1-Notice-ASSAINISSEMENT-PLU-VERNIOLLE_ARRET.pdf\">5.1.2.1 Notice ASSAINISSEMENT PLU VERNIOLLE_ARRET<\/a><\/p>\n<p><a href=\"http:\/\/verniolle.fr\/wordpress\/wp-content\/uploads\/2023\/06\/5.1.2.2-PLAN-ASSAINISSEMENT-COLLECTIF-PLU-VERNIOLLE.pdf\">5.1.2.2 PLAN ASSAINISSEMENT COLLECTIF PLU VERNIOLLE<\/a><\/p>\n<p><a href=\"http:\/\/verniolle.fr\/wordpress\/wp-content\/uploads\/2023\/06\/5.1.3-Notice-ORDURES-MENAGERES-PLU-VERNIOLLE.pdf\">5.1.3 Notice ORDURES MENAGERES PLU VERNIOLLE<\/a><\/p>\n<p><a href=\"http:\/\/verniolle.fr\/wordpress\/wp-content\/uploads\/2023\/06\/5.2.1-LISTE-SUP-PLU-VERNIOLLE.pdf\">5.2.1 LISTE SUP PLU VERNIOLLE<\/a><\/p>\n<p><a href=\"http:\/\/verniolle.fr\/wordpress\/wp-content\/uploads\/2023\/06\/5.2.2-PLAN-DES-SERVITUDES_PLU-VERNIOLLE.pdf\">5.2.2 PLAN DES SERVITUDES_PLU VERNIOLLE<\/a><\/p>\n<p><a href=\"http:\/\/verniolle.fr\/wordpress\/wp-content\/uploads\/2023\/06\/5.3.1-PLAN-PPR-PLU-VERNIOLLE.pdf\">5.3.1 PLAN PPR PLU VERNIOLLE<\/a><\/p>\n<p><a href=\"http:\/\/verniolle.fr\/wordpress\/wp-content\/uploads\/2023\/06\/5.3.2-PPR-VERNIOLLE_reglement.pdf\">5.3.2 PPR VERNIOLLE_reglement<\/a><\/p>\n<p><a href=\"http:\/\/verniolle.fr\/wordpress\/wp-content\/uploads\/2023\/06\/5.4-CAHIER-RECOMMANDATIONS-NATURE-EN-VILLE-PLU-VERNIOLLE.pdf\">5.4 CAHIER RECOMMANDATIONS NATURE EN VILLE PLU VERNIOLLE<\/a><\/p>\n<p><a href=\"http:\/\/verniolle.fr\/wordpress\/wp-content\/uploads\/2023\/06\/5.5.1.-ZNIEFF-Type-1-bosquets-de-las-Garros-et-aerodrome-Pamiers-les-Pujols.pdf\">5.5.1.- ZNIEFF Type 1 bosquets de las Garros et a\u00e9rodrome Pamiers les Pujols<\/a><\/p>\n<p><a href=\"http:\/\/verniolle.fr\/wordpress\/wp-content\/uploads\/2023\/06\/5.5.2.-ZNIEFF-Type-2-Basse-plaine-Ariege-et-Hers.pdf\">5.5.2.- ZNIEFF Type 2 Basse plaine Ariege et Hers<\/a><\/p>\n<p><a href=\"http:\/\/verniolle.fr\/wordpress\/wp-content\/uploads\/2023\/06\/5.6-CAHIER-RECOMMANDATIONS-BIOCLIMATISME-PLU-VERNIOLLE.pdf\">5.6 CAHIER RECOMMANDATIONS BIOCLIMATISME PLU VERNIOLLE<\/a><\/p>\n<p><a href=\"http:\/\/verniolle.fr\/wordpress\/wp-content\/uploads\/2023\/06\/5.7-AP-01-07-2016-carriere-BGO-Varilhes-Verniolle.pdf\">5.7 AP 01-07-2016 carri\u00e8re BGO Varilhes-Verniolle<\/a><\/p>\n<p><a href=\"http:\/\/verniolle.fr\/wordpress\/wp-content\/uploads\/2023\/06\/5.8-ARRETE-PREFECTORAL-INFRASTRUCTURES-SONORES_PLU-VERNIOLLE.pdf\">5.8 ARRETE PREFECTORAL INFRASTRUCTURES SONORES_PLU VERNIOLLE<\/a><\/p>\n<p><a href=\"http:\/\/verniolle.fr\/wordpress\/wp-content\/uploads\/2023\/06\/5.9-ARRETE-PREFECTORAL-LUTTE-CONTRE-LES-AMBROISIES_PLU-VERNIOLLE.pdf\">5.9- ARRETE PREFECTORAL LUTTE CONTRE LES AMBROISIES_PLU VERNIOLLE<\/a><\/p>\n<p>Article mis \u00e0 jour le 22.06.2023<\/p>\n","protected":false},"excerpt":{"rendered":"<p>\u00a0 Arr\u00eat\u00e9 ouverture enqu\u00eate publique \u00e9laboration PLU de Verniolle La r\u00e9vision du PLU est engag\u00e9e\u00a0Un registre est ouvert \u00e0 cet effet \u00e0 la mairie et peut \u00eatre consult\u00e9 et annot\u00e9 par la population.La d\u00e9lib\u00e9ration du conseil municipal du 15\/12\/2015\u00a0qui d\u00e9finit les objectifs et les modalit\u00e9s de la concertation avec la population ainsi que les d\u00e9veloppements [&hellip;]<\/p>\n","protected":false},"author":3,"featured_media":0,"parent":14,"menu_order":0,"comment_status":"closed","ping_status":"open","template":"","meta":[],"_links":{"self":[{"href":"http:\/\/verniolle.fr\/wordpress\/wp-json\/wp\/v2\/pages\/505"}],"collection":[{"href":"http:\/\/verniolle.fr\/wordpress\/wp-json\/wp\/v2\/pages"}],"about":[{"href":"http:\/\/verniolle.fr\/wordpress\/wp-json\/wp\/v2\/types\/page"}],"author":[{"embeddable":true,"href":"http:\/\/verniolle.fr\/wordpress\/wp-json\/wp\/v2\/users\/3"}],"replies":[{"embeddable":true,"href":"http:\/\/verniolle.fr\/wordpress\/wp-json\/wp\/v2\/comments?post=505"}],"version-history":[{"count":18,"href":"http:\/\/verniolle.fr\/wordpress\/wp-json\/wp\/v2\/pages\/505\/revisions"}],"predecessor-version":[{"id":7614,"href":"http:\/\/verniolle.fr\/wordpress\/wp-json\/wp\/v2\/pages\/505\/revisions\/7614"}],"up":[{"embeddable":true,"href":"http:\/\/verniolle.fr\/wordpress\/wp-json\/wp\/v2\/pages\/14"}],"wp:attachment":[{"href":"http:\/\/verniolle.fr\/wordpress\/wp-json\/wp\/v2\/media?parent=505"}],"curies":[{"name":"wp","href":"https:\/\/api.w.org\/{rel}","templated":true}]}}