{"id":388,"date":"2012-01-06T20:28:36","date_gmt":"2012-01-06T18:28:36","guid":{"rendered":"http:\/\/verniolle.mairie.free.fr\/wordpress\/?page_id=388"},"modified":"2021-03-07T19:00:30","modified_gmt":"2021-03-07T17:00:30","slug":"mediatheque","status":"publish","type":"page","link":"http:\/\/verniolle.fr\/wordpress\/la-vie-du-village\/bibliotheque\/mediatheque\/","title":{"rendered":"La M\u00e9diath\u00e8que de Verniolle"},"content":{"rendered":"\n<div class=\"wp-block-image\"><figure class=\"aligncenter size-large is-resized\"><img decoding=\"async\" loading=\"lazy\" src=\"http:\/\/verniolle.fr\/wordpress\/wp-content\/uploads\/2021\/03\/Inscription-gratuite-pour-tous-6-1024x819.jpg\" alt=\"\" class=\"wp-image-5757\" width=\"439\" height=\"351\" srcset=\"http:\/\/verniolle.fr\/wordpress\/wp-content\/uploads\/2021\/03\/Inscription-gratuite-pour-tous-6-1024x819.jpg 1024w, http:\/\/verniolle.fr\/wordpress\/wp-content\/uploads\/2021\/03\/Inscription-gratuite-pour-tous-6-300x240.jpg 300w, http:\/\/verniolle.fr\/wordpress\/wp-content\/uploads\/2021\/03\/Inscription-gratuite-pour-tous-6-768x614.jpg 768w, http:\/\/verniolle.fr\/wordpress\/wp-content\/uploads\/2021\/03\/Inscription-gratuite-pour-tous-6-1536x1229.jpg 1536w, http:\/\/verniolle.fr\/wordpress\/wp-content\/uploads\/2021\/03\/Inscription-gratuite-pour-tous-6.jpg 2000w\" sizes=\"(max-width: 439px) 100vw, 439px\" \/><\/figure><\/div>\n\n\n\n<h4>\u00a0<\/h4>\n<h4 style=\"text-align: center;\"><span class=\"JsGRdQ\" style=\"color: #0d89e0;\">C\u2019est un lieu accueillant situ\u00e9 au premier \u00e9tage de l\u2019h\u00f4tel de ville. Tous les enfants la connaissent, ils s\u2019y rendent avec l\u2019\u00e9cole depuis la maternelle.<\/span><\/h4>\n<h4 style=\"text-align: center;\"><span class=\"JsGRdQ\" style=\"color: #0d89e0;\">A votre tour, venez la d\u00e9couvrir !<\/span><\/h4>\n<h4 class=\"_04xlpA direction-ltr align-center para-style-body\" style=\"text-align: center;\"><span class=\"JsGRdQ\" style=\"color: #0d89e0;\">Vous serez accueillis par une \u00e9quipe professionnelle. Vous aurez acc\u00e8s \u00e0 des collections riches et vari\u00e9es (12 000 documents) renouvel\u00e9es trois fois par an et en r\u00e9seau.<\/span><\/h4>\n<h4 class=\"_04xlpA direction-ltr align-center para-style-body\" style=\"text-align: center;\"><span class=\"JsGRdQ\" style=\"color: #0d89e0;\">La m\u00e9diath\u00e8que est un des 13 sites du r\u00e9seau de lecture de la Communaut\u00e9 d\u2019Agglom\u00e9ration du pays Foix \u2013 Varilhes.<\/span><\/h4>\n<p>\u00a0<\/p>\n\n\n\n<figure class=\"wp-block-image size-large is-resized\"><img decoding=\"async\" loading=\"lazy\" src=\"http:\/\/verniolle.fr\/wordpress\/wp-content\/uploads\/2021\/03\/Inscription-gratuite-pour-tous-2-1024x819.jpg\" alt=\"\" class=\"wp-image-5753\" width=\"867\" height=\"693\" srcset=\"http:\/\/verniolle.fr\/wordpress\/wp-content\/uploads\/2021\/03\/Inscription-gratuite-pour-tous-2-1024x819.jpg 1024w, http:\/\/verniolle.fr\/wordpress\/wp-content\/uploads\/2021\/03\/Inscription-gratuite-pour-tous-2-300x240.jpg 300w, http:\/\/verniolle.fr\/wordpress\/wp-content\/uploads\/2021\/03\/Inscription-gratuite-pour-tous-2-768x614.jpg 768w, http:\/\/verniolle.fr\/wordpress\/wp-content\/uploads\/2021\/03\/Inscription-gratuite-pour-tous-2-1536x1229.jpg 1536w, http:\/\/verniolle.fr\/wordpress\/wp-content\/uploads\/2021\/03\/Inscription-gratuite-pour-tous-2.jpg 2000w\" sizes=\"(max-width: 867px) 100vw, 867px\" \/><\/figure>\n\n\n<p>\u00a0<\/p>\n<p>\u00a0<\/p>\n\n\n<div class=\"wp-block-image\"><figure class=\"aligncenter size-large is-resized\"><img decoding=\"async\" loading=\"lazy\" src=\"http:\/\/verniolle.fr\/wordpress\/wp-content\/uploads\/2021\/03\/Inscription-gratuite-pour-tous-4-1024x819.jpg\" alt=\"\" class=\"wp-image-5755\" width=\"356\" height=\"284\" srcset=\"http:\/\/verniolle.fr\/wordpress\/wp-content\/uploads\/2021\/03\/Inscription-gratuite-pour-tous-4-1024x819.jpg 1024w, http:\/\/verniolle.fr\/wordpress\/wp-content\/uploads\/2021\/03\/Inscription-gratuite-pour-tous-4-300x240.jpg 300w, http:\/\/verniolle.fr\/wordpress\/wp-content\/uploads\/2021\/03\/Inscription-gratuite-pour-tous-4-768x614.jpg 768w, http:\/\/verniolle.fr\/wordpress\/wp-content\/uploads\/2021\/03\/Inscription-gratuite-pour-tous-4-1536x1229.jpg 1536w, http:\/\/verniolle.fr\/wordpress\/wp-content\/uploads\/2021\/03\/Inscription-gratuite-pour-tous-4.jpg 2000w\" sizes=\"(max-width: 356px) 100vw, 356px\" \/><\/figure><\/div>\n\n\n<h4>\u00a0<\/h4>\n<h4 style=\"padding-left: 30px; text-align: center;\"><span style=\"color: #ff6600;\">Vous voulez en savoir plus consultez le site de la m\u00e9diath\u00e8que intercommunale et son catalogue en ligne :<\/span><\/h4>\n\n<h4 style=\"padding-left: 30px; text-align: center;\"><br \/><span style=\"color: #0a90f7;\"><a style=\"color: #0a90f7;\" href=\"https:\/\/www.mediathequespaysfoixvarilhes.fr\/\">https:\/\/www.mediathequespaysfoixvarilhes.fr\/<\/a><\/span><\/h4>\n<h4 style=\"padding-left: 30px; text-align: center;\"><span style=\"color: #808080;\">T\u00e9l : 05 61 69 48 87\u00a0 \u00a0<\/span><\/h4>\n<h4 style=\"padding-left: 30px; text-align: center;\"><span style=\"color: #808080;\">Courriel : mediatheque.verniolle@agglo-pfv.fr<\/span><\/h4>\n<h4 style=\"padding-left: 30px;\">\u00a0<\/h4>","protected":false},"excerpt":{"rendered":"<p>\u00a0 C\u2019est un lieu accueillant situ\u00e9 au premier \u00e9tage de l\u2019h\u00f4tel de ville. Tous les enfants la connaissent, ils s\u2019y rendent avec l\u2019\u00e9cole depuis la maternelle. A votre tour, venez la d\u00e9couvrir ! Vous serez accueillis par une \u00e9quipe professionnelle. Vous aurez acc\u00e8s \u00e0 des collections riches et vari\u00e9es (12 000 documents) renouvel\u00e9es trois fois [&hellip;]<\/p>\n","protected":false},"author":3,"featured_media":0,"parent":68,"menu_order":0,"comment_status":"closed","ping_status":"closed","template":"","meta":[],"_links":{"self":[{"href":"http:\/\/verniolle.fr\/wordpress\/wp-json\/wp\/v2\/pages\/388"}],"collection":[{"href":"http:\/\/verniolle.fr\/wordpress\/wp-json\/wp\/v2\/pages"}],"about":[{"href":"http:\/\/verniolle.fr\/wordpress\/wp-json\/wp\/v2\/types\/page"}],"author":[{"embeddable":true,"href":"http:\/\/verniolle.fr\/wordpress\/wp-json\/wp\/v2\/users\/3"}],"replies":[{"embeddable":true,"href":"http:\/\/verniolle.fr\/wordpress\/wp-json\/wp\/v2\/comments?post=388"}],"version-history":[{"count":5,"href":"http:\/\/verniolle.fr\/wordpress\/wp-json\/wp\/v2\/pages\/388\/revisions"}],"predecessor-version":[{"id":5760,"href":"http:\/\/verniolle.fr\/wordpress\/wp-json\/wp\/v2\/pages\/388\/revisions\/5760"}],"up":[{"embeddable":true,"href":"http:\/\/verniolle.fr\/wordpress\/wp-json\/wp\/v2\/pages\/68"}],"wp:attachment":[{"href":"http:\/\/verniolle.fr\/wordpress\/wp-json\/wp\/v2\/media?parent=388"}],"curies":[{"name":"wp","href":"https:\/\/api.w.org\/{rel}","templated":true}]}}