{"id":36,"date":"2011-11-11T20:16:10","date_gmt":"2011-11-11T18:16:10","guid":{"rendered":"http:\/\/verniolle.mairie.free.fr\/wordpress\/?page_id=36"},"modified":"2025-02-25T16:13:16","modified_gmt":"2025-02-25T14:13:16","slug":"commerces-entreprises","status":"publish","type":"page","link":"http:\/\/verniolle.fr\/wordpress\/la-vie-du-village\/commerces-entreprises\/","title":{"rendered":"Commerces &#038; Entreprises"},"content":{"rendered":"\n<div class=\"wp-block-image\"><figure class=\"aligncenter size-large is-resized\"><img decoding=\"async\" loading=\"lazy\" src=\"http:\/\/verniolle.fr\/wordpress\/wp-content\/uploads\/2020\/11\/VERNIOLLE-1-1024x819.png\" alt=\"\" class=\"wp-image-5514\" width=\"441\" height=\"352\" srcset=\"http:\/\/verniolle.fr\/wordpress\/wp-content\/uploads\/2020\/11\/VERNIOLLE-1-1024x819.png 1024w, http:\/\/verniolle.fr\/wordpress\/wp-content\/uploads\/2020\/11\/VERNIOLLE-1-300x240.png 300w, http:\/\/verniolle.fr\/wordpress\/wp-content\/uploads\/2020\/11\/VERNIOLLE-1-768x614.png 768w, http:\/\/verniolle.fr\/wordpress\/wp-content\/uploads\/2020\/11\/VERNIOLLE-1-1536x1229.png 1536w, http:\/\/verniolle.fr\/wordpress\/wp-content\/uploads\/2020\/11\/VERNIOLLE-1.png 2000w\" sizes=\"(max-width: 441px) 100vw, 441px\" \/><\/figure><\/div>\n\n\n\n<h1>A<\/h1>\n<h5><span style=\"color: #333333;\">ALIMENTATION G\u00c9N\u00c9RALE<\/span><\/h5>\n<ul>\n<li><span style=\"color: #808080;\"><em>TABAC PRESSE \u00c9PICERIE DE VERNIOLLE\u00a0 \u00a0 \u00a06 Place de l&#8217;\u00c9glise\u00a0 \u00a0 \u00a0 \u00a0 05 61 68 02 59\u00a0 \u00a0\u00a0<a href=\"https:\/\/www.facebook.com\/people\/Tabac-Presse-%C3%89picerie-de-Verniolle\/100087438765735\/\">Facebook<\/a><\/em><\/span><\/li>\n<li><span style=\"color: #808080;\"><em>SUPER U\u00a0 \u00a0 \u00a0 \u00a0 \u00a0 \u00a0 \u00a0 \u00a0 \u00a0 \u00a0 \u00a0 \u00a0 \u00a0 \u00a0 \u00a0 \u00a0 \u00a0Graussette\u00a0 \u00a0 \u00a0 \u00a0 \u00a0 \u00a0 \u00a0 \u00a0 \u00a0 \u00a0 \u00a0 \u00a0 \u00a005 34 01 08 60<\/em><\/span>\u00a0 \u00a0 \u00a0 \u00a0 <a href=\"https:\/\/www.coursesu.com\/f-superu-verniolle-informations?utm_medium=internal&amp;utm_source=GMB\">Site internet<\/a>\u00a0 \u00a0 \u00a0<a href=\"https:\/\/www.facebook.com\/superuverniolle\">Facebook<\/a><\/li>\n<\/ul>\n<h5><span style=\"color: #333333;\">ARCHITECTE<\/span><\/h5>\n<ul>\n<li><span style=\"color: #808080;\"><em>ISABELLE CANAL DIAZ\u00a0 \u00a0 \u00a0 1 Avenue de Mirepoix\u00a0 \u00a0 \u00a0 05 61 67 00 65 \/ 06 15 88 79 14<\/em><\/span><\/li>\n<li><span style=\"color: #808080;\"><em>CM2A C\u00c9DRIC MUNOZ\u00a0 \u00a0 \u00a0 \u00a01 Avenue de Mirepoix\u00a0 \u00a0 \u00a0 05 61 69 55 00 \/ 06 82 03 13 94\u00a0 \u00a0 \u00a0<a href=\"https:\/\/cm2a.org\/\">Site internet<\/a>\u00a0 \u00a0 \u00a0 \u00a0<\/em><\/span><\/li>\n<li><span style=\"color: #808080;\"><em>BRUNEL JO\u00cbL\u00a0 \u00a0 \u00a0 \u00a0 \u00a0 \u00a0 \u00a0 \u00a0 \u00a0 \u00a0 \u00a0 \u00a01 Rue de la Vigne\u00a0 \u00a0 \u00a0 \u00a0 \u00a0 \u00a0 \u00a0 05 61 69 59 31\u00a0\u00a0<\/em><\/span><\/li>\n<\/ul>\n<h5><span style=\"color: #333333;\">AUTOMOBILE D\u00c9PANNAGE<\/span><\/h5>\n<ul>\n<li><em><span style=\"color: #808080;\">VERNIOLLE AUTOMOBILE\u00a0 \u00a0Avenue de la Halte\u00a0 \u00a0 \u00a0 \u00a0 05 61 68 04 24<\/span><\/em><\/li>\n<\/ul>\n<h5><span style=\"color: #333333;\">AUTOMOBILE M\u00c9CANIQUE \/ PI\u00c8CES D\u00c9TACH\u00c9ES<\/span><\/h5>\n<ul>\n<li><span style=\"color: #808080;\"><em>EURO CAR CENTER\u00a0 \u00a0 \u00a0 \u00a0 \u00a0 \u00a0 \u00a0 Avenue de Foix\u00a0 \u00a0 \u00a0 \u00a0 \u00a0 \u00a0 \u00a0 \u00a0 \u00a005 61 67 55 08<\/em><\/span><\/li>\n<li><span style=\"color: #808080;\"><em>NORAUTO\u00a0 \u00a0 \u00a0 \u00a0 \u00a0 \u00a0 \u00a0 \u00a0 \u00a0 \u00a0 \u00a0 \u00a0 \u00a0 \u00a0 \u00a0 \u00a0Delta Sud\u00a0 \u00a0 \u00a0 \u00a0 \u00a0 \u00a0 \u00a0 \u00a0 \u00a0 \u00a0 \u00a0 \u00a0 \u00a0 05 34 01 05 90\u00a0 \u00a0 \u00a0<a href=\"https:\/\/centres.norauto.fr\/ariege\/verniolle\/zone-de-la-graussette?utm_source=google&amp;utm_medium=organic&amp;utm_campaign=mybusiness_local\">Site internet<\/a>\u00a0 \u00a0 \u00a0\u00a0<\/em><\/span><\/li>\n<li><em><span style=\"color: #808080;\">VERNIOLLE AUTOMOBILE\u00a0 \u00a0Avenue de la Halte\u00a0 \u00a0 \u00a0 \u00a0 05 61 68 04 24<\/span><\/em><span style=\"color: #808080;\"><em> \u00a0 <\/em><\/span><\/li>\n<\/ul>\n<h5><span style=\"color: #333333;\">AUTOMOBILE VENTE<\/span><\/h5>\n<ul>\n<li><em><span style=\"color: #808080;\">VERNIOLLE AUTOMOBILE\u00a0 \u00a0Avenue de la Halte\u00a0 \u00a0 \u00a0 \u00a0 05 61 68 04 24<\/span><\/em><em style=\"color: #808080; font-size: inherit;\">\u00a0 \u00a0 \u00a0 \u00a0 \u00a0 \u00a0 \u00a0 \u00a0 \u00a0 \u00a0 \u00a0 \u00a0 \u00a0 \u00a0 \u00a0 \u00a0 \u00a0 \u00a0 \u00a0\u00a0<\/em><\/li>\n<\/ul>\n<h1>B<\/h1>\n<h5><span style=\"color: #008000;\">BOULANGERIE<\/span><\/h5>\n<ul>\n<li><span style=\"color: #808000;\"><em>BOULANGERIE LES GAR\u00c7ONS\u00a0 \u00a0 3 Place de la R\u00e9publique\u00a0 \u00a0 05 61 60 52 34<\/em><\/span><\/li>\n<\/ul>\n<h5><span style=\"color: #008000;\">BRICOLAGE<\/span><\/h5>\n<ul>\n<li><span style=\"color: #808000;\"><em>BRICO D\u00c9P\u00d4T\u00a0 \u00a0 \u00a0 \u00a0 \u00a0 \u00a0 \u00a0 \u00a0 \u00a0 \u00a0 \u00a0 \u00a0 \u00a0Delta Sud\u00a0 \u00a0 \u00a0 \u00a0 \u00a0 \u00a0 \u00a0 \u00a0 \u00a0 \u00a0 \u00a0 \u00a0 \u00a0 \u00a0 \u00a0 \u00a0 \u00a0 \u00a0 \u00a0 05 34 01 05 60<\/em><\/span><\/li>\n<li><span style=\"color: #808000;\"><em>LAPEYRE\u00a0 \u00a0 \u00a0 \u00a0 \u00a0 \u00a0 \u00a0 \u00a0 \u00a0 \u00a0 \u00a0 \u00a0 \u00a0 \u00a0 \u00a0 \u00a0 \u00a015 Avenue de Foix\u00a0 \u00a0 \u00a0 \u00a0 \u00a0 \u00a0 \u00a0 \u00a0 \u00a0 \u00a0 \u00a0 \u00a005 61 69 69 70<\/em><\/span><\/li>\n<\/ul>\n<h1>C<\/h1>\n<h5><span style=\"color: #333399;\">CHAUFFAGE Vente et Installation<\/span><\/h5>\n<p>\u00a0<\/p>\n<h5><span style=\"color: #333399;\">CHAUFFAGE D\u00e9pannage<\/span><\/h5>\n<p>\u00a0<\/p>\n<h5><span style=\"color: #333399;\">COIFFEUR<\/span><\/h5>\n<ul>\n<li><span style=\"color: #666699;\"><em>COIFFEUR HOMMES<\/em>\u00a0 \u00a0 \u00a0 \u00a0 \u00a0 \u00a0<em> \u00a04 Place de l&#8217;\u00c9glise\u00a0 \u00a0 \u00a0 \u00a0 \u00a0 \u00a0 \u00a0 \u00a0 \u00a006 42 27 52 93\u00a0 \u00a0 \u00a0<a href=\"https:\/\/www.facebook.com\/profile.php?id=100004299015342\">Facebook<\/a><\/em><\/span><\/li>\n<li><span style=\"color: #666699;\"><em>COUPES COULEURS\u00a0 \u00a0 \u00a0 \u00a0 \u00a0 \u00a0 \u00a0 Centre Commercial\u00a0 \u00a0 \u00a0 \u00a0 \u00a0 \u00a0 \u00a0 05 61 68 58 05\u00a0 \u00a0\u00a0 <a href=\"https:\/\/www.coupescouleurs-salons.fr\/?utm_source=gmb\">Site internet<\/a>\u00a0 \u00a0 \u00a0 \u00a0<a href=\"https:\/\/www.facebook.com\/CoupesCouleursSalonsVernioll\">Facebook<\/a><\/em><\/span><\/li>\n<li><span style=\"color: #666699;\"><em>\u00c9MILIE COIFFURE\u00a0 \u00a0 \u00a0 \u00a0 \u00a0 \u00a0 \u00a0 \u00a0 \u00a0 7 Place de la R\u00e9publique\u00a0 \u00a0 \u00a0 05 61 68 83 17\u00a0 \u00a0\u00a0 <a href=\"https:\/\/www.facebook.com\/pages\/Emilie%20Coiffure\/305607369873166\/\">Facebook<\/a><\/em><\/span><\/li>\n<li><em><span style=\"color: #666699;\">O CISEAUX D&#8217;ARGENT\u00a0 \u00a0 \u00a0 \u00a0 \u00a0 2 Av de la R\u00e9publique\u00a0 \u00a0 \u00a0 \u00a0 \u00a0 05 61 69 50<\/span> <span style=\"color: #666699;\">00\u00a0 \u00a0 \u00a0<a href=\"https:\/\/ociseauxdargent.fr\/\">Site internet<\/a>\u00a0 \u00a0 \u00a0 \u00a0<a href=\"https:\/\/www.facebook.com\/ociseauxdargent\/\">Facebook<\/a><\/span><\/em><\/li>\n<\/ul>\n<h5><span style=\"color: #333399;\">COIFFEUR \u00e0 Domicile<\/span><\/h5>\n<ul>\n<li><span style=\"color: #666699;\"><em>CORALIE COIFFURE\u00a0 \u00a0<\/em> \u00a0 \u00a0 \u00a0 <em>\u00a0 \u00a0 10 Av de la Halte\u00a0 \u00a0 \u00a0 \u00a0 \u00a0 \u00a0 \u00a0 \u00a0 \u00a0 05 61 67 53 14<\/em><\/span><\/li>\n<\/ul>\n<h5><span style=\"color: #333399;\">COUVREUR<\/span><\/h5>\n<ul>\n<li><span style=\"color: #666699;\"><em>AUDOYE THIERRY\u00a0 \u00a0 \u00a0 \u00a0 \u00a0 \u00a0 \u00a0 \u00a0 \u00a04 Rue des Merisiers\u00a0 \u00a0 \u00a0 \u00a0 \u00a0 \u00a0 \u00a006 82 97 04 95\u00a0 \u00a0 \u00a0\u00a0<\/em><\/span><\/li>\n<li><span style=\"color: #666699;\"><em>S\u00c9VERAN CHRISTOPHE\u00a0 \u00a0 \u00a0 \u00a011A Rue Foucaud\u00a0 \u00a0 \u00a0 \u00a0 \u00a0 \u00a0 \u00a0 \u00a0 06 63 73 16 45<\/em><\/span><\/li>\n<\/ul>\n<h1>D<\/h1>\n<h5><span style=\"color: #ff6600;\">DENTISTE<\/span><\/h5>\n<ul>\n<li><em><span style=\"color: #ff9900;\">FRONTON Pascale\u00a0 4Bis Avenue de la Halte\u00a0 \u00a0 \u00a0 \u00a005 61 68 00 20<\/span><\/em><\/li>\n<\/ul>\n<h1>E<\/h1>\n<h5><span style=\"color: #333333;\">\u00c9LECTRICIT\u00c9<\/span><\/h5>\n<ul>\n<li><span style=\"color: #808080;\"><em>EB2\u00a0 \u00a0 \u00a0 \u00a0 \u00a0 \u00a0 \u00a0 \u00a0 \u00a0 \u00a0 \u00a0 \u00a0 \u00a0 \u00a0 \u00a0 \u00a0 \u00a0 \u00a0 \u00a0 \u00a0 \u00a0 18 Avenue de la Halte\u00a0 \u00a0 \u00a0 \u00a0 \u00a0 \u00a006 45 37 16 33<\/em><\/span><\/li>\n<li><span style=\"color: #808080;\"><em>G\u00c9OBIOSOL\u00a0 \u00a0 \u00a0 \u00a0 \u00a0 \u00a0 \u00a0 \u00a0 \u00a0 \u00a0 \u00a0 \u00a0 \u00a0 \u00a0Avenue de Foix\u00a0 \u00a0 \u00a0 \u00a0 \u00a0 \u00a0 \u00a0 \u00a0 \u00a0 \u00a0 \u00a0 \u00a005 65 56 64 00<\/em><\/span><\/li>\n<li><span style=\"color: #808080;\"><em>RIVAUD ELECNET\u00a0 \u00a0 \u00a0 \u00a0 \u00a0 \u00a0 \u00a0 \u00a0 2A Rue de la Vigne\u00a0 \u00a0 \u00a0 \u00a0 \u00a0 \u00a0 \u00a0 \u00a0 \u00a006 18 94 49 78<\/em><\/span><\/li>\n<\/ul>\n<h1>I<\/h1>\n<h5><span style=\"color: #800080;\">INFIRMIER<\/span><\/h5>\n<ul>\n<li><span style=\"color: #ba07ba;\"><em>CHELLE \/ LEOTON\u00a0 \u00a0 \u00a0 \u00a0 \u00a0 \u00a0 \u00a0 \u00a0 \u00a0 \u00a0 \u00a03 Rue de la Treille\u00a0 \u00a0 \u00a0 \u00a0 \u00a0 \u00a0 \u00a0 \u00a0 \u00a0 \u00a0 05 61 68 66 47<\/em><\/span><\/li>\n<li><span style=\"color: #ba07ba;\"><em>SCM NAVARRO \/ DOUMENC\u00a0 \u00a09 Avenue des Pyr\u00e9n\u00e9es\u00a0 \u00a0 \u00a0 \u00a0 \u00a0 \u00a005 61 69 58 95<\/em><\/span><\/li>\n<li><span style=\"color: #ba07ba;\"><em>LOZANO \/ VIGO MASSOT\u00a0 \u00a0 \u00a0 \u00a0 6 Place du Sabarthes\u00a0 \u00a0 \u00a0 \u00a0 \u00a0 \u00a0 \u00a0 06 75 05 88 79 \/ 06 33 82 24 51\u00a0<\/em><\/span><\/li>\n<\/ul>\n<h5><span style=\"color: #800080;\">INSTITUT de BEAUT\u00c9\u00a0<\/span><\/h5>\n<ul>\n<li><span style=\"color: #ba07ba;\"><em>LE GRAIN DE BEAUT\u00c9\u00a0 \u00a0 \u00a0 \u00a0 \u00a0 \u00a0 \u00a09 Plac<span style=\"color: #ba07ba;\">e de la R\u00e9<\/span>publique\u00a0 \u00a0 \u00a0 \u00a0 \u00a005 61 69 60 57\u00a0 \u00a0\u00a0 <a href=\"https:\/\/legraindebeauteinstitut.fr\/\">Site internet\u00a0<\/a> \u00a0 \u00a0 \u00a0<\/em><a href=\"https:\/\/www.facebook.com\/Le-grain-de-beaut%C3%A9-1561559384089075\/\">Facebook<\/a><\/span><\/li>\n<\/ul>\n<h5><span style=\"color: #800080;\">INSTITUT de BEAUT\u00c9 \u00e0 Domicile<\/span><\/h5>\n<ul>\n<li><span style=\"color: #ba07ba;\"><em>ALBIZIA ESTH\u00c9TIQUE\u00a0 \u00a0 \u00a0 \u00a0 \u00a0 24 Avenue de Pamiers\u00a0 \u00a0 \u00a0 \u00a0 \u00a0 \u00a0 \u00a0 \u00a006 13 42 00 60<\/em><\/span><\/li>\n<\/ul>\n<h1>K<\/h1>\n<h5><span style=\"color: #008080;\">KIN\u00c9SITH\u00c9RAPEUTE<\/span><\/h5>\n<ul>\n<li><em><span style=\"color: #33cccc;\">BOMETON \/ DA FURIELLLA \/ DE LA PENA\u00a0 \u00a0 \u00a0 \u00a0 9 Avenue des Pyr\u00e9n\u00e9es\u00a0 \u00a0 \u00a0 \u00a005 61 60 89 61<\/span><\/em><\/li>\n<li><em><span style=\"color: #33cccc;\">MAUPEU ELISABETH\u00a0 \u00a0 \u00a0 \u00a0 \u00a0 \u00a0 \u00a0 \u00a0 \u00a0 \u00a0 \u00a0 \u00a0 \u00a0 \u00a0 \u00a0 \u00a0 \u00a0 \u00a0 \u00a0 \u00a0 \u00a0 \u00a0 \u00a06 Place du Sabarthes\u00a0 \u00a0 \u00a0 \u00a0 \u00a0 \u00a005 61 69 29 03<\/span><\/em><\/li>\n<\/ul>\n<h1>L<\/h1>\n<h5><span style=\"color: #993300;\">LIBRAIRIE<\/span><\/h5>\n<ul>\n<li><span style=\"color: #94654d;\"><em>LE RE<span style=\"color: #94654d;\">LAIS DE<\/span> POCHE\u00a0 \u00a0 \u00a0 \u00a0 \u00a0 2 Rue de la R\u00e9publique\u00a0 \u00a0 \u00a0 \u00a0 \u00a0 \u00a006 71 59 82 98\u00a0<\/em> \u00a0\u00a0 \u00a0<em><a href=\"https:\/\/www.relaisdepoche.org\/\">Site internet<\/a><\/em><\/span><em>\u00a0 \u00a0 <a href=\"https:\/\/www.facebook.com\/relaisdepoche\/\">Facebook<\/a><\/em><\/li>\n<\/ul>\n<h1><span style=\"color: #333333;\">M<\/span><\/h1>\n<h5><span style=\"color: #008000;\">MA\u00c7ONNERIE<\/span><\/h5>\n<ul>\n<li><span style=\"color: #99cc00;\"><em>BATIVER\u00a0 \u00a0 \u00a0 \u00a0 \u00a0 \u00a0 \u00a0 \u00a0 \u00a0 \u00a0 \u00a0 \u00a0 \u00a0 \u00a0 \u00a012 Rue de Soulet\u00a0 \u00a0 \u00a0 \u00a0 \u00a0 \u00a0 \u00a0 \u00a0 \u00a0 \u00a0 \u00a0 \u00a0 \u00a0 \u00a0 \u00a0 \u00a0 05 61 69 61 41<\/em><\/span><\/li>\n<li><span style=\"color: #99cc00;\"><em>PEDOUSSAUT\u00a0 \u00a0 \u00a0 \u00a0 \u00a0 \u00a0 \u00a0 \u00a0 \u00a0 \u00a0 8 Rue de Ritde\u00a0 \u00a0 \u00a0 \u00a0 \u00a0 \u00a0 \u00a0 \u00a0 \u00a0 \u00a0 \u00a0 \u00a0 \u00a0 \u00a0 \u00a0 \u00a0 \u00a0 \u00a005 61 69 58 52<\/em><\/span><\/li>\n<\/ul>\n<ul>\n<li><span style=\"color: #99cc00;\"><em>POLY BATI SERVICE\u00a0 \u00a0 \u00a0 \u00a0 1 Quater A venue de Pamiers\u00a0 \u00a0 \u00a0 \u00a0 \u00a005 61 78 88 93<\/em><\/span><\/li>\n<\/ul>\n<h5><span style=\"color: #008000;\">M\u00c9DECIN<\/span><\/h5>\n<ul>\n<li><em><span style=\"color: #99cc00;\">DURLIAT \/ MASSEBOEUF \/ MILLION\u00a0 \u00a0 \u00a0 \u00a09 Avenue des Pyr\u00e9n\u00e9es\u00a0 \u00a0 \u00a0 \u00a0 05 81 06 01 15<\/span><\/em><\/li>\n<\/ul>\n<h5><span style=\"color: #008000;\">MENUISERIE<\/span><\/h5>\n<ul>\n<li><em><span style=\"color: #99cc00;\">ARI\u00c8GE MAISON CONFORT\u00a0 \u00a0 \u00a0 \u00a0 \u00a0 \u00a0 \u00a0 \u00a0 \u00a0 \u00a0 \u00a0 2 Point Sud\u00a0 \u00a0 \u00a0 \u00a0 \u00a0 \u00a0 \u00a0 \u00a0 \u00a0 \u00a0 \u00a0 \u00a0 \u00a0 \u00a0 \u00a006 07 95 75 82<\/span><\/em><\/li>\n<\/ul>\n<h5><span style=\"color: #008000;\">MENUISERIE PVC<\/span><\/h5>\n<ul>\n<li><em><span style=\"color: #99cc00;\">AM2A\u00a0 \u00a0 \u00a0 \u00a0 \u00a0 \u00a0 \u00a0 \u00a0 \u00a0 \u00a0 \u00a0 \u00a0 \u00a0 \u00a0 \u00a0 \u00a0 \u00a0 \u00a0 \u00a0 \u00a0 \u00a0 \u00a0 \u00a0 \u00a0 \u00a0 \u00a0 \u00a0 \u00a0 \u00a0 \u00a0 Ferme Arnave\u00a0 \u00a0 \u00a0 \u00a0 \u00a0 \u00a0 \u00a0 \u00a0 \u00a0 \u00a0 \u00a0 \u00a006 89 24 62 59<\/span><\/em><\/li>\n<\/ul>\n<h5><span style=\"color: #008000;\">MOTOCULTURE<\/span><\/h5>\n<ul>\n<li><em><span style=\"color: #99cc00;\">MARANDEL\u00a0 \u00a0 \u00a0 \u00a0 \u00a0 \u00a0 \u00a0 \u00a0 \u00a0 \u00a0 \u00a0 \u00a0 \u00a0 \u00a0 \u00a0 \u00a0 \u00a0 \u00a0 \u00a0 \u00a0 \u00a0 \u00a0 \u00a0 \u00a0 26 Rue Carabin.\u00a0 \u00a0 \u00a0 \u00a0 \u00a0 \u00a0 \u00a0 \u00a0 \u00a0 \u00a0\u00a0 05 61 68 02 18\u00a0 \u00a0 \u00a0 <a href=\"https:\/\/www.marandel-motoculture-pamiers.fr\/\">Site internet\u00a0<\/a> \u00a0 \u00a0 <a href=\"https:\/\/www.facebook.com\/marandel09\/\">Facebook<\/a><\/span><\/em><\/li>\n<\/ul>\n<h1>N<\/h1>\n<h5><span style=\"color: #3366ff;\">NETTOYAGE<\/span><\/h5>\n<ul>\n<li><span style=\"color: #7c99f2;\"><em>ECOLO&#8217;NET\u00a0 \u00a0 \u00a0 \u00a0 \u00a0 \u00a0 \u00a0 \u00a0 \u00a0 \u00a0 \u00a0 6 Chemin du Rieu\u00a0 \u00a0 \u00a0 \u00a0 \u00a0 \u00a0 \u00a0 \u00a0 \u00a0 \u00a0 \u00a0 \u00a0 \u00a006 24 66 15 28<\/em><\/span><\/li>\n<\/ul>\n<h1>O<\/h1>\n<h5><span style=\"color: #993300;\">OST\u00c9OPATHE<\/span><\/h5>\n<div class=\"cXedhc\">\n<ul>\n<li><em><span style=\"color: #94654d;\">C\u00c9LIA BRUNIERA\u00a0 \u00a0 \u00a0 \u00a0 \u00a0 \u00a0 \u00a0 \u00a09 Avenue des Pyr\u00e9n\u00e9es\u00a0 \u00a0 \u00a0 \u00a0 \u00a0 \u00a0 \u00a0 \u00a006 82 03 16 03<\/span><\/em><\/li>\n<li class=\"dbg0pd\" role=\"heading\" aria-level=\"3\"><em><span style=\"color: #94654d;\">ROM\u00c9RA BENJAMIN\u00a0 \u00a0 \u00a0 \u00a0 \u00a025 Rue de Mounic\u00a0 \u00a0 \u00a0 \u00a0 \u00a0 \u00a0 \u00a0 \u00a0 \u00a0 \u00a0 \u00a0 \u00a006 26 09 09 33<\/span><\/em><\/li>\n<\/ul>\n<div>\n<div class=\"cXedhc\">\n<div>\u00a0<\/div>\n<\/div>\n<\/div>\n<\/div>\n<h1>P<\/h1>\n<h5><span style=\"color: #ff0000;\">PEINTURE<\/span><\/h5>\n<ul>\n<li><span style=\"color: #e86464;\"><em>ASMA\u00a0 \u00a0 \u00a0 \u00a0 \u00a0 \u00a0 \u00a0 \u00a0 \u00a0 \u00a0 \u00a0 \u00a0 \u00a0 \u00a0 \u00a0 \u00a0 \u00a0 \u00a0 \u00a0 \u00a0 \u00a0 \u00a0 4 Avenue du Couserans\u00a0 \u00a0 \u00a0 \u00a0 \u00a0 \u00a0 06 06 55 43 71<\/em><\/span><\/li>\n<\/ul>\n<h5><span style=\"color: #ff0000;\">PHARMACIE<\/span><\/h5>\n<ul>\n<li><span style=\"color: #e86464;\"><em>MUNOZ A\u00a0 \u00a0 \u00a0 \u00a0 \u00a0 \u00a0 \u00a0 \u00a0 \u00a0 \u00a0 \u00a0 \u00a0 \u00a0 \u00a0 \u00a0 \u00a0 \u00a0 \u00a0 32 Avenue des Pyr\u00e9n\u00e9es\u00a0 \u00a0 \u00a0 \u00a0 \u00a0 \u00a005 61 69 57 57<\/em><\/span><\/li>\n<\/ul>\n<h5><span style=\"color: #ff0000;\">PLATRIER<\/span><\/h5>\n<h5><span style=\"color: #ff0000;\">PLOMBIER<\/span><\/h5>\n<ul>\n<li><span style=\"color: #e86464;\"><em>FAVERJON\u00a0 \u00a0 \u00a0 \u00a0 \u00a0 \u00a0 \u00a0 \u00a0 \u00a0 \u00a0 \u00a0 \u00a0 \u00a0 \u00a0 \u00a0 \u00a0 \u00a0 26 Avenue de Mirepoix\u00a0 \u00a0 \u00a0 \u00a0 \u00a0 \u00a0 06 87 65 88 99<\/em><\/span><\/li>\n<li><span style=\"color: #e86464;\"><em>SM Plomberie Chauffage\u00a0 \u00a0 \u00a0 \u00a0 \u00a010 Place du Sabarth\u00e8s\u00a0 \u00a0 \u00a0 \u00a0 \u00a0 \u00a0 \u00a006 22 71 49 43<\/em><\/span><\/li>\n<\/ul>\n<h5><span style=\"color: #ff0000;\">PODOLOGUE<\/span><\/h5>\n<ul>\n<li><span style=\"color: #e86464;\"><em>TAVELLA CINDY\u00a0 \u00a0 \u00a0 \u00a0 \u00a0 \u00a0 \u00a0 \u00a0 \u00a0 \u00a0 \u00a0 \u00a06 Place de l&#8217;Hotel de ville\u00a0 \u00a0 \u00a0 \u00a0 06 84 99 87 25<\/em><\/span><\/li>\n<\/ul>\n<h5><span style=\"color: #ff0000;\">PRODUCTEUR<\/span><\/h5>\n<ul>\n<li><em><span style=\"color: #e86464;\">FERME BEL AIR\u00a0 \u00a0 \u00a0 \u00a0 \u00a0 \u00a0 \u00a0 \u00a0 \u00a0 \u00a0 \u00a0 \u00a0 \u00a0 \u00a0 \u00a0 \u00a0 \u00a0 \u00a0 \u00a0 \u00a006 72 87 44 25\u00a0 \u00a0 \u00a0 <span style=\"color: #238fc4;\"><a style=\"color: #238fc4;\" href=\"https:\/\/www.fermebelair-ariege.fr\/\">Site internet\u00a0<\/a> \u00a0 \u00a0 <a style=\"color: #238fc4;\" href=\"https:\/\/www.facebook.com\/Ferme-Bel-Air-1183123285111218\/\">Facebook<\/a><\/span><\/span><\/em><\/li>\n<li><em><span style=\"color: #e86464;\">FERME DE LA MARGUE\u00a0 \u00a0 \u00a0 \u00a0 \u00a0 \u00a0 \u00a0 \u00a0 \u00a0 \u00a0 \u00a0 \u00a0 \u00a006 62 85 89 86\u00a0 \u00a0<span style=\"color: #238fc4;\"> \u00a0\u00a0<a style=\"color: #238fc4;\" href=\"https:\/\/www.fermedelamargue.com\/\">Site Internet\u00a0<\/a> \u00a0 \u00a0 <a style=\"color: #238fc4;\" href=\"https:\/\/www.facebook.com\/fermedelamargue\/\">Facebook<\/a><\/span><\/span><\/em><\/li>\n<li><em><span style=\"color: #e86464;\">FERME DE POUTOUS\u00a0 \u00a0 \u00a0 \u00a0 \u00a0 \u00a0 \u00a0 \u00a0 \u00a0 \u00a0 \u00a0 \u00a0 \u00a0 \u00a0 \u00a007 86 22 60 95\u00a0 \u00a0 \u00a0\u00a0<span style=\"color: #238fc4;\"><a style=\"color: #238fc4;\" href=\"https:\/\/www.facebook.com\/fermedepoutous\/\">Facebook<\/a><\/span><\/span><\/em><\/li>\n<\/ul>\n<h5><span style=\"color: #ff0000;\">PROTH\u00c9SISTE ONGULAIRE<\/span><\/h5>\n<ul>\n<li><em><span style=\"color: #e86464;\">HISTOIRE D&#8217;ONGLES\u00a0 \u00a0 \u00a0 \u00a0 \u00a0 \u00a0 \u00a0 25 rue de Mounic\u00a0 \u00a0 \u00a0 \u00a0 \u00a0 \u00a0 \u00a006 78 92 62 30\u00a0 \u00a0 \u00a0 <span style=\"color: #238fc4;\"><a style=\"color: #238fc4;\" href=\"https:\/\/www.histoiredongles.com\/\">Site internet<\/a>\u00a0 \u00a0<\/span> \u00a0<\/span><\/em><\/li>\n<\/ul>\n<h5><span style=\"color: #ff0000;\">PSYCHOLOGUE<\/span><\/h5>\n<ul>\n<li><span style=\"color: #e86464;\"><em>EMERY S\u00c9VERINE\u00a0 \u00a0 \u00a0 \u00a0 \u00a0 \u00a0 \u00a0 \u00a0 \u00a0 \u00a0 9 Avenue des Pyr\u00e9n\u00e9es\u00a0 \u00a0 \u00a0 \u00a0 \u00a0 \u00a0 06 46 28 28 03<\/em><\/span><\/li>\n<\/ul>\n<h1>R<\/h1>\n<h5><span style=\"color: #333333;\">R\u00c9NOVATION IMMOBILI\u00c8RE<\/span><\/h5>\n<ul>\n<li><em><span style=\"color: #808080;\">BATI-SERVICE R\u00c9NOVATION\u00a0 \u00a0 \u00a0 \u00a0 \u00a0 \u00a0 \u00a0 6Bis Avenue des Monts d&#8217;Olmes\u00a0 \u00a0 \u00a0 \u00a0 \u00a0 06 07 80 15 71<\/span><\/em><\/li>\n<\/ul>\n<h5>RESTAURANT<\/h5>\n<ul>\n<li><em><span style=\"color: #808080;\">LE CHAMPOTE\u00a0 \u00a0 \u00a0 \u00a0 \u00a0 \u00a0 \u00a0 \u00a0 \u00a0 \u00a0 \u00a0 \u00a0 \u00a0 \u00a0 \u00a02 Place de l&#8217;Hotel de ville\u00a0 \u00a0 \u00a0 \u00a0 \u00a0 \u00a0 \u00a0 \u00a0 \u00a0 \u00a0 \u00a0 05 61 68 88 89\u00a0<\/span><\/em> \u00a0 \u00a0 \u00a0<\/li>\n<\/ul>\n<p><em style=\"font-size: revert; color: initial;\">Horaires d&#8217;ouverture : 7 jours\/7\u00a0 \u00a0 lundi 12h00 &#8211; 14h00\u00a0 \u00a019h00 &#8211; 22h00\u00a0 \u00a0 \u00a0mardi 12h00 &#8211; 14h00\u00a0 \u00a019h00 &#8211; 22h00\u00a0 \u00a0 \u00a0 \u00a0mercredi 12h00 &#8211; 14h00\u00a0 \u00a019h00 &#8211; 22h00\u00a0 \u00a0 jeudi 12h00 &#8211; 14h00\u00a0 \u00a019h00 &#8211; 22h00\u00a0 \u00a0vendredi 12h00 &#8211; 14h00\u00a0 \u00a019h00 &#8211; 22h30\u00a0 \u00a0 samedi 12h00 &#8211; 14h00\u00a0 \u00a019h00 &#8211; 22h30\u00a0 \u00a0dimanche 12h00 &#8211; 14h00\u00a0 \u00a019h00 &#8211; 22h00\u00a0<\/em><\/p>\n<p>\u00a0<\/p>\n<ul>\n<li><span style=\"color: #94654d;\"><span style=\"color: #808080;\"><em>LE RELAIS DE POCHE\u00a0 \u00a0 \u00a0 \u00a0 \u00a0 \u00a0 \u00a0 \u00a0 \u00a0 \u00a0 \u00a0 \u00a0 \u00a0 2 Rue de la R\u00e9publique\u00a0 \u00a0 \u00a0 \u00a0 \u00a0 \u00a0 \u00a0 \u00a0 \u00a0 \u00a0 \u00a0 \u00a0 \u00a0 \u00a006 71 59 82 98\u00a0<\/em> <\/span>\u00a0 \u00a0 \u00a0 <em><a href=\"https:\/\/www.relaisdepoche.org\/\">Site internet<\/a><\/em><\/span><em>\u00a0 \u00a0 <a href=\"https:\/\/www.facebook.com\/relaisdepoche\/\">Facebook<\/a><\/em><\/li>\n<\/ul>\n<h5>RESTAURATION RAPIDE<\/h5>\n<ul>\n<li><em><span style=\"color: #808080;\">MC DONALD&#8217;S\u00a0 \u00a0 \u00a0 \u00a0 \u00a0 \u00a0 \u00a0 \u00a0 \u00a0 \u00a0 \u00a0 \u00a0 \u00a0 \u00a0 \u00a0 \u00a0 \u00a0 \u00a0 \u00a0 \u00a0Parc Commercial de Graussette\u00a0 \u00a0 \u00a0 \u00a0 \u00a0 \u00a005 61 67 61 05<\/span>\u00a0 \u00a0 \u00a0 \u00a0 <a href=\"http:\/\/www.restaurants.mcdonalds.fr\/VERNIOLLE\">Site internet<\/a>\u00a0 \u00a0<a href=\"https:\/\/www.facebook.com\/McDoVerniolle\">Facebook<\/a><\/em><\/li>\n<\/ul>\n<h1>S<\/h1>\n<h5><span style=\"color: #ff0000;\">STATION SERVICE<\/span><\/h5>\n<ul>\n<li><em><span style=\"color: #e86464;\">SUPER U\u00a0 \u00a0 \u00a0 \u00a0 \u00a0 \u00a0 \u00a0 \u00a0 \u00a0 \u00a0 \u00a0 \u00a0 \u00a0 \u00a0 \u00a0 \u00a0 \u00a0 \u00a0 \u00a0 \u00a0 \u00a0 \u00a0 \u00a0Graussette\u00a0 \u00a0 \u00a0 \u00a0 \u00a0 \u00a0 \u00a0 \u00a0 \u00a0 \u00a0 \u00a0 \u00a0 \u00a0 \u00a005 34 01 08 60<\/span><\/em><\/li>\n<\/ul>\n<h1>T<\/h1>\n<h5>\u00a0<\/h5>\n<h5><span style=\"color: #993300;\">TATOUAGE<\/span><\/h5>\n<ul>\n<li><span style=\"color: #995939;\"><em>Muriel Body Piercing et Mossquito Tatoo\u00a0 \u00a0 \u00a0 \u00a0 \u00a0 14 Pl. de l&#8217;Eglise\u00a0 \u00a0 \u00a0 \u00a0 \u00a0 \u00a0 \u00a0 \u00a0 \u00a006 85 94 16 10<\/em><\/span><\/li>\n<\/ul>\n<h5><span style=\"color: #993300;\">TERRASSEMENT<\/span><\/h5>\n<ul>\n<li><span style=\"color: #995939;\"><em>PETER T<span style=\"color: #995939;\">ERRASS<\/span>EMENT<span style=\"color: #995939;\">\u00a0 \u00a0 \u00a0 \u00a0 \u00a0 \u00a04 Rue d&#8217;Espagne\u00a0<\/span> \u00a0 \u00a0 \u00a0 \u00a0 \u00a0 \u00a0 \u00a0 \u00a0 \u00a0 \u00a0 \u00a0 06 47 05 72 39<\/em><\/span><\/li>\n<\/ul>\n<h5><span style=\"color: #993300;\">TRAITEMENT CONTRE LES NUISIBLES<\/span><\/h5>\n<ul>\n<li><em><span style=\"color: #995939;\">URGENCES GU\u00caPES ET FRELONS\u00a0 \u00a0 \u00a0 \u00a0 \u00a0 \u00a0 \u00a0 \u00a0 \u00a0 \u00a0 \u00a0 \u00a0 \u00a0 \u00a0 \u00a0 \u00a0 \u00a0 \u00a0 \u00a0 \u00a0 \u00a0 \u00a0 \u00a0 \u00a007 68 39 59 84<\/span>\u00a0 \u00a0 \u00a0 <a href=\"https:\/\/stopguepesfrelons.fr\/agent\/romain-pujol-dept-09\/\">Site internet<\/a>\u00a0 \u00a0 \u00a0<\/em><\/li>\n<\/ul>\n<h1>V<\/h1>\n<h5><span style=\"color: #800080;\">VETEMENT MODE et ACCESSOIRE<\/span><\/h5>\n<ul>\n<li><em><span style=\"color: #7a487a;\">UNE HISTOIRE 2 FILLES\u00a0 \u00a0 \u00a0 \u00a0 \u00a0 7 Place de la R\u00e9publique\u00a0 \u00a0 \u00a0 \u00a0 \u00a005 61 60 11 36\u00a0 \u00a0<\/span> \u00a0 <a href=\"https:\/\/www.facebook.com\/alexiannedeletang\/\">Facebook<\/a><\/em><span style=\"color: #7a487a;\"><em>\u00a0 \u00a0 <\/em><\/span><\/li>\n<\/ul>\n<h5><span style=\"color: #800080;\">VETEMENT MODE et ACCESSOIRE en Ligne<\/span><\/h5>\n<ul>\n<li><span style=\"color: #7a487a;\"><em><span style=\"color: #99cc00;\"><span style=\"color: #7a487a;\">MODELEGANCE\u00a0 \u00a0 \u00a0 \u00a0 \u00a0 \u00a0 \u00a0 \u00a0 \u00a0 \u00a0 \u00a0 \u00a0 27 Impasse des Iris\u00a0<\/span> \u00a0<\/span> \u00a0 \u00a0 \u00a0 \u00a0<a href=\"https:\/\/www.modelegance.fr\/\">Site internet\u00a0<\/a><\/em><\/span><\/li>\n<\/ul>\n<p><span style=\"color: #7a487a;\"><em>\u00a0 \u00a0 \u00a0 \u00a0 \u00a0<\/em><\/span><\/p>\n\n\n<h3>\u00a0<\/h3>\n<h3><strong>Sur Kompass <a href=\"http:\/\/fr.kompass.com\/v\/verniolle\/fr_73_09_09332\/\" target=\"_blank\" rel=\"noopener noreferrer\">http:\/\/fr.kompass.com\/v\/verniolle\/<\/a><\/strong><\/h3>\n<h3>Liste sur\u00a0<a href=\"http:\/\/www.cylex-france.fr\/verniolle\/\" target=\"_blank\" rel=\"noopener noreferrer\">http:\/\/www.cylex-france.fr\/verniolle\/<\/a> (possibilit\u00e9 d&#8217;ajouter votre entreprise..)<\/h3>\n<h3>ou class\u00e9es par activit\u00e9s sur <a href=\"http:\/\/www.118000.fr\/r_midi-pyrenees\/v_verniolle_09\" target=\"_blank\" rel=\"noopener noreferrer\">http:\/\/www.118000.fr\/r_midi-pyrenees\/v_verniolle_09<\/a><\/h3>\n<p>\u00a0<\/p>","protected":false},"excerpt":{"rendered":"<p>A ALIMENTATION G\u00c9N\u00c9RALE TABAC PRESSE \u00c9PICERIE DE VERNIOLLE\u00a0 \u00a0 \u00a06 Place de l&#8217;\u00c9glise\u00a0 \u00a0 \u00a0 \u00a0 05 61 68 02 59\u00a0 \u00a0\u00a0Facebook SUPER U\u00a0 \u00a0 \u00a0 \u00a0 \u00a0 \u00a0 \u00a0 \u00a0 \u00a0 \u00a0 \u00a0 \u00a0 \u00a0 \u00a0 \u00a0 \u00a0 \u00a0Graussette\u00a0 \u00a0 \u00a0 \u00a0 \u00a0 \u00a0 \u00a0 \u00a0 \u00a0 \u00a0 \u00a0 \u00a0 \u00a005 34 01 08 [&hellip;]<\/p>\n","protected":false},"author":3,"featured_media":0,"parent":41,"menu_order":2,"comment_status":"closed","ping_status":"closed","template":"","meta":[],"_links":{"self":[{"href":"http:\/\/verniolle.fr\/wordpress\/wp-json\/wp\/v2\/pages\/36"}],"collection":[{"href":"http:\/\/verniolle.fr\/wordpress\/wp-json\/wp\/v2\/pages"}],"about":[{"href":"http:\/\/verniolle.fr\/wordpress\/wp-json\/wp\/v2\/types\/page"}],"author":[{"embeddable":true,"href":"http:\/\/verniolle.fr\/wordpress\/wp-json\/wp\/v2\/users\/3"}],"replies":[{"embeddable":true,"href":"http:\/\/verniolle.fr\/wordpress\/wp-json\/wp\/v2\/comments?post=36"}],"version-history":[{"count":95,"href":"http:\/\/verniolle.fr\/wordpress\/wp-json\/wp\/v2\/pages\/36\/revisions"}],"predecessor-version":[{"id":8313,"href":"http:\/\/verniolle.fr\/wordpress\/wp-json\/wp\/v2\/pages\/36\/revisions\/8313"}],"up":[{"embeddable":true,"href":"http:\/\/verniolle.fr\/wordpress\/wp-json\/wp\/v2\/pages\/41"}],"wp:attachment":[{"href":"http:\/\/verniolle.fr\/wordpress\/wp-json\/wp\/v2\/media?parent=36"}],"curies":[{"name":"wp","href":"https:\/\/api.w.org\/{rel}","templated":true}]}}