{"id":272,"date":"2011-11-20T11:37:16","date_gmt":"2011-11-20T09:37:16","guid":{"rendered":"http:\/\/verniolle.mairie.free.fr\/wordpress\/?page_id=272"},"modified":"2017-10-14T10:47:43","modified_gmt":"2017-10-14T08:47:43","slug":"la-sante","status":"publish","type":"page","link":"http:\/\/verniolle.fr\/wordpress\/la-municipalite\/la-sante\/","title":{"rendered":"La sant\u00e9"},"content":{"rendered":"<p>Le P\u00f4le M\u00e9dicalis\u00e9<\/p>\n<p>Le cabinet des Docteurs Nelly Millon et Samuel Durliat 9 avenue des Pyr\u00e9n\u00e9es est ouvert.<\/p>\n<p>Le cabinet des Infirmi\u00e8res au m\u00eame endroit est op\u00e9rationnel.<\/p>\n<p>Et la Pharmacie plac\u00e9e juste en face vous accueillera aimablement&#8230;<\/p>\n<p><a href=\"http:\/\/www.118000.fr\/v_verniolle_09\/c_professions-paramedicales\" target=\"_blank\" rel=\"noopener\">Liste des professionnels du param\u00e9dical<\/a> (Kin\u00e9s, podologue&#8230;)<\/p>\n<p>Trouver un professionnel de la sant\u00e9 :\u00a0<a href=\"http:\/\/lemedecin.fr\/\" target=\"_blank\" rel=\"noopener\">http:\/\/lemedecin.fr\/<\/a><\/p>\n<p>&nbsp;<\/p>\n","protected":false},"excerpt":{"rendered":"<p>Le P\u00f4le M\u00e9dicalis\u00e9 Le cabinet des Docteurs Nelly Millon et Samuel Durliat 9 avenue des Pyr\u00e9n\u00e9es est ouvert. Le cabinet des Infirmi\u00e8res au m\u00eame endroit est op\u00e9rationnel. Et la Pharmacie plac\u00e9e juste en face vous accueillera aimablement&#8230; Liste des professionnels du param\u00e9dical (Kin\u00e9s, podologue&#8230;) Trouver un professionnel de la sant\u00e9 :\u00a0http:\/\/lemedecin.fr\/ &nbsp;<\/p>\n","protected":false},"author":3,"featured_media":0,"parent":112,"menu_order":0,"comment_status":"closed","ping_status":"closed","template":"","meta":[],"_links":{"self":[{"href":"http:\/\/verniolle.fr\/wordpress\/wp-json\/wp\/v2\/pages\/272"}],"collection":[{"href":"http:\/\/verniolle.fr\/wordpress\/wp-json\/wp\/v2\/pages"}],"about":[{"href":"http:\/\/verniolle.fr\/wordpress\/wp-json\/wp\/v2\/types\/page"}],"author":[{"embeddable":true,"href":"http:\/\/verniolle.fr\/wordpress\/wp-json\/wp\/v2\/users\/3"}],"replies":[{"embeddable":true,"href":"http:\/\/verniolle.fr\/wordpress\/wp-json\/wp\/v2\/comments?post=272"}],"version-history":[{"count":6,"href":"http:\/\/verniolle.fr\/wordpress\/wp-json\/wp\/v2\/pages\/272\/revisions"}],"predecessor-version":[{"id":3694,"href":"http:\/\/verniolle.fr\/wordpress\/wp-json\/wp\/v2\/pages\/272\/revisions\/3694"}],"up":[{"embeddable":true,"href":"http:\/\/verniolle.fr\/wordpress\/wp-json\/wp\/v2\/pages\/112"}],"wp:attachment":[{"href":"http:\/\/verniolle.fr\/wordpress\/wp-json\/wp\/v2\/media?parent=272"}],"curies":[{"name":"wp","href":"https:\/\/api.w.org\/{rel}","templated":true}]}}