{"id":2240,"date":"2015-07-27T11:57:22","date_gmt":"2015-07-27T10:57:22","guid":{"rendered":"http:\/\/verniolle.fr\/wordpress\/?page_id=2240"},"modified":"2020-06-02T20:54:17","modified_gmt":"2020-06-02T18:54:17","slug":"commission-urbanisme","status":"publish","type":"page","link":"http:\/\/verniolle.fr\/wordpress\/commission-urbanisme\/","title":{"rendered":"Commission Urbanisme"},"content":{"rendered":"<p><strong>ENVIRONNEMENT, URBANISME, PATRIMOINE, VOIRIE<\/strong><\/p>\n<p style=\"text-align: center\">________________________________________________<\/p>\n<p>La r\u00e9vision du POS (Plan d\u2019Occupation des Sols) en PLU (Plan Local d\u2019Urbanisme), o\u00f9 en sommes-nous\u00a0?<\/p>\n<p>Un peu d\u2019histoire\u2026.<\/p>\n<p>La commune a revu \u00e0 plusieurs reprises son projet depuis les d\u00e9buts de ses travaux sur le PLU commenc\u00e9s fin 2011.<\/p>\n<p>Le projet a \u00e9t\u00e9 mis entre parenth\u00e8se pour les \u00e9lections municipales de 2014 puis revu par la nouvelle \u00e9quipe municipale au regard des objectifs du SCoT approuv\u00e9, n\u00e9anmoins, la r\u00e9vision du POS en PLU doit intervenir avant le 27 mars 2017. A d\u00e9faut, le R\u00e8glement National d&#8217;Urbanisme s&#8217;appliquera sur la commune, le P.O.S devenant caduc. C\u2019est-\u00e0-dire, entre autres que seules les zones d\u00e9j\u00e0 urbanis\u00e9es seront constructibles.<\/p>\n<p>Au regard de ce retard, le calendrier est tr\u00e8s serr\u00e9 compte tenu des diff\u00e9rents r\u00e8glements \u00e0 \u00e9laborer, ainsi que de l\u2019enqu\u00eate publique \u00e0 mettre en \u0153uvre.<\/p>\n<p>Le SCoT (Sch\u00e9ma de Coh\u00e9rence Territorial) de la vall\u00e9e de l\u2019Ari\u00e8ge pr\u00e9voit pour la commune une production de 464 r\u00e9sidences principales en 20 ans avec une densit\u00e9 moyenne de 20 logements \u00e0 l\u2019hectare.<\/p>\n<p>En savoir plus :\u00a0<a href=\"http:\/\/verniolle.fr\/wordpress\/wp-content\/uploads\/2015\/07\/POS-en-PLU.pdf\" target=\"_blank\" rel=\"noopener noreferrer\">POS en PLU<\/a><\/p>\n<p style=\"text-align: center\">________________________________________<\/p>\n<p style=\"text-align: center\">Contr\u00f4le de l&#8217;assainissement individuel<\/p>\n<p style=\"text-align: center\"><a href=\"http:\/\/verniolle.fr\/wordpress\/wp-content\/uploads\/2015\/07\/controle-assainissement.jpg\"><img decoding=\"async\" loading=\"lazy\" class=\"aligncenter wp-image-2380 size-large\" src=\"http:\/\/verniolle.fr\/wordpress\/wp-content\/uploads\/2015\/07\/controle-assainissement-1022x1024.jpg\" alt=\"Contr\u00f4le de l'assainissement individuel\" width=\"474\" height=\"475\" srcset=\"http:\/\/verniolle.fr\/wordpress\/wp-content\/uploads\/2015\/07\/controle-assainissement-1022x1024.jpg 1022w, http:\/\/verniolle.fr\/wordpress\/wp-content\/uploads\/2015\/07\/controle-assainissement-150x150.jpg 150w, http:\/\/verniolle.fr\/wordpress\/wp-content\/uploads\/2015\/07\/controle-assainissement-300x300.jpg 300w, http:\/\/verniolle.fr\/wordpress\/wp-content\/uploads\/2015\/07\/controle-assainissement-144x144.jpg 144w, http:\/\/verniolle.fr\/wordpress\/wp-content\/uploads\/2015\/07\/controle-assainissement-900x902.jpg 900w, http:\/\/verniolle.fr\/wordpress\/wp-content\/uploads\/2015\/07\/controle-assainissement.jpg 1670w\" sizes=\"(max-width: 474px) 100vw, 474px\" \/><\/a><\/p>\n","protected":false},"excerpt":{"rendered":"<p>ENVIRONNEMENT, URBANISME, PATRIMOINE, VOIRIE ________________________________________________ La r\u00e9vision du POS (Plan d\u2019Occupation des Sols) en PLU (Plan Local d\u2019Urbanisme), o\u00f9 en sommes-nous\u00a0? Un peu d\u2019histoire\u2026. La commune a revu \u00e0 plusieurs reprises son projet depuis les d\u00e9buts de ses travaux sur le PLU commenc\u00e9s fin 2011. Le projet a \u00e9t\u00e9 mis entre parenth\u00e8se pour les \u00e9lections [&hellip;]<\/p>\n","protected":false},"author":3,"featured_media":0,"parent":0,"menu_order":0,"comment_status":"closed","ping_status":"closed","template":"","meta":[],"_links":{"self":[{"href":"http:\/\/verniolle.fr\/wordpress\/wp-json\/wp\/v2\/pages\/2240"}],"collection":[{"href":"http:\/\/verniolle.fr\/wordpress\/wp-json\/wp\/v2\/pages"}],"about":[{"href":"http:\/\/verniolle.fr\/wordpress\/wp-json\/wp\/v2\/types\/page"}],"author":[{"embeddable":true,"href":"http:\/\/verniolle.fr\/wordpress\/wp-json\/wp\/v2\/users\/3"}],"replies":[{"embeddable":true,"href":"http:\/\/verniolle.fr\/wordpress\/wp-json\/wp\/v2\/comments?post=2240"}],"version-history":[{"count":9,"href":"http:\/\/verniolle.fr\/wordpress\/wp-json\/wp\/v2\/pages\/2240\/revisions"}],"predecessor-version":[{"id":4845,"href":"http:\/\/verniolle.fr\/wordpress\/wp-json\/wp\/v2\/pages\/2240\/revisions\/4845"}],"wp:attachment":[{"href":"http:\/\/verniolle.fr\/wordpress\/wp-json\/wp\/v2\/media?parent=2240"}],"curies":[{"name":"wp","href":"https:\/\/api.w.org\/{rel}","templated":true}]}}