{"id":2203,"date":"2015-07-26T06:35:49","date_gmt":"2015-07-26T05:35:49","guid":{"rendered":"http:\/\/verniolle.fr\/wordpress\/?page_id=2203"},"modified":"2025-02-25T15:40:53","modified_gmt":"2025-02-25T13:40:53","slug":"feuille-daulne","status":"publish","type":"page","link":"http:\/\/verniolle.fr\/wordpress\/feuille-daulne\/","title":{"rendered":"Feuille d&#8217;Aulne"},"content":{"rendered":"\n<p align=\"center\">\u00a0<\/p>\n<h3 align=\"center\"><span style=\"color: #666699;\">Journal de VERNIOLLE<\/span><\/h3>\n<p class=\"titre\" align=\"center\"><span style=\"background-color: #666699; color: #ffffff;\">\u00a0 Pour consulter un journal : cliquer sur le nom.\u00a0\u00a0<\/span><\/p>\n<h4 align=\"center\"><span style=\"color: #000000;\"><a style=\"color: #000000;\" href=\"http:\/\/verniolle.fr\/wordpress\/wp-content\/uploads\/2025\/02\/Feuille-dAulne-Fevrier-2025-5-4.pdf\">Feuille d&#8217;Aulne F\u00e9vrier 2025 <\/a><\/span><\/h4>\n<h4 align=\"center\"><span style=\"color: #000000;\"><a style=\"color: #000000;\" href=\"http:\/\/verniolle.fr\/wordpress\/wp-content\/uploads\/2024\/04\/Feuille-dAulne-Janvier-2024-8-10.pdf\">Feuille d&#8217;Aulne Janvier 2024<\/a><\/span><\/h4>\n<h4 align=\"center\"><span style=\"color: #000000;\"><a style=\"color: #000000;\" href=\"http:\/\/verniolle.fr\/wordpress\/wp-content\/uploads\/2024\/04\/Scan_20240416_114336.pdf\">Feuille d&#8217;Aulne Ao\u00fbt 2023 &#8211; Sp\u00e9cial PLU<\/a><\/span><\/h4>\n<h4 align=\"center\"><span style=\"color: #000000;\"><a style=\"color: #000000;\" href=\"http:\/\/verniolle.fr\/wordpress\/wp-content\/uploads\/2024\/04\/Scan_20240411_163731-1.pdf\" target=\"_blank\" rel=\"noopener\">Feuille d&#8217;Aulne Juillet 2023<\/a><\/span><\/h4>\n<h4 align=\"center\"><span style=\"color: #000000;\"><a style=\"color: #000000;\" href=\"http:\/\/verniolle.fr\/wordpress\/wp-content\/uploads\/2024\/04\/Scan_20240411_162350.pdf\">Feuille d&#8217;Aulne Janvier 2023<\/a><\/span><\/h4>\n<h4 align=\"center\"><span style=\"color: #000000;\"><a style=\"color: #000000;\" href=\"http:\/\/verniolle.fr\/wordpress\/wp-content\/uploads\/2022\/10\/feuille-daulne-septembre.pdf\" target=\"_blank\" rel=\"noopener\">Feuille d&#8217;Aulne Septembre 2022<\/a><\/span><\/h4>\n<h4 align=\"center\"><span style=\"color: #000000;\"><a style=\"color: #000000;\" href=\"http:\/\/verniolle.fr\/wordpress\/wp-content\/uploads\/2022\/04\/Feuille-dAulne-Avril-2022.pdf\" target=\"_blank\" rel=\"noopener\">Feuille d&#8217;Aulne Avril 2022<\/a><\/span><\/h4>\n<h4 align=\"center\"><span style=\"color: #000000;\"><a style=\"color: #000000;\" href=\"http:\/\/verniolle.fr\/wordpress\/wp-content\/uploads\/2022\/03\/Feuille-dAulne-de-Janvier-2022.pdf\" target=\"_blank\" rel=\"noopener\">Feuille d&#8217;Aulne Janvier<\/a><a style=\"color: #000000;\" href=\"http:\/\/verniolle.fr\/wordpress\/wp-content\/uploads\/2022\/03\/Feuille-dAulne-de-Janvier-2022.pdf\" target=\"_blank\" rel=\"noopener\"> 2<\/a><a style=\"color: #000000;\" href=\"http:\/\/verniolle.fr\/wordpress\/wp-content\/uploads\/2022\/03\/Feuille-dAulne-de-Janvier-2022.pdf\" target=\"_blank\" rel=\"noopener\">022<\/a><\/span><\/h4>\n<h4 style=\"text-align: center;\" align=\"center\"><span style=\"color: #000000;\"><a style=\"color: #000000;\" href=\"http:\/\/verniolle.fr\/wordpress\/feuille-daulne\/feuille-daulne-sept-2021-budget-1\/\" target=\"_blank\" rel=\"attachment noopener wp-att-5939\">Feuille d&#8217;Aulne Octobre 2021<\/a><\/span><\/h4>\n<blockquote>\n<h4 style=\"text-align: center;\" align=\"center\"><span style=\"color: #000000;\"><a style=\"color: #000000;\" href=\"http:\/\/verniolle.fr\/wordpress\/feuille-daulne\/feuille-daulne-mai-2021\/\" rel=\"attachment noopener wp-att-5808 noreferrer\">Feuille d&#8217;Aulne Mai 2021<\/a><\/span><\/h4>\n<h4 class=\"titre\" style=\"text-align: center;\" align=\"center\"><span style=\"color: #000000;\"><a style=\"color: #000000;\" href=\"http:\/\/verniolle.fr\/wordpress\/wp-content\/uploads\/2021\/02\/Feuille-dAulne-2021-Newsletter.pdf\">Feuille d&#8217;Aulne Janvier 2021 <\/a><\/span><\/h4>\n<h4 style=\"text-align: center;\"><span style=\"color: #000000;\">\u00a0<a style=\"color: #000000;\" href=\"http:\/\/verniolle.fr\/wordpress\/wp-content\/uploads\/2020\/11\/Feuille-dAulne-verniolle-novembre-2020.pdf\">Feuille d&#8217;Aulne Novembre 2020<\/a><\/span><\/h4>\n<h4 style=\"text-align: center;\"><span style=\"color: #000000;\"><a style=\"color: #000000;\" href=\"http:\/\/verniolle.fr\/wordpress\/wp-content\/uploads\/2020\/08\/feuille-daulne-livr\u00e9-format-A4-2.pdf\" target=\"_blank\" rel=\"noopener noreferrer\">Feuille d&#8217;Aulne Ao\u00fbt 2020<\/a><\/span><\/h4>\n<\/blockquote>\n<p>\u00a0<\/p>\n\n\n<hr \/>\n<table style=\"height: 1114px; width: 98.9657%;\">\n<tbody>\n<tr style=\"height: 63px;\">\n<td style=\"width: 246.364px; height: 63px;\">\u00a0<\/td>\n<td style=\"width: 257.273px; height: 63px;\"><a href=\"http:\/\/verniolle.fr\/wordpress\/wp-content\/uploads\/2019\/12\/50-journal_decembre_2019.pdf\" target=\"_blank\" rel=\"noopener noreferrer\">50-journal_d\u00e9cembre_2019.pdf<\/a><\/td>\n<\/tr>\n<tr style=\"height: 40px;\">\n<td style=\"width: 246.364px; height: 20px;\"><a href=\"http:\/\/verniolle.fr\/wordpress\/wp-content\/uploads\/2019\/09\/49-journal_septembre_2019-1.pdf\" target=\"_blank\" rel=\"noopener noreferrer\">49-journal_septembre_2019.pdf<\/a><\/td>\n<td style=\"width: 257.273px; height: 20px;\"><a href=\"http:\/\/verniolle.fr\/wordpress\/wp-content\/uploads\/2019\/06\/48-journal_juin_2019.pdf\" target=\"_blank\" rel=\"noopener noreferrer\">48-journal_juin_2019.pdf<\/a><\/td>\n<\/tr>\n<tr style=\"height: 40px;\">\n<td style=\"width: 246.364px; height: 24px;\"><a href=\"http:\/\/verniolle.fr\/wordpress\/wp-content\/uploads\/2019\/03\/journal_mars_2019.pdf\" target=\"_blank\" rel=\"noopener noreferrer\">47-journal_mars_2019.pdf<\/a><\/td>\n<td style=\"width: 257.273px; height: 24px;\"><a href=\"http:\/\/verniolle.fr\/wordpress\/wp-content\/uploads\/2018\/12\/46-journal_decembre_2018.pdf\" target=\"_blank\" rel=\"noopener noreferrer\">46-journal_d\u00e9cembre_2018.pdf<\/a><\/td>\n<\/tr>\n<tr style=\"height: 40px;\">\n<td style=\"width: 246.364px; height: 17px;\"><a href=\"http:\/\/verniolle.fr\/wordpress\/wp-content\/uploads\/2018\/09\/journal_septembre_2018-08.pdf\" target=\"_blank\" rel=\"noopener noreferrer\">45-journal_septembre_2018.pdf<\/a><\/td>\n<td style=\"width: 257.273px; height: 17px;\"><a href=\"http:\/\/verniolle.fr\/wordpress\/wp-content\/uploads\/2018\/06\/journal_juin_2018.pdf\" target=\"_blank\" rel=\"noopener noreferrer\">44-journal_juin_2018.pdf<\/a><\/td>\n<\/tr>\n<tr style=\"height: 40px;\">\n<td style=\"width: 246.364px; height: 50px;\">\u00a0<a href=\"http:\/\/verniolle.fr\/wordpress\/wp-content\/uploads\/2018\/03\/43-journal_mars_2018.pdf\" target=\"_blank\" rel=\"noopener noreferrer\">43-journal_mars_2018.pdf<\/a><\/td>\n<td style=\"width: 257.273px; height: 50px;\"><a href=\"http:\/\/verniolle.fr\/wordpress\/wp-content\/uploads\/2017\/12\/journal_decembre_2017.pdf\" target=\"_blank\" rel=\"noopener noreferrer\">42-journal_d\u00e9cembre_2017.pdf<\/a><\/td>\n<\/tr>\n<tr style=\"height: 40px;\">\n<td style=\"width: 246.364px; height: 30px;\">\u00a0<a href=\"http:\/\/verniolle.fr\/wordpress\/wp-content\/uploads\/2015\/07\/41-journal_septembre_2017.pdf\" target=\"_blank\" rel=\"noopener noreferrer\">41-journal_septembre_2017.pdf<\/a><\/td>\n<td style=\"width: 257.273px; height: 30px;\"><a href=\"http:\/\/verniolle.fr\/wordpress\/wp-content\/uploads\/2015\/07\/40-journal_juin_2017-1.pdf\" target=\"_blank\" rel=\"noopener noreferrer\">40-journal_juin_2017.pdf<\/a><\/td>\n<\/tr>\n<tr style=\"height: 40px;\">\n<td style=\"width: 246.364px; height: 50px;\">\u00a0<a href=\"http:\/\/verniolle.fr\/wordpress\/wp-content\/uploads\/2017\/03\/39-journal_mars_2017.pdf\" target=\"_blank\" rel=\"noopener noreferrer\">39-journal_mars_2017.pdf<\/a><\/td>\n<td style=\"width: 257.273px; height: 50px;\"><a href=\"http:\/\/verniolle.fr\/wordpress\/wp-content\/uploads\/2016\/11\/journal_DECEMBRE_2016.pdf\" target=\"_blank\" rel=\"noopener noreferrer\">38-journal_d\u00e9cembre_2016.pdf<\/a><\/td>\n<\/tr>\n<tr style=\"height: 40px;\">\n<td style=\"width: 246.364px; height: 10px;\">\u00a0<a href=\"http:\/\/verniolle.fr\/wordpress\/wp-content\/uploads\/2016\/09\/journal_SEPTEMBRE_2016fini.pdf\" target=\"_blank\" rel=\"noopener noreferrer\">37-journal_septembre_2016.pdf<\/a><\/td>\n<td style=\"width: 257.273px; height: 10px;\">\u00a0<a href=\"http:\/\/verniolle.fr\/wordpress\/wp-content\/uploads\/2015\/07\/36-journal_juin_2016.pdf\" target=\"_blank\" rel=\"noopener noreferrer\">36-journal_juin_2016.pdf<\/a><\/td>\n<\/tr>\n<tr style=\"height: 40px;\">\n<td style=\"width: 246.364px; height: 50px;\"><a href=\"http:\/\/verniolle.fr\/wordpress\/wp-content\/uploads\/2016\/02\/35-journal_mars_2016.pdf\" target=\"_blank\" rel=\"noopener noreferrer\">35-journal_mars_2016.pdf<\/a><\/td>\n<td style=\"width: 257.273px; height: 50px;\"><a href=\"http:\/\/verniolle.fr\/journaux\/34-journal-decembre2015.pdf\" target=\"_blank\" rel=\"noopener noreferrer\">34-journal-d\u00e9cembre_2015.pdf<\/a><\/td>\n<\/tr>\n<tr style=\"height: 40px;\">\n<td style=\"width: 246.364px; height: 70px;\"><a href=\"http:\/\/verniolle.fr\/journaux\/33-journal-septembre2015.pdf\" target=\"_blank\" rel=\"noopener noreferrer\">\u00a033-journal_septembre_2015.pdf<\/a><\/td>\n<td style=\"width: 257.273px; height: 70px;\"><a href=\"http:\/\/verniolle.fr\/journaux\/32-journal_juin_2015.pdf\" target=\"_blank\" rel=\"noopener noreferrer\">32-journal_juin_2015.pdf<\/a><\/td>\n<\/tr>\n<tr style=\"height: 40px;\">\n<td style=\"width: 246.364px; height: 50px;\"><a href=\"http:\/\/verniolle.fr\/journaux\/31-journal_mars_2015.pdf\" target=\"_blank\" rel=\"noopener noreferrer\">31-journal_mars_2015.pdf<\/a><\/td>\n<td style=\"width: 257.273px; height: 50px;\"><a href=\"http:\/\/verniolle.fr\/journaux\/30-journal_decembre_2014.pdf\" target=\"_blank\" rel=\"noopener noreferrer\">30-journal_d\u00e9cembre_2014.pdf<\/a><\/td>\n<\/tr>\n<tr style=\"height: 40px;\">\n<td style=\"width: 246.364px; height: 50px;\"><a href=\"http:\/\/verniolle.fr\/journaux\/29-journal_septembre_2014.pdf\" target=\"_blank\" rel=\"noopener noreferrer\">29-journal_septembre_2014.pdf<\/a><\/td>\n<td style=\"width: 257.273px; height: 50px;\"><a href=\"http:\/\/verniolle.fr\/journaux\/28-journal_juin_2014.pdf\" target=\"_blank\" rel=\"noopener noreferrer\">28-journal_juin_2014.pdf<\/a><\/td>\n<\/tr>\n<tr style=\"height: 40px;\">\n<td style=\"width: 246.364px; height: 50px;\"><a href=\"http:\/\/verniolle.fr\/journaux\/27-journal_mars_2014.pdf\" target=\"_blank\" rel=\"noopener noreferrer\">27-journal_mars_2014.pdf<\/a><\/td>\n<td style=\"width: 257.273px; height: 50px;\"><a href=\"http:\/\/verniolle.fr\/journaux\/26-Journal_decembre-2013.pdf\" target=\"_blank\" rel=\"noopener noreferrer\">26-Journal_d\u00e9cembre-2013.pdf<\/a><\/td>\n<\/tr>\n<tr style=\"height: 40px;\">\n<td style=\"width: 246.364px; height: 50px;\"><a href=\"http:\/\/verniolle.fr\/journaux\/25-journal_septembre-2013.pdf\" target=\"_blank\" rel=\"noopener noreferrer\">25-journal_septembre-2013.pdf<\/a><\/td>\n<td style=\"width: 257.273px; height: 50px;\"><a href=\"http:\/\/verniolle.fr\/journaux\/24-journal_juin-2013.pdf\" target=\"_blank\" rel=\"noopener noreferrer\">24-journal_juin-2013.pdf<\/a><\/td>\n<\/tr>\n<tr style=\"height: 40px;\">\n<td style=\"width: 246.364px; height: 51px;\"><a href=\"http:\/\/verniolle.fr\/journaux\/23-journal_mars-2013.pdf\" target=\"_blank\" rel=\"noopener noreferrer\">23-journal_mars-2013.pdf<\/a><\/td>\n<td style=\"width: 257.273px; height: 51px;\"><a href=\"http:\/\/verniolle.fr\/journaux\/22-journal_decembre_2012.pdf\" target=\"_blank\" rel=\"noopener noreferrer\">22-journal_d\u00e9cembre_2012.pdf<\/a><\/td>\n<\/tr>\n<tr style=\"height: 40px;\">\n<td style=\"width: 246.364px; height: 51px;\"><a href=\"http:\/\/verniolle.fr\/journaux\/21-journal_septembre_2012.pdf\" target=\"_blank\" rel=\"noopener noreferrer\">21-journal_septembre_2012.pdf<\/a><\/td>\n<td style=\"width: 257.273px; height: 51px;\"><a href=\"http:\/\/verniolle.fr\/journaux\/20-journal_juin_2012.pdf\" target=\"_blank\" rel=\"noopener noreferrer\">20-journal_juin_2012.pdf<\/a><\/td>\n<\/tr>\n<tr style=\"height: 40px;\">\n<td style=\"width: 246.364px; height: 51px;\"><a href=\"http:\/\/verniolle.fr\/journaux\/19-journal_mars_2012.pdf\" target=\"_blank\" rel=\"noopener noreferrer\">19-journal_mars_2012.pdf<\/a><\/td>\n<td style=\"width: 257.273px; height: 51px;\"><a href=\"http:\/\/verniolle.fr\/journaux\/18-bulletinspecialvoeux2012.pdf\" target=\"_blank\" rel=\"noopener noreferrer\">18-bulletinsp\u00e9cialvoeux2012.pdf<\/a><\/td>\n<\/tr>\n<tr style=\"height: 40px;\">\n<td style=\"width: 246.364px; height: 51px;\"><a href=\"http:\/\/verniolle.fr\/journaux\/17-journal_decembre_2011.pdf\" target=\"_blank\" rel=\"noopener noreferrer\">17-journal_d\u00e9cembre_2011.pdf<\/a><\/td>\n<td style=\"width: 257.273px; height: 51px;\"><a href=\"http:\/\/verniolle.fr\/journaux\/16-journal_septembre_2011.pdf\" target=\"_blank\" rel=\"noopener noreferrer\">16-journal_septembre_2011.pdf<\/a><\/td>\n<\/tr>\n<tr style=\"height: 40px;\">\n<td style=\"width: 246.364px; height: 51px;\"><a href=\"http:\/\/verniolle.fr\/journaux\/15-journal_juin_2011.pdf\" target=\"_blank\" rel=\"noopener noreferrer\">15-journal_juin_2011.pdf<\/a><\/td>\n<td style=\"width: 257.273px; height: 51px;\"><a href=\"http:\/\/verniolle.fr\/journaux\/14-journal_mars_2011.pdf\" target=\"_blank\" rel=\"noopener noreferrer\">14-journal_mars_2011.pdf<\/a><\/td>\n<\/tr>\n<tr style=\"height: 40px;\">\n<td style=\"width: 246.364px; height: 51px;\"><a href=\"http:\/\/verniolle.fr\/journaux\/13-journal_decembre_2010.pdf\" target=\"_blank\" rel=\"noopener noreferrer\">13-journal_d\u00e9cembre_2010.pdf<\/a><\/td>\n<td style=\"width: 257.273px; height: 51px;\"><a href=\"http:\/\/verniolle.fr\/journaux\/12-journal_septembre_2010.pdf\" target=\"_blank\" rel=\"noopener noreferrer\">12-journal_septembre_2010.pdf<\/a><\/td>\n<\/tr>\n<tr style=\"height: 40px;\">\n<td style=\"width: 246.364px; height: 51px;\"><a href=\"http:\/\/verniolle.fr\/journaux\/11-journal_juin_2010.pdf\" target=\"_blank\" rel=\"noopener noreferrer\">11-journal_juin_2010.pdf<\/a><\/td>\n<td style=\"width: 257.273px; height: 51px;\"><a href=\"http:\/\/verniolle.fr\/journaux\/10-journal_mars_2010.pdf\" target=\"_blank\" rel=\"noopener noreferrer\">10-journal_mars_2010.pdf<\/a><\/td>\n<\/tr>\n<tr style=\"height: 40px;\">\n<td style=\"width: 246.364px; height: 51px;\"><a href=\"http:\/\/verniolle.fr\/journaux\/09-numero_special_2010.pdf\" target=\"_blank\" rel=\"noopener noreferrer\">09-numero_sp\u00e9cial_2010.pdf<\/a><\/td>\n<td style=\"width: 257.273px; height: 51px;\"><a href=\"http:\/\/verniolle.fr\/journaux\/08-journal_decembre_2009.pdf\" target=\"_blank\" rel=\"noopener noreferrer\">08-journal_d\u00e9cembre_2009.pdf<\/a><\/td>\n<\/tr>\n<tr style=\"height: 40px;\">\n<td style=\"width: 246.364px; height: 51px;\"><a href=\"http:\/\/verniolle.fr\/journaux\/07-journal_septembre_2009.pdf\" target=\"_blank\" rel=\"noopener noreferrer\">07-journal_septembre_2009.pdf<\/a><\/td>\n<td style=\"width: 257.273px; height: 51px;\"><a href=\"http:\/\/verniolle.fr\/journaux\/06-journal_juin_2009.pdf\" target=\"_blank\" rel=\"noopener noreferrer\">06-journal_juin_2009.pdf<\/a><\/td>\n<\/tr>\n<tr style=\"height: 40px;\">\n<td style=\"width: 246.364px; height: 10px;\"><a href=\"http:\/\/verniolle.fr\/journaux\/05-journal_mars_2009.pdf\" target=\"_blank\" rel=\"noopener noreferrer\">05-journal_mars_2009.pdf<\/a><\/td>\n<td style=\"width: 257.273px; height: 10px;\"><a href=\"http:\/\/verniolle.fr\/journaux\/04-bulletinspecialvoeux2009.pdf\" target=\"_blank\" rel=\"noopener noreferrer\">04-bulletinspecialvoeux2009.pdf<\/a><\/td>\n<\/tr>\n<tr style=\"height: 40px;\">\n<td style=\"width: 246.364px; height: 51px;\"><a href=\"http:\/\/verniolle.fr\/journaux\/04-bulletin_special2009.pdf\" target=\"_blank\" rel=\"noopener noreferrer\">04-bulletin_special2009.pdf<\/a><\/td>\n<td style=\"width: 257.273px; height: 51px;\"><a href=\"http:\/\/verniolle.fr\/journaux\/03-journal_decembre_2008.pdf\" target=\"_blank\" rel=\"noopener noreferrer\">03-journal_d\u00e9cembre_2008.pdf<\/a><\/td>\n<\/tr>\n<tr style=\"height: 40px;\">\n<td style=\"width: 246.364px; height: 10px;\"><a href=\"http:\/\/verniolle.fr\/journaux\/02-journal_septembre_2008.pdf\" target=\"_blank\" rel=\"noopener noreferrer\">02-journal_septembre_2008.pdf<\/a><\/td>\n<td style=\"width: 257.273px; height: 10px;\"><a href=\"http:\/\/verniolle.fr\/journaux\/01-journal_juin_2008.pdf\" target=\"_blank\" rel=\"noopener noreferrer\">01-journal_juin_2008.pdf<\/a><\/td>\n<\/tr>\n<\/tbody>\n<\/table>","protected":false},"excerpt":{"rendered":"<p>\u00a0 Journal de VERNIOLLE \u00a0 Pour consulter un journal : cliquer sur le nom.\u00a0\u00a0 Feuille d&#8217;Aulne F\u00e9vrier 2025 Feuille d&#8217;Aulne Janvier 2024 Feuille d&#8217;Aulne Ao\u00fbt 2023 &#8211; Sp\u00e9cial PLU Feuille d&#8217;Aulne Juillet 2023 Feuille d&#8217;Aulne Janvier 2023 Feuille d&#8217;Aulne Septembre 2022 Feuille d&#8217;Aulne Avril 2022 Feuille d&#8217;Aulne Janvier 2022 Feuille d&#8217;Aulne Octobre 2021 Feuille d&#8217;Aulne [&hellip;]<\/p>\n","protected":false},"author":3,"featured_media":0,"parent":0,"menu_order":0,"comment_status":"closed","ping_status":"closed","template":"","meta":[],"_links":{"self":[{"href":"http:\/\/verniolle.fr\/wordpress\/wp-json\/wp\/v2\/pages\/2203"}],"collection":[{"href":"http:\/\/verniolle.fr\/wordpress\/wp-json\/wp\/v2\/pages"}],"about":[{"href":"http:\/\/verniolle.fr\/wordpress\/wp-json\/wp\/v2\/types\/page"}],"author":[{"embeddable":true,"href":"http:\/\/verniolle.fr\/wordpress\/wp-json\/wp\/v2\/users\/3"}],"replies":[{"embeddable":true,"href":"http:\/\/verniolle.fr\/wordpress\/wp-json\/wp\/v2\/comments?post=2203"}],"version-history":[{"count":87,"href":"http:\/\/verniolle.fr\/wordpress\/wp-json\/wp\/v2\/pages\/2203\/revisions"}],"predecessor-version":[{"id":8305,"href":"http:\/\/verniolle.fr\/wordpress\/wp-json\/wp\/v2\/pages\/2203\/revisions\/8305"}],"wp:attachment":[{"href":"http:\/\/verniolle.fr\/wordpress\/wp-json\/wp\/v2\/media?parent=2203"}],"curies":[{"name":"wp","href":"https:\/\/api.w.org\/{rel}","templated":true}]}}