{"id":2047,"date":"2015-07-04T06:39:42","date_gmt":"2015-07-04T05:39:42","guid":{"rendered":"http:\/\/verniolle.fr\/wordpress\/?page_id=2047"},"modified":"2026-01-28T16:23:38","modified_gmt":"2026-01-28T14:23:38","slug":"services-periscolaires","status":"publish","type":"page","link":"http:\/\/verniolle.fr\/wordpress\/services-periscolaires\/","title":{"rendered":"SERVICES PERISCOLAIRES"},"content":{"rendered":"<div class=\"wp-block-image\">\n<figure class=\"aligncenter size-full is-resized\"><a href=\"http:\/\/verniolle.fr\/wordpress\/wp-content\/uploads\/2023\/03\/Services-periscolaires-image-2-3.png\"><img decoding=\"async\" loading=\"lazy\" src=\"http:\/\/verniolle.fr\/wordpress\/wp-content\/uploads\/2023\/03\/Services-periscolaires-image-2-3.png\" alt=\"\" class=\"wp-image-6596\" width=\"449\" height=\"220\" srcset=\"http:\/\/verniolle.fr\/wordpress\/wp-content\/uploads\/2023\/03\/Services-periscolaires-image-2-3.png 474w, http:\/\/verniolle.fr\/wordpress\/wp-content\/uploads\/2023\/03\/Services-periscolaires-image-2-3-300x147.png 300w\" sizes=\"(max-width: 449px) 100vw, 449px\" \/><\/a><\/figure><\/div>\n\n\n<div class=\"wp-block-columns is-layout-flex wp-container-3\">\n<div class=\"wp-block-column is-layout-flow\">\n<h5 style=\"text-align: center;\"><span style=\"color: #ff6600;\"><strong>ALAE MATERNELLE<\/strong><\/span><\/h5>\n<h6 style=\"text-align: center;\"><span style=\"color: #333333;\"><em>Ecole Maternelle &#8220;La Ma\u00efnada&#8221;<\/em><\/span><\/h6>\n<h6 style=\"text-align: center;\"><span style=\"color: #333333;\"><em>Place Adelin Moulis<\/em><\/span><\/h6>\n<h6 style=\"text-align: center;\"><span style=\"color: #333333;\"><em>09340 VERNIOLLE<\/em><\/span><\/h6>\n<h6 style=\"text-align: center;\"><strong>Dani\u00e8le LACOSTE au 05.61.69.53.43<\/strong><\/h6>\n<h6 style=\"text-align: center;\"><strong>\u21d2 alae.maternelle@verniolle.fr<\/strong><\/h6>\n<\/div>\n\n\n\n<div class=\"wp-block-column is-layout-flow\">\n<h5 style=\"text-align: center;\"><span style=\"color: #288a8a;\"><strong>ALAE ELEMENTAIRE<\/strong><\/span><\/h5>\n<h6 style=\"text-align: center;\"><span style=\"color: #333333;\"><em>Ecole Elementaire &#8220;Herminia Mu\u00f1oz Puigseg&#8221;<\/em><\/span><\/h6>\n<h6 style=\"text-align: center;\"><span style=\"color: #333333;\"><em>Chemin de Derri\u00e8re le\u00a0<\/em><\/span><span style=\"color: #333333;\"><i>Ch\u00e2teau<\/i><\/span><\/h6>\n<h6 style=\"text-align: center;\"><span style=\"color: #333333;\"><em>09340 VERNIOLLE<\/em><\/span><\/h6>\n<h6 style=\"text-align: center;\"><strong>Magali LOZE au 05.61.69.78.50<\/strong><\/h6>\n<h6 style=\"text-align: center;\"><strong>\u21d2 alae.elementaire@verniolle.fr<\/strong><\/h6>\n<\/div>\n<\/div>\n\n\n\n<h4 style=\"text-align: center;\"><span style=\"color: #333399;\"><strong>MODALITES D&#8217;INSCRIPTION AUX SERVICES PERISCOLAIRES<\/strong><\/span><\/h4>\n\n\n\n<h6 class=\"wp-block-heading\">Chers parents, afin de pr\u00e9parer la rentr\u00e9e scolaire, vous trouverez ci-dessous :<\/h6>\n\n\n\n<figure class=\"wp-block-table\"><table><tbody><tr><td><strong><span style=\"color: #ff6600;\">LES DOCUMENTS \u00c0 VOTRE DISPOSITION<\/span><\/strong><\/td><\/tr><\/tbody><\/table><\/figure>\n\n\n\n<ul>\n<li style=\"list-style-type: none;\">\n<ul>\n<li><a href=\"http:\/\/verniolle.fr\/wordpress\/wp-content\/uploads\/2026\/01\/Fiches-dinscriptions-SP-2026-2027.pdf\" target=\"_blank\" rel=\"noopener\">Fiches d&#8217;inscriptions Services P\u00e9riscolaires 2026-2027<\/a><\/li>\n<li><a href=\"http:\/\/verniolle.fr\/wordpress\/wp-content\/uploads\/2026\/01\/26-27-FICHES-RESERVATIONS-MENSUELLES.pdf\">26-27 FICHES RESERVATIONS MENSUELLES<\/a><\/li>\n<li><a href=\"http:\/\/verniolle.fr\/wordpress\/wp-content\/uploads\/2026\/01\/SP-tarifs-2026.pdf\" target=\"_blank\" rel=\"noopener\">Tarifs Services P\u00e9riscolaires 2026<\/a><\/li>\n<li>\u00a0<\/li>\n<\/ul>\n<\/li>\n<\/ul>\n\n\n\n<figure class=\"wp-block-table\"><table><tbody><tr><td><span style=\"color: #ff6600;\"><strong>PIECES A FOURNIR POUR COMPLETER LE DOSSIER<\/strong><\/span><\/td><\/tr><\/tbody><\/table><\/figure>\n\n\n\n<ul>\n<li>Justificatif de domicile de moins de 6 mois (imp\u00f4ts, facture d&#8217;\u00e9lectricit\u00e9 ou d&#8217;eau)&nbsp;<\/li>\n\n\n\n<li>La fiche sanitaire de renseignements m\u00e9dicaux d\u00fbment compl\u00e9t\u00e9e ainsi que la copie du carnet de sant\u00e9 ou d&#8217;un certificat m\u00e9dical attestant des vaccinations&nbsp;<\/li>\n\n\n\n<li>L&#8217;attestation d&#8217;assurance de responsabilit\u00e9 civile et individuelle en cas d&#8217;accident&nbsp;<\/li>\n<\/ul>\n\n\n\n<h5 class=\"wp-block-heading\"><em><span style=\"color: #ff0000;\">Ce<\/span><span style=\"color: #ff0000;\">s documents sont <span style=\"color: #000000;\"><span style=\"color: #ff0000;\">\u00e0 retourner \u00e0 la Mairie accompagn\u00e9s des pi\u00e8ces annexes demand\u00e9es avant le 3 JUILLET 2026<\/span><\/span><\/span><\/em><\/h5>\n\n\n\n<figure class=\"wp-block-table\"><table><tbody><tr><td> <h6 style=\"text-align: center;\">Les documents cit\u00e9s ci-dessus sont \u00e0 votre disposition en version papier \u00e0 l&#8217;accueil de la mairie, aux horaires suivants :<\/h6> <p style=\"text-align: center;\"><span style=\"color: #33cccc;\">Lundi > de 08h00 \u00e0 12h00 et de 14h00 \u00e0 17h00\u00a0<br><span style=\"font-size: inherit;\">Mardi, Jeudi et Vendredi > de 08h00 \u00e0 12h00 et de 14h00 \u00e0 17h00<br>Mercredi > de 14h00 \u00e0 17h00<\/span><\/span><\/p> <\/td><\/tr><\/tbody><\/table><\/figure>\n\n\n\n<figure class=\"wp-block-table\"><table><tbody><tr><td><span style=\"color: #ff6600;\"><strong>VOTRE ESPACE ABONN\u00c9 &#8211; EN LIGNE<\/strong><\/span><\/td><\/tr><\/tbody><\/table><\/figure>\n\n\n\n<p class=\"has-text-align-center\"><span style=\"color: #000000;\">Lorsque l&#8217;inscription aux services p\u00e9riscolaires de votre enfant sera effectu\u00e9e (sous condition d&#8217;un dossier complet), vous pourrez demander <strong><em>votre code abonn\u00e9<\/em><\/strong> pour cr\u00e9er <em>votre compte BL enfance<\/em><strong>, <\/strong>ce qui vous permettra :<\/span><\/p>\n\n\n\n<ul>\n<li><span style=\"color: #000000;\">de r\u00e9server les diff\u00e9rents services p\u00e9riscolaires (sur mobile ou tablette)<\/span><\/li>\n\n\n\n<li><span style=\"color: #000000;\">de consulter, imprimer et\/ou payer vos factures par Carte Bancaire<\/span><\/li>\n<\/ul>\n\n\n\n<p class=\"has-text-align-center\"><span style=\"color: #000000;\"><strong>Lien direct &gt;<\/strong>&nbsp;&nbsp;<a style=\"color: #000000;\" href=\"https:\/\/portail.berger-levrault.fr\/MairieVerniolle09340\/accueil\" target=\"_blank\" rel=\"noopener noreferrer\">https:\/\/portail.berger-levrault.fr\/MairieVerniolle09340\/accueil<\/a><\/span><\/p>\n\n\n\n<p class=\"has-text-align-center\"><span style=\"color: #000000;\">Le <span style=\"color: #33cccc;\"><a style=\"color: #33cccc;\" href=\"http:\/\/verniolle.fr\/wordpress\/services-periscolaires\/guide-ok-03-06-pdf\/\" target=\"_blank\" rel=\"attachment noopener wp-att-5838 noreferrer\">Guide d&#8217;utilisation de l&#8217;Espace Famille<\/a><\/span> est l\u00e0 pour vous aider dans cette d\u00e9marche.&nbsp;<\/span><\/p>\n\n\n\n<p class=\"has-text-align-center\">&nbsp;<\/p>\n\n\n","protected":false},"excerpt":{"rendered":"<p>ALAE MATERNELLE Ecole Maternelle &#8220;La Ma\u00efnada&#8221; Place Adelin Moulis 09340 VERNIOLLE Dani\u00e8le LACOSTE au 05.61.69.53.43 \u21d2 alae.maternelle@verniolle.fr ALAE ELEMENTAIRE Ecole Elementaire &#8220;Herminia Mu\u00f1oz Puigseg&#8221; Chemin de Derri\u00e8re le\u00a0Ch\u00e2teau 09340 VERNIOLLE Magali LOZE au 05.61.69.78.50 \u21d2 alae.elementaire@verniolle.fr MODALITES D&#8217;INSCRIPTION AUX SERVICES PERISCOLAIRES Chers parents, afin de pr\u00e9parer la rentr\u00e9e scolaire, vous trouverez ci-dessous : LES DOCUMENTS [&hellip;]<\/p>\n","protected":false},"author":3,"featured_media":0,"parent":0,"menu_order":0,"comment_status":"closed","ping_status":"closed","template":"","meta":[],"_links":{"self":[{"href":"http:\/\/verniolle.fr\/wordpress\/wp-json\/wp\/v2\/pages\/2047"}],"collection":[{"href":"http:\/\/verniolle.fr\/wordpress\/wp-json\/wp\/v2\/pages"}],"about":[{"href":"http:\/\/verniolle.fr\/wordpress\/wp-json\/wp\/v2\/types\/page"}],"author":[{"embeddable":true,"href":"http:\/\/verniolle.fr\/wordpress\/wp-json\/wp\/v2\/users\/3"}],"replies":[{"embeddable":true,"href":"http:\/\/verniolle.fr\/wordpress\/wp-json\/wp\/v2\/comments?post=2047"}],"version-history":[{"count":148,"href":"http:\/\/verniolle.fr\/wordpress\/wp-json\/wp\/v2\/pages\/2047\/revisions"}],"predecessor-version":[{"id":8924,"href":"http:\/\/verniolle.fr\/wordpress\/wp-json\/wp\/v2\/pages\/2047\/revisions\/8924"}],"wp:attachment":[{"href":"http:\/\/verniolle.fr\/wordpress\/wp-json\/wp\/v2\/media?parent=2047"}],"curies":[{"name":"wp","href":"https:\/\/api.w.org\/{rel}","templated":true}]}}