{"id":144,"date":"2011-11-16T12:51:01","date_gmt":"2011-11-16T10:51:01","guid":{"rendered":"http:\/\/verniolle.mairie.free.fr\/wordpress\/?page_id=144"},"modified":"2021-11-09T11:53:45","modified_gmt":"2021-11-09T09:53:45","slug":"adelin-moulis","status":"archive","type":"page","link":"http:\/\/verniolle.fr\/wordpress\/la-vie-du-village\/adelin-moulis\/","title":{"rendered":"Adelin Moulis"},"content":{"rendered":"<h2><span style=\"color: #333333;\"><strong>Adelin Moulis (1896-1996)<\/strong><\/span><\/h2>\n<p><span style=\"color: #000000;\"><a href=\"http:\/\/verniolle.fr\/wordpress\/wp-content\/uploads\/2011\/11\/adelin_moulis1.jpg\"><img decoding=\"async\" loading=\"lazy\" class=\" size-full wp-image-2258 alignleft\" src=\"http:\/\/verniolle.fr\/wordpress\/wp-content\/uploads\/2011\/11\/adelin_moulis1.jpg\" alt=\"Adelin Moulis\" width=\"250\" height=\"323\" srcset=\"http:\/\/verniolle.fr\/wordpress\/wp-content\/uploads\/2011\/11\/adelin_moulis1.jpg 250w, http:\/\/verniolle.fr\/wordpress\/wp-content\/uploads\/2011\/11\/adelin_moulis1-232x300.jpg 232w\" sizes=\"(max-width: 250px) 100vw, 250px\" \/><\/a><span style=\"color: #333333;\">Adelin Moulis (1896-1996)<\/span><\/span><\/p>\n<p><span style=\"color: #333333;\">Po\u00e8te, historien, folkloriste, grand d\u00e9fenseur de la langue d\u2019Oc, Adelin Moulis est n\u00e9 le\u00a020 juin 1896 au Hameau de Fauch\u00e9, commune de Fougax et Barrineuf (Ari\u00e8ge). <\/span><\/p>\n<p><span style=\"color: #333333;\">De son enfance au milieu de la nature et des animaux, quasiment \u00e0 l\u2019ombre des ruines du Ch\u00e2teau de Monts\u00e9gur (3,6 kms \u00e0 vol d\u2019oiseau) Adelin Moulis gardera toute sa vie un souvenir nostalgique et reconnaissant, lui qui ne se reconna\u00eetra pas toujours dans les gesticulations parfois vertigineuses de la deuxi\u00e8me moiti\u00e9 du 20\u00e8me si\u00e8cle. <\/span><\/p>\n<p><span style=\"color: #333333;\">Il obtient son Certificat d\u2019\u00e9tudes \u00e0 13 ans et son Brevet pour l\u2019enseignement primaire en 1913. Il aurait s\u00fbrement fait un excellent instituteur mais la guerre arriva. Il s\u2019y distingua et obtint de nombreuses citations. Apr\u00e8s la guerre il rentre \u00e0 la Compagnie du Gaz, \u00e0 Paris o\u00f9 il restera jusqu\u2019\u00e0 sa retraite prise en 1947, \u00e0 51 ans. <\/span><\/p>\n<p><span style=\"color: #333333;\">Au cours de ses ann\u00e9es parisiennes, Adelin Moulis puisera son inspiration en se rem\u00e9morant les nombreuses histoires entendues lors des veill\u00e9es ari\u00e9geoises v\u00e9cues dans sa jeunesse au coin de la chemin\u00e9e dans les familles ari\u00e9geoises voisines. Il retranscrira ses pens\u00e9es et les compl\u00e9tera en fr\u00e9quentant assid\u00fbment les Archives Nationales, les biblioth\u00e8ques et commencera une fructueuse et enrichissante cueillette de documents et d\u2019informations sur l\u2019Ari\u00e8ge. Son d\u00e9partement natal sera toujours au centre de ses pens\u00e9es, de ses \u00e9motions et de ses \u00e9crits et il y consacrera toute sa vie, \u00e9crivant encore \u00e0 97 ans et faisant des projets pour un nouveau livre. <\/span><\/p>\n<p><span style=\"color: #333333;\">Pour sa retraite, Adelin Moulis s\u2019installera \u00e0 Verniolle o\u00f9 il vivra aupr\u00e8s de sa femme Henriette et de sa fille unique Simonne, dans sa maison du Chemin du Pinjaqua. C\u2019est ainsi que pendant pr\u00e8s de cinquante ans, il coulera des jours paisibles mais de dur labeur, toujours \u00e9crivant, toujours faisant des recherches, enfin revenu au pays, enfin re-respirant l\u2019air de son Ari\u00e8ge qui lui manquait tant \u00e0 Paris.<\/span><\/p>\n<p><span style=\"color: #333333;\">Adelin Moulis est mort le 4 mai 1996, soit quelques semaines avant d\u2019avoir cent ans, \u00e0 la maison de retraite Gaston F\u00e9bus, \u00e0 Maz\u00e8res. <\/span><\/p>\n<p><span style=\"color: #333333;\">Adelin Moulis est LE chantre de l\u2019Ari\u00e8ge. Nul, mieux que lui, n\u2019a su parler des enfants c\u00e9l\u00e8bres et des beaut\u00e9s de ce d\u00e9partement, de ses \u00e9glises, de ses ch\u00e2teaux, de ses monuments, des ses coutumes et traditions.<br \/>\n<\/span><\/p>\n<p><span style=\"color: #333333;\">Songez que cet homme a \u00e9crit :<br \/>\n\u00b7 une cinquantaine de livres sur l\u2019Ari\u00e8ge,<br \/>\n\u00b7 plus de cent contes en langue d\u2019oc,<br \/>\n\u00b7 pr\u00e8s de cent quarante po\u00e8mes,<br \/>\n\u00b7 une quarantaine de l\u00e9gendes, cr\u00e9\u00e9es ou ressuscit\u00e9es,<br \/>\n\u00b7 des centaines d\u2019articles de journaux,<br \/>\net toujours pour c\u00e9l\u00e9brer une personnalit\u00e9, un lieu ou une coutume de l\u2019Ari\u00e8ge. <\/span><\/p>\n<p><span style=\"color: #333333;\">Ses livres les plus connus figurent d\u00e9sormais parmi les grands classiques concernant l\u2019Ari\u00e8ge comme :<br \/>\n\u00b7 Vieux sanctuaires ari\u00e9geois,<br \/>\n\u00b7 L\u2019Ari\u00e8ge et ses ch\u00e2teaux f\u00e9odaux,<br \/>\n\u00b7 Monts\u00e9gur et le drame cathare,<br \/>\n\u00b7 Visages d\u2019Ari\u00e8ge,<br \/>\n\u00b7 Traditions et coutumes de mon terroir,<br \/>\n\u00b7 Dictionnaire Languedocien-Fran\u00e7ais<br \/>\n\u00b7 Dictionnaire Fran\u00e7ais-Languedocien<\/span><\/p>\n<p><span style=\"color: #333333;\">Enfin en 2001, son \u0153uvre majeure, \u00ab le Dictionnaire Biographique et G\u00e9n\u00e9alogique des Ari\u00e9geois \u00bb, a pu \u00eatre \u00e9dit\u00e9. C\u2019est un \u00ab monument \u00bb de pr\u00e8s de mille pages en deux volumes, qui comporte plus de 700 notices sur des personnalit\u00e9s et des familles ari\u00e9geoises.<\/span><\/p>\n<p><span style=\"color: #333333;\">Il reste encore quelques textes manuscrits qui verront probablement le jour dans les ann\u00e9es \u00e0 venir.<\/span><\/p>\n<p><span style=\"color: #333333;\"><br \/>\nMerci pour vos \u00e9crits ; que le temps les prot\u00e8ge<br \/>\nQu\u2019ils br\u00fblent comme feux dans le ciel de l\u2019Ari\u00e8ge !<br \/>\nMerci pour vos travaux, merci Monsieur Moulis<br \/>\nGr\u00e2ce \u00e0 vous on conna\u00eet l\u2019Ari\u00e8ge de jadis<br \/>\nEt le soir on entend, dans nos petits villages,<br \/>\nLa voix de nos a\u00efeux monter du fond des \u00e2ges.<\/span><\/p>\n<p><span style=\"color: #333333;\">Ces quelques louanges sous forme de vers sont de la plume de Monsieur Gilles Castroviejo.<\/span><\/p>\n<p><span style=\"color: #333333;\"><br \/>\nSimonne PONS MOULIS<br \/>\nF\u00e9vrier 2003<br \/>\n<\/span><\/p>\n","protected":false},"excerpt":{"rendered":"<p>Adelin Moulis (1896-1996) Adelin Moulis (1896-1996) Po\u00e8te, historien, folkloriste, grand d\u00e9fenseur de la langue d\u2019Oc, Adelin Moulis est n\u00e9 le\u00a020 juin 1896 au Hameau de Fauch\u00e9, commune de Fougax et Barrineuf (Ari\u00e8ge). De son enfance au milieu de la nature et des animaux, quasiment \u00e0 l\u2019ombre des ruines du Ch\u00e2teau de Monts\u00e9gur (3,6 kms \u00e0 [&hellip;]<\/p>\n","protected":false},"author":3,"featured_media":0,"parent":41,"menu_order":4,"comment_status":"closed","ping_status":"closed","template":"","meta":[],"_links":{"self":[{"href":"http:\/\/verniolle.fr\/wordpress\/wp-json\/wp\/v2\/pages\/144"}],"collection":[{"href":"http:\/\/verniolle.fr\/wordpress\/wp-json\/wp\/v2\/pages"}],"about":[{"href":"http:\/\/verniolle.fr\/wordpress\/wp-json\/wp\/v2\/types\/page"}],"author":[{"embeddable":true,"href":"http:\/\/verniolle.fr\/wordpress\/wp-json\/wp\/v2\/users\/3"}],"replies":[{"embeddable":true,"href":"http:\/\/verniolle.fr\/wordpress\/wp-json\/wp\/v2\/comments?post=144"}],"version-history":[{"count":5,"href":"http:\/\/verniolle.fr\/wordpress\/wp-json\/wp\/v2\/pages\/144\/revisions"}],"predecessor-version":[{"id":5419,"href":"http:\/\/verniolle.fr\/wordpress\/wp-json\/wp\/v2\/pages\/144\/revisions\/5419"}],"up":[{"embeddable":true,"href":"http:\/\/verniolle.fr\/wordpress\/wp-json\/wp\/v2\/pages\/41"}],"wp:attachment":[{"href":"http:\/\/verniolle.fr\/wordpress\/wp-json\/wp\/v2\/media?parent=144"}],"curies":[{"name":"wp","href":"https:\/\/api.w.org\/{rel}","templated":true}]}}