{"id":14,"date":"2011-11-11T19:47:05","date_gmt":"2011-11-11T17:47:05","guid":{"rendered":"http:\/\/verniolle.mairie.free.fr\/wordpress\/?page_id=14"},"modified":"2017-10-14T10:41:54","modified_gmt":"2017-10-14T08:41:54","slug":"bienvenue","status":"publish","type":"page","link":"http:\/\/verniolle.fr\/wordpress\/bienvenue\/","title":{"rendered":"Bienvenue"},"content":{"rendered":"<div>\n<p style=\"text-align: center;\"><strong>Annuaire Mairie<\/strong><br \/>\nTous les renseignements sur Verniolle<br \/>\n<a href=\"http:\/\/www.annuaire-mairie.fr\/ville-verniolle.html\" target=\"_blank\" rel=\"noopener\">http:\/\/www.annuaire-mairie.fr\/ville-verniolle.html<\/a><\/p>\n<p style=\"text-align: center;\">_______________________________<\/p>\n<p style=\"text-align: center;\"><strong>Guide de vos droits et d\u00e9marches administratives <\/strong><br \/>\nsur le Site d\u2019Information Publique (SIP) \u2013 Midi Pyr\u00e9n\u00e9es<br \/>\n<a href=\"http:\/\/mip.service-information-publique.fr\/verniolle\/guides.html\" target=\"_blank\" rel=\"noopener\">Particuliers<\/a> \u2013 <a href=\"http:\/\/mip.service-information-publique.fr\/verniolle\/guide-associations.html\" target=\"_blank&quot;\">Associations<\/a><\/p>\n<p style=\"text-align: center;\">________________________________<\/p>\n<p style=\"text-align: center;\"><a name=\"#top\"><\/a><a name=\"1\"><\/a><strong>La r\u00e9vision du PLU est engag\u00e9e<\/strong><br \/>\nUn registre est ouvert \u00e0 cet effet \u00e0 la mairie et peut \u00eatre consult\u00e9 et annot\u00e9 par la population.<br \/>\nLa d\u00e9lib\u00e9ration du conseil municipal du 03\/06\/2010 qui d\u00e9finit les objectifs et les modalit\u00e9s de la concertation avec la population est a consulter ci-dessous :<br \/>\n<a href=\"http:\/\/verniolle.fr\/wordpress\/bienvenue\/consulter-le-plu\/\">Voir la d\u00e9lib\u00e9ration PLU<\/a><\/p>\n<p style=\"text-align: center;\">________________________________<\/p>\n<\/div>\n<p style=\"text-align: center;\"><span style=\"font-size: medium;\"><strong> ACTIVITES ASSOCIATIVES<\/strong><\/span><\/p>\n<p style=\"text-align: center;\"><a href=\"http:\/\/verniolle.fr\/wordpress\/la-vie-du-village\/associations\/liste-des-associations\/\">voir la liste des associations<\/a><\/p>\n<p style=\"text-align: center;\"><span style=\"font-size: xx-small;\">________________________________________<\/span><\/p>\n<h3 style=\"text-align: center;\">Consulter les \u00a0<a href=\"http:\/\/verniolle.fr\/wordpress\/bienvenue\/infos-pratiques\/\">Infos pratiques<\/a><\/h3>\n<p>&nbsp;<\/p>\n","protected":false},"excerpt":{"rendered":"<p>Annuaire Mairie Tous les renseignements sur Verniolle http:\/\/www.annuaire-mairie.fr\/ville-verniolle.html _______________________________ Guide de vos droits et d\u00e9marches administratives sur le Site d\u2019Information Publique (SIP) \u2013 Midi Pyr\u00e9n\u00e9es Particuliers \u2013 Associations ________________________________ La r\u00e9vision du PLU est engag\u00e9e Un registre est ouvert \u00e0 cet effet \u00e0 la mairie et peut \u00eatre consult\u00e9 et annot\u00e9 par la population. La [&hellip;]<\/p>\n","protected":false},"author":3,"featured_media":0,"parent":0,"menu_order":0,"comment_status":"closed","ping_status":"closed","template":"","meta":[],"_links":{"self":[{"href":"http:\/\/verniolle.fr\/wordpress\/wp-json\/wp\/v2\/pages\/14"}],"collection":[{"href":"http:\/\/verniolle.fr\/wordpress\/wp-json\/wp\/v2\/pages"}],"about":[{"href":"http:\/\/verniolle.fr\/wordpress\/wp-json\/wp\/v2\/types\/page"}],"author":[{"embeddable":true,"href":"http:\/\/verniolle.fr\/wordpress\/wp-json\/wp\/v2\/users\/3"}],"replies":[{"embeddable":true,"href":"http:\/\/verniolle.fr\/wordpress\/wp-json\/wp\/v2\/comments?post=14"}],"version-history":[{"count":4,"href":"http:\/\/verniolle.fr\/wordpress\/wp-json\/wp\/v2\/pages\/14\/revisions"}],"predecessor-version":[{"id":3680,"href":"http:\/\/verniolle.fr\/wordpress\/wp-json\/wp\/v2\/pages\/14\/revisions\/3680"}],"wp:attachment":[{"href":"http:\/\/verniolle.fr\/wordpress\/wp-json\/wp\/v2\/media?parent=14"}],"curies":[{"name":"wp","href":"https:\/\/api.w.org\/{rel}","templated":true}]}}