{"id":108,"date":"2011-11-13T11:08:28","date_gmt":"2011-11-13T09:08:28","guid":{"rendered":"http:\/\/verniolle.mairie.free.fr\/wordpress\/?page_id=108"},"modified":"2024-01-29T17:18:11","modified_gmt":"2024-01-29T15:18:11","slug":"commissions-municipales","status":"publish","type":"page","link":"http:\/\/verniolle.fr\/wordpress\/la-municipalite\/commissions-municipales\/","title":{"rendered":"LES COMMISSIONS MUNICIPALES"},"content":{"rendered":"\n<div class=\"wp-block-image\"><figure class=\"aligncenter size-large is-resized\"><img decoding=\"async\" loading=\"lazy\" src=\"http:\/\/verniolle.fr\/wordpress\/wp-content\/uploads\/2020\/07\/Image14-2.png\" alt=\"\" class=\"wp-image-5125\" width=\"183\" height=\"207\" srcset=\"http:\/\/verniolle.fr\/wordpress\/wp-content\/uploads\/2020\/07\/Image14-2.png 789w, http:\/\/verniolle.fr\/wordpress\/wp-content\/uploads\/2020\/07\/Image14-2-264x300.png 264w, http:\/\/verniolle.fr\/wordpress\/wp-content\/uploads\/2020\/07\/Image14-2-768x871.png 768w\" sizes=\"(max-width: 183px) 100vw, 183px\" \/><\/figure><\/div>\n\n\n\n<h5>&nbsp;<\/h5>\n<h5 class=\"_04xlpA direction-ltr align-center para-style-body\" style=\"text-align: center;\"><span class=\"JsGRdQ\" style=\"color: #333333;\">Toutes pr\u00e9sid\u00e9es par le Maire.&nbsp;<\/span><\/h5>\n<h5 class=\"_04xlpA direction-ltr align-center para-style-body\" style=\"text-align: center;\"><span style=\"color: #333333;\"><span class=\"JsGRdQ\">Elles ne comportent que des conseillers \u00e9lus ; <\/span><span class=\"JsGRdQ\">les membres ext\u00e9rieurs <\/span><\/span><\/h5>\n<h5 class=\"_04xlpA direction-ltr align-center para-style-body\" style=\"text-align: center;\"><span style=\"color: #333333;\"><span class=\"JsGRdQ\">sont associ\u00e9s <\/span><span class=\"JsGRdQ\">au titre de comit\u00e9 consultatif ou de projet.<\/span><\/span><\/h5>\n<h5 class=\"_04xlpA direction-ltr align-center para-style-body\" style=\"text-align: center;\"><span style=\"color: #333333;\"><span class=\"JsGRdQ\">Elles examinent des questions soumises <\/span><span class=\"JsGRdQ\">au conseil soit par l\u2019administration,<\/span><\/span><\/h5>\n<h5 class=\"_04xlpA direction-ltr align-center para-style-body\" style=\"text-align: center;\"><span class=\"JsGRdQ\" style=\"color: #333333;\">soit \u00e0 l\u2019initiative d\u2019un de ses membres et cela dans les domaines <\/span><\/h5>\n<h5 class=\"_04xlpA direction-ltr align-center para-style-body\" style=\"text-align: center;\"><span class=\"JsGRdQ\" style=\"color: #333333;\">les plus divers : social, urbanisme, enseignement, habitat&#8230; <\/span><\/h5>\n<h5 class=\"_04xlpA direction-ltr align-center para-style-body\" style=\"text-align: center;\"><span class=\"JsGRdQ\" style=\"color: #333333;\">Elles n\u2019ont pas un r\u00f4le d\u00e9cisionnaire.<\/span><\/h5>\n<p>&nbsp;<\/p>\n\n\n\n<figure class=\"wp-block-image size-large is-resized\"><img decoding=\"async\" loading=\"lazy\" src=\"http:\/\/verniolle.fr\/wordpress\/wp-content\/uploads\/2020\/07\/comission-complete-1024x853.png\" alt=\"\" class=\"wp-image-5150\" width=\"684\" height=\"571\" srcset=\"http:\/\/verniolle.fr\/wordpress\/wp-content\/uploads\/2020\/07\/comission-complete-1024x853.png 1024w, http:\/\/verniolle.fr\/wordpress\/wp-content\/uploads\/2020\/07\/comission-complete-300x250.png 300w, http:\/\/verniolle.fr\/wordpress\/wp-content\/uploads\/2020\/07\/comission-complete-1536x1279.png 1536w\" sizes=\"(max-width: 684px) 100vw, 684px\" \/><\/figure>\n\n\n\n<figure class=\"wp-block-image size-large\"><img decoding=\"async\" loading=\"lazy\" width=\"1024\" height=\"950\" src=\"http:\/\/verniolle.fr\/wordpress\/wp-content\/uploads\/2020\/07\/commission-1-1024x950.png\" alt=\"\" class=\"wp-image-5133\" srcset=\"http:\/\/verniolle.fr\/wordpress\/wp-content\/uploads\/2020\/07\/commission-1-1024x950.png 1024w, http:\/\/verniolle.fr\/wordpress\/wp-content\/uploads\/2020\/07\/commission-1-300x278.png 300w, http:\/\/verniolle.fr\/wordpress\/wp-content\/uploads\/2020\/07\/commission-1-768x713.png 768w, http:\/\/verniolle.fr\/wordpress\/wp-content\/uploads\/2020\/07\/commission-1-1536x1425.png 1536w, http:\/\/verniolle.fr\/wordpress\/wp-content\/uploads\/2020\/07\/commission-1-2048x1901.png 2048w\" sizes=\"(max-width: 1024px) 100vw, 1024px\" \/><\/figure>\n\n\n\n<figure class=\"wp-block-image size-large\"><img decoding=\"async\" loading=\"lazy\" width=\"815\" height=\"1024\" src=\"http:\/\/verniolle.fr\/wordpress\/wp-content\/uploads\/2020\/07\/commission-2-1-815x1024.png\" alt=\"\" class=\"wp-image-5117\" srcset=\"http:\/\/verniolle.fr\/wordpress\/wp-content\/uploads\/2020\/07\/commission-2-1-815x1024.png 815w, http:\/\/verniolle.fr\/wordpress\/wp-content\/uploads\/2020\/07\/commission-2-1-239x300.png 239w, http:\/\/verniolle.fr\/wordpress\/wp-content\/uploads\/2020\/07\/commission-2-1-768x965.png 768w, http:\/\/verniolle.fr\/wordpress\/wp-content\/uploads\/2020\/07\/commission-2-1-1222x1536.png 1222w, http:\/\/verniolle.fr\/wordpress\/wp-content\/uploads\/2020\/07\/commission-2-1-1629x2048.png 1629w\" sizes=\"(max-width: 815px) 100vw, 815px\" \/><\/figure>\n\n\n\n<figure class=\"wp-block-image size-large\"><img decoding=\"async\" loading=\"lazy\" width=\"1024\" height=\"873\" src=\"http:\/\/verniolle.fr\/wordpress\/wp-content\/uploads\/2020\/07\/commission-3-1024x873.png\" alt=\"\" class=\"wp-image-5135\" srcset=\"http:\/\/verniolle.fr\/wordpress\/wp-content\/uploads\/2020\/07\/commission-3-1024x873.png 1024w, http:\/\/verniolle.fr\/wordpress\/wp-content\/uploads\/2020\/07\/commission-3-300x256.png 300w, http:\/\/verniolle.fr\/wordpress\/wp-content\/uploads\/2020\/07\/commission-3-768x655.png 768w, http:\/\/verniolle.fr\/wordpress\/wp-content\/uploads\/2020\/07\/commission-3-1536x1309.png 1536w, http:\/\/verniolle.fr\/wordpress\/wp-content\/uploads\/2020\/07\/commission-3-2048x1746.png 2048w\" sizes=\"(max-width: 1024px) 100vw, 1024px\" \/><\/figure>\n\n\n\n\n","protected":false},"excerpt":{"rendered":"<p>&nbsp; Toutes pr\u00e9sid\u00e9es par le Maire.&nbsp; Elles ne comportent que des conseillers \u00e9lus ; les membres ext\u00e9rieurs sont associ\u00e9s au titre de comit\u00e9 consultatif ou de projet. Elles examinent des questions soumises au conseil soit par l\u2019administration, soit \u00e0 l\u2019initiative d\u2019un de ses membres et cela dans les domaines les plus divers : social, urbanisme, [&hellip;]<\/p>\n","protected":false},"author":3,"featured_media":0,"parent":112,"menu_order":1,"comment_status":"closed","ping_status":"closed","template":"","meta":[],"_links":{"self":[{"href":"http:\/\/verniolle.fr\/wordpress\/wp-json\/wp\/v2\/pages\/108"}],"collection":[{"href":"http:\/\/verniolle.fr\/wordpress\/wp-json\/wp\/v2\/pages"}],"about":[{"href":"http:\/\/verniolle.fr\/wordpress\/wp-json\/wp\/v2\/types\/page"}],"author":[{"embeddable":true,"href":"http:\/\/verniolle.fr\/wordpress\/wp-json\/wp\/v2\/users\/3"}],"replies":[{"embeddable":true,"href":"http:\/\/verniolle.fr\/wordpress\/wp-json\/wp\/v2\/comments?post=108"}],"version-history":[{"count":18,"href":"http:\/\/verniolle.fr\/wordpress\/wp-json\/wp\/v2\/pages\/108\/revisions"}],"predecessor-version":[{"id":7340,"href":"http:\/\/verniolle.fr\/wordpress\/wp-json\/wp\/v2\/pages\/108\/revisions\/7340"}],"up":[{"embeddable":true,"href":"http:\/\/verniolle.fr\/wordpress\/wp-json\/wp\/v2\/pages\/112"}],"wp:attachment":[{"href":"http:\/\/verniolle.fr\/wordpress\/wp-json\/wp\/v2\/media?parent=108"}],"curies":[{"name":"wp","href":"https:\/\/api.w.org\/{rel}","templated":true}]}}